{"id":10,"date":"2024-03-09T18:42:54","date_gmt":"2024-03-09T17:42:54","guid":{"rendered":"https:\/\/www.mentiness.test\/inicio\/"},"modified":"2025-10-23T13:31:12","modified_gmt":"2025-10-23T11:31:12","slug":"home","status":"publish","type":"page","link":"https:\/\/www.mentiness.com\/es\/home\/","title":{"rendered":"Home"},"content":{"rendered":"\n    <div class=\"customers\">\n      <div class=\"customers-container\">\n        <div class=\"customer-logo\">\n          <img decoding=\"async\" skip-lazy=\"true\" src=\"https:\/\/www.mentiness.com\/wp-content\/themes\/mentiness\/dist\/img\/customers\/logo-warner.png\" alt=\"Warner\" \/>\n        <\/div>\n         <div class=\"customer-logo\">\n          <img decoding=\"async\" skip-lazy=\"true\" src=\"https:\/\/www.mentiness.com\/wp-content\/themes\/mentiness\/dist\/img\/customers\/logo-centum.png\" alt=\"Centum\" \/>\n        <\/div>\n        <div class=\"customer-logo\">\n          <img decoding=\"async\" skip-lazy=\"true\" src=\"https:\/\/www.mentiness.com\/wp-content\/themes\/mentiness\/dist\/img\/customers\/logo-diariomotor.png\" alt=\"Diariomotor\" \/>\n        <\/div>\n        <div class=\"customer-logo\">\n          <img decoding=\"async\" skip-lazy=\"true\" src=\"https:\/\/www.mentiness.com\/wp-content\/themes\/mentiness\/dist\/img\/customers\/logo-soluble.png\" alt=\"Soluble\" \/>\n        <\/div>\n        <div class=\"customer-logo\">\n          <img decoding=\"async\" skip-lazy=\"true\" src=\"https:\/\/www.mentiness.com\/wp-content\/themes\/mentiness\/dist\/img\/customers\/logo-once-new.png\" alt=\"Once\" \/>\n        <\/div>\n        <div class=\"customer-logo\">\n          <img decoding=\"async\" skip-lazy=\"true\" src=\"https:\/\/www.mentiness.com\/wp-content\/themes\/mentiness\/dist\/img\/customers\/logo-teimas.png\" alt=\"Teimas\" \/>\n        <\/div>\n        <div class=\"customer-logo\">\n          <img decoding=\"async\" skip-lazy=\"true\" src=\"https:\/\/www.mentiness.com\/wp-content\/themes\/mentiness\/dist\/img\/customers\/logo-nobu.png\" alt=\"Nobu Hotels\" \/>\n        <\/div>\n      <\/div>\n    <\/div>\n    \n\n<div class=\"simple-box\">\n      <div class=\"box-content\">\n        <h2>Mentiness combina People Analytics y Psicolog\u00eda en una plataforma intuitiva para empresas<\/h2>\n        <p>\n          Detecta problemas y act\u00faa con soluciones personalizadas de IA Humanizada, para transformar las organizaciones y mejorar los resultados del negocio.\n        <\/p>\n        <a href=\"\/es\/solicita-dosier\/\" class=\"button\">\n       \n          Quiero saber m\u00e1s\n        <\/a>\n      <\/div>\n    <\/div>\n\n<div class=\"mtn-spacer\"><\/div>\n\n   <div class=\"content-slider p-0 px-xxxl-0\">\n    <div class=\"header px-3 px-sm-4\">\n      <div class=\"title\">\n        \n      <\/div>\n      <div class=\"arrows\">\n        <div class=\"arrow-left\"><img decoding=\"async\" src=\"https:\/\/www.mentiness.com\/wp-content\/themes\/mentiness\/dist\/img\/arrow.svg\" \/><\/div>\n        <div class=\"arrow-right\"><img decoding=\"async\" src=\"https:\/\/www.mentiness.com\/wp-content\/themes\/mentiness\/dist\/img\/arrow.svg\" \/><\/div>\n      <\/div>\n    <\/div>\n    <div class=\"slide-width\">\n      <div class=\"slides\">\n               <!-- First slider -->\n       <div class=\"container\">\n         <div class=\"box\">\n           <div class=\"content\">\n             <div class=\"title\">PARA LA EMPRESA<\/div>\n             <div class=\"text\">Integra m\u00e9tricas humanas y financieras para anticiparte a la rotaci\u00f3n, medir el bienestar y tomar decisiones con impacto real. <\/div>\n           <\/div>\n           <div class=\"image\"><img decoding=\"async\" src=\"https:\/\/www.mentiness.com\/images\/2025\/03\/alertas-768x768.png\" skip-lazy=\"true\" \/><\/div>\n         <\/div>\n       <\/div>\n       <!-- \/First slider -->       <!-- First slider -->\n       <div class=\"container\">\n         <div class=\"box\">\n           <div class=\"content\">\n             <div class=\"title\">PARA LOS MANAGERS<\/div>\n             <div class=\"text\">Una suite de soluciones para que cada manager pueda mejorar su comunicaci\u00f3n, anticiparse a los retos de su equipo y crecer con acompa\u00f1amiento experto. <\/div>\n           <\/div>\n           <div class=\"image\"><img decoding=\"async\" src=\"https:\/\/www.mentiness.com\/images\/2025\/03\/avatar-768x768.png\" skip-lazy=\"true\" \/><\/div>\n         <\/div>\n       <\/div>\n       <!-- \/First slider -->       <!-- First slider -->\n       <div class=\"container\">\n         <div class=\"box\">\n           <div class=\"content\">\n             <div class=\"title\">PARA LOS EMPLEADOS<\/div>\n             <div class=\"text\">Desde autoevaluaciones hasta asistentes inteligentes: ayuda a cada persona a mejorar su salud mental, mientras RRHH accede a insights clave para actuar. <\/div>\n           <\/div>\n           <div class=\"image\"><img decoding=\"async\" src=\"https:\/\/www.mentiness.com\/images\/2025\/03\/psicologos-768x768.png\" skip-lazy=\"true\" \/><\/div>\n         <\/div>\n       <\/div>\n       <!-- \/First slider -->       <!-- First slider -->\n       <div class=\"container\">\n         <div class=\"box\">\n           <div class=\"content\">\n             <div class=\"title\">ALINEAR<\/div>\n             <div class=\"text\">Porque si las personas no est\u00e1n alineado con la visi\u00f3n, la empresa avanza en direcciones opuestas <\/div>\n           <\/div>\n           <div class=\"image\"><img decoding=\"async\" src=\"https:\/\/www.mentiness.com\/images\/2024\/04\/colton-duke-JJFoy0BpqLk-unsplash-768x1151.jpg\" skip-lazy=\"true\" \/><\/div>\n         <\/div>\n       <\/div>\n       <!-- \/First slider -->       <!-- First slider -->\n       <div class=\"container\">\n         <div class=\"box\">\n           <div class=\"content\">\n             <div class=\"title\">MOTIVAR<\/div>\n             <div class=\"text\">Porque un equipo no motivado, es un equipo menos productivo. La motivaci\u00f3n es la base para construir resultados a largo plazo <\/div>\n           <\/div>\n           <div class=\"image\"><img decoding=\"async\" src=\"https:\/\/www.mentiness.com\/images\/2024\/04\/pexels-julia-malushko-13193334-768x1152.jpg\" skip-lazy=\"true\" \/><\/div>\n         <\/div>\n       <\/div>\n       <!-- \/First slider -->       <!-- First slider -->\n       <div class=\"container\">\n         <div class=\"box\">\n           <div class=\"content\">\n             <div class=\"title\">SATISFACER<\/div>\n             <div class=\"text\">Porque la satisfacci\u00f3n es una de las bases de un buen engagement. Entender y cuidar la satisfacci\u00f3n es clave para evitar rotaciones y ausentismo <\/div>\n           <\/div>\n           <div class=\"image\"><img decoding=\"async\" src=\"https:\/\/www.mentiness.com\/images\/2024\/04\/90f088ee9577ea0d1c753e4bf38d4962-768x960.jpeg\" skip-lazy=\"true\" \/><\/div>\n         <\/div>\n       <\/div>\n       <!-- \/First slider -->\n      <\/div>\n    <\/div>\n  <\/div>\n\n<div class=\"mtn-spacer\"><\/div>\n\n<div class=\"process-slider p-3 p-sm-4 px-xxxl-0\">\n    <div class=\"container row no-negative-margin\">\n        <div class=\"image col-md-6 px-0\">\n            <div class=\"sticky\">\n                <img decoding=\"async\" src=\"https:\/\/www.mentiness.com\/images\/2024\/04\/a01a378d3317873a2609407e46c66f4c-768x512.jpg\" \/>\n            <\/div>\n        <\/div>\n        <div class=\"process col-md-6\">\n            \n            <div class=\"pretitle\">Nuestra forma de resolverlo<\/div>\n            \n            <div class=\"text\">\n                <div class=\"title\">Detectamos<\/div>\n                <div class=\"content\">Las verdaderas <strong>causas<\/strong> de desmotivaci\u00f3n, burnout o falta de compromiso.<br><br>Usamos herramientas de evaluaci\u00f3n psicol\u00f3gica de base <strong>cient\u00edfica<\/strong>.<\/div>\n              <\/div><div class=\"text\">\n                <div class=\"title\">Predecimos<\/div>\n                <div class=\"content\">Predecimos las <strong>rotaciones<\/strong>, <strong>bajas<\/strong> y <strong>ausentismo<\/strong>.<br>Conexi\u00f3n con tu software de RRHH.<\/div>\n              <\/div><div class=\"text\">\n                <div class=\"title\">Potenciamos<\/div>\n                <div class=\"content\">El <strong>liderazgo<\/strong>, el bienestar y las habilidades humanas a trav\u00e9s de profesionales y soluciones de IA-Humanizada.<\/div>\n              <\/div><div class=\"text\">\n                <div class=\"title\">Transformamos<\/div>\n                <div class=\"content\">Las organizaciones yendo a la ra\u00edz del problema, con palancas de acci\u00f3n personalizadas y alineando los KPI de negocio con los de RRHH.<\/div>\n              <\/div>\n            <div class=\"cta\">\n                <a href=\"\/es\/soluciones-empresa\/\">Nuestra soluci\u00f3n<\/a>\n            <\/div>\n        <\/div>\n    <\/div>\n<\/div>\n\n<div class=\"mtn-spacer\"><\/div>\n\n\n<h2 class=\"wp-block-heading\"><\/h2>\n\n\n<div class=\"sticky-slides p-3 p-sm-4 px-xxxl-0\">\n  <!-- First slide -->\n  <div class=\"measure-container\">\n    <div class=\"measure\">\n      <div class=\"sticky-content ms-0 me-0 row\">\n        <div class=\"sticky-image col-md-6 d-flex order-md-2\">\n          <img loading=\"lazy\" decoding=\"async\"\n            src=\"https:\/\/www.mentiness.com\/images\/2025\/03\/pic.png\"\n            width=\"776\"\n            height=\"441\"\n          \/>\n        <\/div>\n        <div class=\"ps-4 pt-sm-5 ps-sm-5 sticky-text col-md-6 order-md-1\">\n          <div class=\"sticky-pretitle\"><span>Diferenciadores<\/span><\/div>\n          <div class=\"sticky-title\">Vamos a la ra\u00edz del problema<\/div>\n          <div class=\"sticky-description\">\n            <p>Integramos People Analytics con un enfoque profundo en el impacto del bienestar en m\u00e9tricas clave como rotaci\u00f3n, absentismo y productividad. <\/p>\n          <\/div>\n          \n        <\/div>\n      <\/div>\n      <div class=\"sticky-footer\">\n        <span class=\"me-4\">01<\/span><span class=\"ms-3\">Vamos a la ra\u00edz del problema<\/span>\n      <\/div>\n    <\/div>\n  <\/div>\n  <!-- Second slide -->\n  <div class=\"train-container\">\n    <div class=\"train\">\n      <div class=\"sticky-content ms-0 me-0 row\">\n        <div class=\"sticky-image col-md-6 d-flex order-md-2\">\n          <img loading=\"lazy\" decoding=\"async\"\n            src=\"https:\/\/www.mentiness.com\/images\/2025\/03\/avatar-wide.png\"\n            width=\"776\"\n            height=\"441\"\n          \/>\n        <\/div>\n        <div class=\"ps-4 pt-sm-5 ps-sm-5 sticky-text col-md-6 order-md-1\">\n          <div class=\"sticky-pretitle\"><span>DIFERENCIADORES<\/span><\/div>\n          <div class=\"sticky-title\">Palancas de acci\u00f3n personalizadas<\/div>\n          <div class=\"sticky-description\">\n            <p>A cada persona, l\u00edder y empresa, de la mano de nuestros avatares y asistentes con Inteligencia Artificial Humanizada <\/p>\n          <\/div>\n          \n        <\/div>\n      <\/div>\n      <div class=\"sticky-footer\">\n        <span class=\"me-4\">02<\/span><span class=\"ms-3\">Palancas de acci\u00f3n personalizadas<\/span>\n      <\/div>\n    <\/div>\n  <\/div>\n\n  <!-- Third slide -->\n  <div class=\"change-container\">\n    <div class=\"change\">\n      <div class=\"sticky-content ms-0 me-0 row\">\n        <div class=\"sticky-image col-md-6 d-flex order-md-2\">\n          <img loading=\"lazy\" decoding=\"async\"\n            src=\"https:\/\/www.mentiness.com\/images\/2025\/02\/Captura-de-pantalla-2025-02-04-a-las-17.09.30.png\"\n            width=\"776\"\n            height=\"441\"\n          \/>\n        <\/div>\n        <div class=\"ps-4 pt-sm-5 ps-sm-5 sticky-text col-md-6 order-md-1\">\n          <div class=\"sticky-pretitle\"><span>DIFERENCIADORES<\/span><\/div>\n          <div class=\"sticky-title\">Alineamos a RRHH, Direcci\u00f3n y Finanzas<\/div>\n          <div class=\"sticky-description\">\n            <p>Con nuestro dashboard de impacto financiero para que podamos trabajar a trav\u00e9s de KPI compartidos, con los agentes clave de la empresa<\/p>\n          <\/div>\n          \n        <\/div>\n      <\/div>\n      <div class=\"sticky-footer\">\n        <span class=\"me-4\">03<\/span><span class=\"ms-3\">Alineamos a RRHH, Direcci\u00f3n y Finanzas<\/span>\n      <\/div>\n    <\/div>\n  <\/div>\n<\/div>\n\n<div class=\"customer-slider \">\n  <div class=\"customer-slider-container\">\n        <div class=\"header\">\n          <div class=\"title\"> Historias de clientes <\/div>\n          <div class=\"arrows\">\n            <div class=\"arrow-left\"><img decoding=\"async\" src=\"https:\/\/www.mentiness.com\/wp-content\/themes\/mentiness\/dist\/img\/arrow.svg\" \/><\/div>\n            <div class=\"arrow-right\"><img decoding=\"async\" src=\"https:\/\/www.mentiness.com\/wp-content\/themes\/mentiness\/dist\/img\/arrow.svg\" \/><\/div>\n          <\/div>\n        <\/div>\n        \n        <div class=\"slider-container\">\n          <div class=\"slides ms-3\">\n                    <div class=\"slide\">\n      <div class=\"content col-12 col-md-7\">\n        <div class=\"customer\">\n          <div class=\"logo\">\n            <img decoding=\"async\" src=\"https:\/\/www.mentiness.com\/images\/2024\/04\/logo-nobu.png\" height=\"75\" \/>\n          <\/div>\n          <div class=\"text\">\n            \u201cMentiness ha ayudado a entender bien los resultados y saber cu\u00e1les son los factores en los que debemos proponer un plan de acci\u00f3n.\u201d\n          <\/div>\n          <div class=\"customer-info\">\n            <div class=\"picture\">\n              <img decoding=\"async\" src=\"https:\/\/www.mentiness.com\/images\/2024\/04\/paula.jpg\" height=\"48\" \/>\n            <\/div>\n            <div class=\"who\">\n              <div class=\"name\">Paula Isart<\/div>\n              <div class=\"title\">HR Coordinator<\/div>\n            <\/div>\n          <\/div>\n        <\/div>\n        \n      <\/div>\n      <div class=\"data col-12 col-md-5\">\n         <div class=\"bigImagePreview pt-0 pt-sm-4 pt-md-0\">\n    <img decoding=\"async\" src=\"https:\/\/www.mentiness.com\/images\/2024\/04\/nobu-foto.jpg\" \/>\n  <\/div>\n      <\/div>\n    <\/div>    <div class=\"slide\">\n      <div class=\"content col-12 col-md-7\">\n        <div class=\"customer\">\n          <div class=\"logo\">\n            <img decoding=\"async\" src=\"https:\/\/www.mentiness.com\/images\/2024\/07\/logo-teimas.png\" height=\"75\" \/>\n          <\/div>\n          <div class=\"text\">\n            \u00abGracias a Mentiness detectamos que las personas est\u00e1n m\u00e1s estables. Tambi\u00e9n hemos reducido el n\u00famero de bajas relacionadas con el estado psicol\u00f3gico.\u00bb\n          <\/div>\n          <div class=\"customer-info\">\n            <div class=\"picture\">\n              <img decoding=\"async\" src=\"https:\/\/www.mentiness.com\/images\/2024\/07\/TAMARA-TEIMAS-FOTO.jpeg\" height=\"48\" \/>\n            <\/div>\n            <div class=\"who\">\n              <div class=\"name\">Tamara Cutr\u00edn<\/div>\n              <div class=\"title\">People &amp; Culture Manager<\/div>\n            <\/div>\n          <\/div>\n        <\/div>\n        \n      <\/div>\n      <div class=\"data col-12 col-md-5\">\n         <div class=\"bigImagePreview pt-0 pt-sm-4 pt-md-0\">\n    <img decoding=\"async\" src=\"https:\/\/www.mentiness.com\/images\/2024\/07\/TAMARA-TEIMAS-FOTO.jpeg\" \/>\n  <\/div>\n      <\/div>\n    <\/div>    <div class=\"slide\">\n      <div class=\"content col-12 col-md-7\">\n        <div class=\"customer\">\n          <div class=\"logo\">\n            <img decoding=\"async\" src=\"https:\/\/www.mentiness.com\/images\/2024\/05\/logo-centum.png\" height=\"75\" \/>\n          <\/div>\n          <div class=\"text\">\n            \u201cEl estudio de satisfacci\u00f3n y clima ha sido posible gracias a una herramienta muy potente e intuitiva.\u201d\n          <\/div>\n          <div class=\"customer-info\">\n            <div class=\"picture\">\n              <img decoding=\"async\" src=\"https:\/\/www.mentiness.com\/images\/2024\/05\/carmen_centum.jpg\" height=\"48\" \/>\n            <\/div>\n            <div class=\"who\">\n              <div class=\"name\">Carmen Prego Pastoriza<\/div>\n              <div class=\"title\">People Manager<\/div>\n            <\/div>\n          <\/div>\n        <\/div>\n        \n      <\/div>\n      <div class=\"data col-12 col-md-5\">\n         <div class=\"bigImagePreview pt-0 pt-sm-4 pt-md-0\">\n    <img decoding=\"async\" src=\"https:\/\/www.mentiness.com\/images\/2024\/05\/centum_team-scaled.jpg\" \/>\n  <\/div>\n      <\/div>\n    <\/div>\n             <div class=\"slide-last\"><\/div>\n          <\/div>\n    \n        <\/div>\n  <\/div>   \n<\/div>\n\n<div class=\"cta-block \">\n        <div class=\"img\">\n          <img decoding=\"async\" src=\"https:\/\/www.mentiness.com\/images\/2024\/04\/b91b02eeff3cfe7f523638ce6d67d9e3-225x300.jpg\" \/>\n        <\/div>\n         <div class=\"img\">\n          <img decoding=\"async\" src=\"https:\/\/www.mentiness.com\/images\/2024\/04\/c112ff8ac0c1f8edc54296d733829b90-300x200.jpg\" \/>\n        <\/div>\n         <div class=\"img\">\n          <img decoding=\"async\" src=\"https:\/\/www.mentiness.com\/images\/2024\/04\/7700bcd2bfb64c2a8aec4e2f6e86b4fa-200x300.jpeg\" \/>\n        <\/div>\n        <div class=\"img\">\n          <img decoding=\"async\" src=\"https:\/\/www.mentiness.com\/images\/2024\/04\/288290e0a4ecbd2f62d0fda4b82accc7-200x300.jpg\" \/>\n        <\/div>\n        \n        <div class=\"content\">\n          <div class=\"text\">\n            La plataforma para RRHH que querr\u00e1 comprar tu CFO\n          <\/div>\n          <div class=\"link\">\n            <a href=\"\/es\/solicita-demo\/\">Solicita una demo<\/a>\n          <\/div>\n        <\/div>\n      <\/div>\n\n<div class=\"mtn-spacer\"><\/div>\n\n\n<p><\/p>\n","protected":false},"excerpt":{"rendered":"","protected":false},"author":1,"featured_media":0,"parent":0,"menu_order":0,"comment_status":"closed","ping_status":"closed","template":"","meta":{"footnotes":""},"class_list":["post-10","page","type-page","status-publish","hentry"],"aioseo_notices":[],"_links":{"self":[{"href":"https:\/\/www.mentiness.com\/es\/wp-json\/wp\/v2\/pages\/10","targetHints":{"allow":["GET"]}}],"collection":[{"href":"https:\/\/www.mentiness.com\/es\/wp-json\/wp\/v2\/pages"}],"about":[{"href":"https:\/\/www.mentiness.com\/es\/wp-json\/wp\/v2\/types\/page"}],"author":[{"embeddable":true,"href":"https:\/\/www.mentiness.com\/es\/wp-json\/wp\/v2\/users\/1"}],"replies":[{"embeddable":true,"href":"https:\/\/www.mentiness.com\/es\/wp-json\/wp\/v2\/comments?post=10"}],"version-history":[{"count":91,"href":"https:\/\/www.mentiness.com\/es\/wp-json\/wp\/v2\/pages\/10\/revisions"}],"predecessor-version":[{"id":6305,"href":"https:\/\/www.mentiness.com\/es\/wp-json\/wp\/v2\/pages\/10\/revisions\/6305"}],"wp:attachment":[{"href":"https:\/\/www.mentiness.com\/es\/wp-json\/wp\/v2\/media?parent=10"}],"curies":[{"name":"wp","href":"https:\/\/api.w.org\/{rel}","templated":true}]}}