{"id":188,"date":"2024-04-08T22:49:49","date_gmt":"2024-04-08T20:49:49","guid":{"rendered":"https:\/\/www.mentiness.com\/producto\/"},"modified":"2025-03-04T11:10:31","modified_gmt":"2025-03-04T10:10:31","slug":"producto","status":"publish","type":"page","link":"https:\/\/www.mentiness.com\/es\/producto\/","title":{"rendered":"Producto"},"content":{"rendered":"<div id=\"hero-side\" class=\"hero-side \">\n    <div class=\"hero-images\">\n      <img decoding=\"async\" src=\"https:\/\/www.mentiness.com\/images\/2024\/04\/9f8fb0245cc7625e0bc6f4bf827cd435-300x225.jpeg\" \/>\n      <img decoding=\"async\" src=\"https:\/\/www.mentiness.com\/images\/2024\/04\/7ae0fbec11ee657935a453c5a36f2534-300x200.jpeg\" \/>\n      <img decoding=\"async\" src=\"https:\/\/www.mentiness.com\/images\/2024\/04\/hero-2-300x200.jpg\" \/>\n      <img decoding=\"async\" src=\"https:\/\/www.mentiness.com\/images\/2024\/04\/c112ff8ac0c1f8edc54296d733829b90-300x200.jpg\" \/>\n      <img decoding=\"async\" src=\"https:\/\/www.mentiness.com\/images\/2023\/01\/pexels-anna-tarazevich-4985340-scaled-1-300x200.jpeg\" \/>\n    <\/div>\n    <div class=\"hero-content\">\n      <h1 id=\"textoAnimado\" class=\"texto\">El SaaS de salud mental integral<\/h1>\n      <p>\n        La primera plataforma que automatiza los procesos de gesti\u00f3n del bienestar en tu organizaci\u00f3n, optimizando tiempo y recursos\n      <\/p>\n      <a class=\"button\" href=\"\/es\/solicita-demo\/\">Solicita una demo<\/a>\n    <\/div>\n<\/div>\n\n<div class=\"mtn-spacer\"><\/div>\n\n<div class=\"empty-row  px-xxxl-0\">\n<p class=\"p-3 p-sm-4\">People Analytics y servicios de calidad<\/p>\n<\/div>\n\n\n<div class=\"wp-block-columns p-3 p-sm-4 px-xxxl-0 is-layout-flex wp-container-core-columns-is-layout-9d6595d7 wp-block-columns-is-layout-flex\">\n<div class=\"wp-block-column is-layout-flow wp-block-column-is-layout-flow\">   <div class=\"content-icon-block mt-2 \">\n      <div class=\"icon\"><span class=\"white-label img\"><img decoding=\"async\" src=\"https:\/\/www.mentiness.com\/images\/2024\/04\/icon-token-2.png\" \/><\/span><\/div>\n     <div class=\"side-content\">\n         <div class=\"title\">Descubre las causas<\/div>\n         <div class=\"text\">Para una mejora sostenible no basta con tratar los s\u00edntomas. Descubre qu\u00e9 causa los problemas de salud mental, cultura y clima.<\/div>\n     <\/div>\n <\/div>\n\n   <div class=\"content-icon-block mt-2 \">\n      <div class=\"icon\"><span class=\"white-label img\"><img decoding=\"async\" src=\"https:\/\/www.mentiness.com\/images\/2024\/04\/icon-clock.png\" \/><\/span><\/div>\n     <div class=\"side-content\">\n         <div class=\"title\">Ahorra tiempo<\/div>\n         <div class=\"text\">La plataforma se integra con otros software de Recursos Humanos y podr\u00e1s medir el bienestar de tu organizaci\u00f3n en minutos.<\/div>\n     <\/div>\n <\/div>\n\n   <div class=\"content-icon-block mt-2 \">\n      <div class=\"icon\"><span class=\"white-label img\"><img decoding=\"async\" src=\"https:\/\/www.mentiness.com\/images\/2024\/04\/icon-diana.png\" \/><\/span><\/div>\n     <div class=\"side-content\">\n         <div class=\"title\">Evita soluciones gen\u00e9ricas<\/div>\n         <div class=\"text\">Personalizar las preguntas al equipo seg\u00fan el contexto y sus necesidades te permitir\u00e1 obtener las palancas de acci\u00f3n adecuadas.<\/div>\n     <\/div>\n <\/div><\/div>\n\n\n\n<div class=\"wp-block-column is-layout-flow wp-block-column-is-layout-flow\">   <div class=\"content-icon-block mt-2 \">\n      <div class=\"icon\"><span class=\"white-label img\"><img decoding=\"async\" src=\"https:\/\/www.mentiness.com\/images\/2024\/04\/icon-heart.png\" \/><\/span><\/div>\n     <div class=\"side-content\">\n         <div class=\"title\">Mejora la inteligencia emocional<\/div>\n         <div class=\"text\">Formaci\u00f3n seg\u00fan objetivos, sesiones de liderazgo e informes automatizados con Inteligencia Artificial para impulsar el desarrollo personal.<\/div>\n     <\/div>\n <\/div>\n\n   <div class=\"content-icon-block mt-2 \">\n      <div class=\"icon\"><span class=\"white-label img\"><img decoding=\"async\" src=\"https:\/\/www.mentiness.com\/images\/2024\/04\/icon-rain.png\" \/><\/span><\/div>\n     <div class=\"side-content\">\n         <div class=\"title\">Anticipa dificultades<\/div>\n         <div class=\"text\">Predice m\u00e1s de 88 \u00e1reas del bienestar individual y de la organizaci\u00f3n con las encuestas, anticip\u00e1ndote a rotaciones o bajas.<\/div>\n     <\/div>\n <\/div>\n\n   <div class=\"content-icon-block mt-2 \">\n      <div class=\"icon\"><span class=\"white-label img\"><img decoding=\"async\" src=\"https:\/\/www.mentiness.com\/images\/2024\/04\/icon-trend.png\" \/><\/span><\/div>\n     <div class=\"side-content\">\n         <div class=\"title\">Monitoriza el impacto<\/div>\n         <div class=\"text\">Obt\u00e9n resultados visibles y medibles de las acciones de Recursos Humanos y respalda su ROI con datos objetivos en tiempo real.<\/div>\n     <\/div>\n <\/div><\/div>\n<\/div>\n\n\n<div class=\"mtn-spacer\"><\/div>\n\n<div class=\"two-columns  p-3 p-sm-4 px-xxxl-0\">\n  <div class=\"row no-negative-margin\">\n    <div class=\"p-0 text-rounded col-12 col-md-6 order-1\">\n      <div class=\"container p-3 \">\n              \n              <div class=\"content-title pt-4\">Encuestas de seguimiento<\/div>\n              <div class=\"content-text my-5\">Elige los indicadores que deseas evaluar en cada equipo y recibir\u00e1n por email una bater\u00eda de preguntas a medida. Con sus respuestas conocer\u00e1s el estado de la organizaci\u00f3n en tiempo real.<\/div>\n              \n      <\/div>\n        <\/div>\n    <div class=\"p-0 image-rounded col-12 col-md-6 order-2 \">\n    <div class=\"container p-3 \">\n        <div class=\"\"><img decoding=\"async\" src=\"https:\/\/www.mentiness.com\/images\/2024\/04\/prod_1.png\"><\/div>\n     <\/div>\n    <\/div>\n  <\/div>    \n<\/div>\n\n<div class=\"empty-row  px-xxxl-0\">\n<p class=\"px-3 px-sm-4 mt-5 mb-0 pb-1\">Psicometr\u00edas<\/p>\n<\/div>\n\n\n<div class=\"wp-block-columns p-3 p-sm-4 px-xxxl-0 is-layout-flex wp-container-core-columns-is-layout-9d6595d7 wp-block-columns-is-layout-flex\">\n<div class=\"wp-block-column is-layout-flow wp-block-column-is-layout-flow\">   <div class=\"content-text-block mt-2 \">\n      <div class=\"\"><span class=\"white-label img\"><img decoding=\"async\" src=\"https:\/\/www.mentiness.com\/images\/2024\/04\/edit.png\" \/><\/span><\/div>\n     <div class=\"title\">Personalizables<\/div>\n     <div class=\"text\">Organiza tu estrategia en base a datos con mediciones ligadas a KPIs de negocio, seg\u00fan los objetivos marcados.<\/div>\n <\/div><\/div>\n\n\n\n<div class=\"wp-block-column is-layout-flow wp-block-column-is-layout-flow\">   <div class=\"content-text-block mt-2 \">\n      <div class=\"\"><span class=\"white-label img\"><img decoding=\"async\" src=\"https:\/\/www.mentiness.com\/images\/2024\/04\/icon-trend.png\" \/><\/span><\/div>\n     <div class=\"title\">Respaldo cient\u00edfico<\/div>\n     <div class=\"text\">Las preguntas han sido dise\u00f1adas por psic\u00f3logos para obtener respuestas que aporten informaci\u00f3n valiosa.<\/div>\n <\/div><\/div>\n\n\n\n<div class=\"wp-block-column is-layout-flow wp-block-column-is-layout-flow\">   <div class=\"content-text-block mt-2 \">\n      <div class=\"\"><span class=\"white-label img\"><img decoding=\"async\" src=\"https:\/\/www.mentiness.com\/images\/2024\/04\/smile.png\" \/><\/span><\/div>\n     <div class=\"title\">An\u00f3nimas y r\u00e1pidas<\/div>\n     <div class=\"text\">El equipo recibir\u00e1 por email la micro encuesta de seguimiento. El anonimato se mantiene en todo momento.<\/div>\n <\/div><\/div>\n<\/div>\n\n\n<div class=\"mtn-spacer\"><\/div>\n\n<div class=\"two-columns grayBackground p-3 p-sm-4 px-xxxl-0\">\n  <div class=\"row no-negative-margin\">\n    <div class=\"p-0 text col-12 col-md-6 order-2\">\n      <div class=\"container p-3 \">\n              \n              <div class=\"content-title pt-4\">M\u00e9tricas segmentadas a tu medida<\/div>\n              <div class=\"content-text my-5\">Conoce las necesidades de cada equipo y ofr\u00e9celes soluciones espec\u00edficas respaldadas por datos, reduciendo su impacto econ\u00f3mico.<br><br><strong>People Analytics<\/strong><br>Obt\u00e9n informaci\u00f3n crucial para tomar las decisiones estrat\u00e9gicas que impulsen el desarrollo de tu organizaci\u00f3n y monitoriza el retorno de cada acci\u00f3n.<br><br><strong>Enfoque cuantitativo y cualitativo<\/strong><br>Recibe datos an\u00f3nimos segmentados con informes cuantitativos y cualitativos. Descubre los problemas latentes y act\u00faa antes de que supongan un coste.<\/div>\n              \n      <\/div>\n        <\/div>\n    <div class=\"p-0 image col-12 col-md-6 order-1 \">\n    <div class=\"container p-3 \">\n        <div class=\"\"><img decoding=\"async\" src=\"https:\/\/www.mentiness.com\/images\/2024\/04\/prod_4_scores.png\"><\/div>\n     <\/div>\n    <\/div>\n  <\/div>    \n<\/div>\n\n<div class=\"mtn-spacer\"><\/div>\n\n<div class=\"two-columns  p-3 p-sm-4 px-xxxl-0\">\n  <div class=\"row no-negative-margin\">\n    <div class=\"p-0 text-rounded col-12 col-md-6 order-1\">\n      <div class=\"container p-3 \">\n              \n              <div class=\"content-title pt-4\">Asistencia profesional<\/div>\n              <div class=\"content-text my-5\">Elimina las barreras de acceso a los cuidados de salud mental con sesiones individuales online adaptadas a las necesidades de cada usuario y dirigidas por profesionales de la salud mental.<\/div>\n              \n      <\/div>\n        <\/div>\n    <div class=\"p-0 image-rounded col-12 col-md-6 order-2 \">\n    <div class=\"container p-3 \">\n        <div class=\"\"><img decoding=\"async\" src=\"https:\/\/www.mentiness.com\/images\/2024\/05\/prod_3_assistant.png\"><\/div>\n     <\/div>\n    <\/div>\n  <\/div>    \n<\/div>\n\n<div class=\"empty-row  px-xxxl-0\">\n<p class=\"px-3 px-sm-4 mt-5 mb-0 pb-1\">Acompa\u00f1amos el cambio<\/p>\n<\/div>\n\n\n<div class=\"wp-block-columns p-3 p-sm-4 px-xxxl-0 is-layout-flex wp-container-core-columns-is-layout-9d6595d7 wp-block-columns-is-layout-flex\">\n<div class=\"wp-block-column is-layout-flow wp-block-column-is-layout-flow\">   <div class=\"content-text-block mt-2 \">\n      <div class=\"\"><span class=\"white-label img\"><img decoding=\"async\" src=\"https:\/\/www.mentiness.com\/images\/2024\/04\/question.png\" \/><\/span><\/div>\n     <div class=\"title\">Resolvemos tus dudas<\/div>\n     <div class=\"text\">Tendremos reuniones de seguimiento cada mes y contar\u00e1s con soporte a tu disposici\u00f3n v\u00eda chat o email.<\/div>\n <\/div><\/div>\n\n\n\n<div class=\"wp-block-column is-layout-flow wp-block-column-is-layout-flow\">   <div class=\"content-text-block mt-2 \">\n      <div class=\"\"><span class=\"white-label img\"><img decoding=\"async\" src=\"https:\/\/www.mentiness.com\/images\/2024\/04\/coffee.png\" \/><\/span><\/div>\n     <div class=\"title\">Atenci\u00f3n psicol\u00f3gica profesional<\/div>\n     <div class=\"text\">Acceso a un directorio de psic\u00f3logos cl\u00ednicos con distintas especialidades (burnout, coaching para managers\u2026).<\/div>\n <\/div><\/div>\n\n\n\n<div class=\"wp-block-column is-layout-flow wp-block-column-is-layout-flow\">   <div class=\"content-text-block mt-2 \">\n      <div class=\"\"><span class=\"white-label img\"><img decoding=\"async\" src=\"https:\/\/www.mentiness.com\/images\/2024\/04\/chat.png\" \/><\/span><\/div>\n     <div class=\"title\">Chat IA<\/div>\n     <div class=\"text\">Nuestro chatbot con ChatGPT4 ofrece feedback sobre las puntuaciones obtenidas por el usuario.<\/div>\n <\/div><\/div>\n<\/div>\n\n\n<div class=\"mtn-spacer\"><\/div>\n\n<div class=\"empty-row  px-xxxl-0\">\n<p class=\"p-3 p-sm-4\">We are with you as you change<\/p>\n<\/div>\n\n<div class=\"two-columns grayBackground p-3 p-sm-4 px-xxxl-0\">\n  <div class=\"row no-negative-margin\">\n    <div class=\"p-0 text col-12 col-md-6 order-2\">\n      <div class=\"container p-3 \">\n              \n              <div class=\"content-title pt-4\">A medida, grupal o individual<\/div>\n              <div class=\"content-text my-5\">Pon a disposici\u00f3n del equipo sesiones online sobre soft skills o desarrollo personal o accede a talleres grupales para managers, departamentos, &#8230;<br><br><strong>Objetivos<\/strong><br>Uso de datos para comprender y tomar decisiones basadas en la evidencia sobre el talento humano.<br><br><strong>Cursos y material<\/strong><br>Para extraer informaci\u00f3n de valor sobre los empleados y el entorno laboral.<\/div>\n              \n      <\/div>\n        <\/div>\n    <div class=\"p-0 image col-12 col-md-6 order-1 \">\n    <div class=\"container p-3 \">\n        <div class=\"\"><img decoding=\"async\" src=\"https:\/\/www.mentiness.com\/images\/2024\/04\/prod_ob.png\"><\/div>\n     <\/div>\n    <\/div>\n  <\/div>    \n<\/div>\n\n<div class=\"mtn-spacer\"><\/div>\n\n<div class=\"two-columns   px-xxxl-0\">\n  <div class=\"row no-negative-margin\">\n    <div class=\"p-0 text col-12 col-md-6 order-1\">\n      <div class=\"container p-3 d-flex flex-column justify-content-center\">\n              \n              <div class=\"content-title pt-4\">Dise\u00f1ada para mejorar la salud mental<\/div>\n              <div class=\"content-text my-5\">Comienza ya a automatizar los procesos de salud mental y bienestar en tu organizaci\u00f3n tras una sencilla implementaci\u00f3n en menos de 48 horas.<\/div>\n              \n      <\/div>\n        <\/div>\n    <div class=\"p-0 image col-12 col-md-6 order-2 \">\n    <div class=\"container p-3 rounded mx-0 px-0 me-md-0 pe-md-0\">\n        <div class=\"\"><img decoding=\"async\" src=\"https:\/\/www.mentiness.com\/images\/2024\/04\/prod_es-scaled.jpg\"><\/div>\n     <\/div>\n    <\/div>\n  <\/div>    \n<\/div>\n\n<div class=\"cta-block \">\n        <div class=\"img\">\n          <img decoding=\"async\" src=\"https:\/\/www.mentiness.com\/images\/2024\/04\/b91b02eeff3cfe7f523638ce6d67d9e3-225x300.jpg\" \/>\n        <\/div>\n         <div class=\"img\">\n          <img decoding=\"async\" src=\"https:\/\/www.mentiness.com\/images\/2024\/04\/c112ff8ac0c1f8edc54296d733829b90-300x200.jpg\" \/>\n        <\/div>\n         <div class=\"img\">\n          <img decoding=\"async\" src=\"https:\/\/www.mentiness.com\/images\/2024\/04\/7700bcd2bfb64c2a8aec4e2f6e86b4fa-200x300.jpeg\" \/>\n        <\/div>\n        <div class=\"img\">\n          <img decoding=\"async\" src=\"https:\/\/www.mentiness.com\/images\/2024\/04\/288290e0a4ecbd2f62d0fda4b82accc7-200x300.jpg\" \/>\n        <\/div>\n        \n        <div class=\"content\">\n          <div class=\"text\">\n            Todo lo que necesitas para el bienestar de tu organizaci\u00f3n, con un click.\n          <\/div>\n          <div class=\"link\">\n            <a href=\"\/es\/solicita-demo\/\">Solicita una demo<\/a>\n          <\/div>\n        <\/div>\n      <\/div>\n\n<div class=\"mtn-spacer\"><\/div>","protected":false},"excerpt":{"rendered":"","protected":false},"author":1,"featured_media":0,"parent":0,"menu_order":0,"comment_status":"closed","ping_status":"closed","template":"","meta":{"footnotes":""},"class_list":["post-188","page","type-page","status-publish","hentry"],"aioseo_notices":[],"_links":{"self":[{"href":"https:\/\/www.mentiness.com\/es\/wp-json\/wp\/v2\/pages\/188","targetHints":{"allow":["GET"]}}],"collection":[{"href":"https:\/\/www.mentiness.com\/es\/wp-json\/wp\/v2\/pages"}],"about":[{"href":"https:\/\/www.mentiness.com\/es\/wp-json\/wp\/v2\/types\/page"}],"author":[{"embeddable":true,"href":"https:\/\/www.mentiness.com\/es\/wp-json\/wp\/v2\/users\/1"}],"replies":[{"embeddable":true,"href":"https:\/\/www.mentiness.com\/es\/wp-json\/wp\/v2\/comments?post=188"}],"version-history":[{"count":34,"href":"https:\/\/www.mentiness.com\/es\/wp-json\/wp\/v2\/pages\/188\/revisions"}],"predecessor-version":[{"id":5618,"href":"https:\/\/www.mentiness.com\/es\/wp-json\/wp\/v2\/pages\/188\/revisions\/5618"}],"wp:attachment":[{"href":"https:\/\/www.mentiness.com\/es\/wp-json\/wp\/v2\/media?parent=188"}],"curies":[{"name":"wp","href":"https:\/\/api.w.org\/{rel}","templated":true}]}}