{"id":192,"date":"2024-04-08T22:49:49","date_gmt":"2024-04-08T20:49:49","guid":{"rendered":"https:\/\/www.mentiness.com\/sobre-nosotros\/"},"modified":"2026-03-02T18:24:44","modified_gmt":"2026-03-02T17:24:44","slug":"sobre-nosotros","status":"publish","type":"page","link":"https:\/\/www.mentiness.com\/es\/sobre-nosotros\/","title":{"rendered":"Sobre nosotros"},"content":{"rendered":"<div id=\"hero-side\" class=\"hero-side \">\n    <div class=\"hero-images\">\n      <img decoding=\"async\" src=\"https:\/\/www.mentiness.com\/images\/2024\/04\/ba2f15fa7fee6da862fd343c095e75ea-300x200.jpeg\" \/>\n      <img decoding=\"async\" src=\"https:\/\/www.mentiness.com\/images\/2024\/04\/hero-6-225x300.jpg\" \/>\n      <img decoding=\"async\" src=\"https:\/\/www.mentiness.com\/images\/2024\/04\/a5a4b702616f77aef930c79fb9c442c2-196x300.jpeg\" \/>\n      <img decoding=\"async\" src=\"https:\/\/www.mentiness.com\/images\/2024\/04\/2c611fbc7939b0dab5d1711b2c9b5c2a-200x300.jpeg\" \/>\n      <img decoding=\"async\" src=\"https:\/\/www.mentiness.com\/images\/2024\/04\/a6a98e1ad5a197596430826e03608a64-225x300.jpeg\" \/>\n    <\/div>\n    <div class=\"hero-content\">\n      <h1 id=\"textoAnimado\" class=\"texto\">Humanizamos las organizaciones desde dentro<\/h1>\n      <p>\n        Mentiness nace para cerrar la brecha entre bienestar y negocio, entre datos y personas. Nuestra misi\u00f3n: crear culturas m\u00e1s sanas, l\u00edderes m\u00e1s humanos y decisiones basadas en evidencia.\n      <\/p>\n      <a class=\"button\" href=\"\/es\/solicita-demo\/\">Solicita un demo<\/a>\n    <\/div>\n<\/div>\n\n<div class=\"mtn-spacer\"><\/div>\n\n<!-- Content image -->\n<div class=\"content-image p-3 p-sm-4\">\n  <div class=\"content-container row no-negative-margin p-0 px-xxxl-0 mx-0\">\n    <div class=\"images col-12 col-md-6 mt-4 mt-md-0 order-lg-1 order-md-1 order-sm-2 order-2 px-0 pe-md-3 \">\n      <div class=\"imageBackground d-none d-md-block\" style=\"background-image: url('https:\/\/www.mentiness.com\/images\/2024\/04\/8639160d7557d5e24275516e7f09b514.png');\"><\/div>\n       <img decoding=\"async\" class=\"d-inline d-md-none\" src=\"https:\/\/www.mentiness.com\/images\/2024\/04\/8639160d7557d5e24275516e7f09b514.png\">\n    <\/div>\n    <div class=\"content-text col-12 col-md-6 p-0  order-lg-2 order-md-2 order-sm-1 order-1 \">\n      <div class=\"content-pretitle p-0\">\n        <span class=\"white-label\">01<\/span>\n        <span class=\"white-label\">nuestro prop\u00f3sito<\/span>\n      <\/div>\n       <div class=\"content-title pt-4 p-0 mb-5\">Visibilizar la salud mental como un factor estrat\u00e9gico en la empresa<\/div>\n       \n       \n<p><\/p>\n   <div class=\"content-text-block mt-2 \">\n     \n     <div class=\"title\">Tecnolog\u00eda \u00e9tica<\/div>\n     <div class=\"text\">Consideramos que trabajamos en un \u00e1mbito delicado, muy delicado, en el que las personas son el eje. Del mismo modo, sabemos que hay cosas genuinamente humanas que no pueden, o no deben, ser sustituidas por ninguna otra cosa que no sea una persona para asegurar, no solo los mejores resultados, sino tambi\u00e9n el mejor acompa\u00f1amiento y la mejor soluci\u00f3n. En definitiva, entendemos la tecnolog\u00eda como un apoyo pero jam\u00e1s como sustituto del factor humano y por eso todos nuestros desarrollos est\u00e1n dise\u00f1ados y supervisados por expertos en psicolog\u00eda.<\/div>\n <\/div>   <div class=\"content-text-block mt-2 \">\n     \n     <div class=\"title\">Profesionalidad reconocida<\/div>\n     <div class=\"text\">En Mentiness, por suerte, no se cumple el dicho de \u201cen casa del herrero cuchara de palo\u201d y es que uno de nuestros pilares de marca son los propios profesionales. Cuidamos los perfiles de todos y cada uno de nuestros profesionales, escogiendo a los mejores con mimo, conocimiento y seguridad. Del mismo modo cuidamos sus condiciones laborales y su bienestar para asegurar tambi\u00e9n la salud mental de nuestros propios colaboradores.<\/div>\n <\/div>   <div class=\"content-text-block mt-2 \">\n     \n     <div class=\"title\">Prevenci\u00f3n sin estigmatizaci\u00f3n<\/div>\n     <div class=\"text\">La psicolog\u00eda no es la caja de Pandora. La psicolog\u00eda es una disciplina cient\u00edfica que, como cualquier otra, puede\u00a0 ofrecernos las herramientas y las claves para procurar un futuro mejor.<br><br>Por eso, trabajamos para implementar las herramientas psicol\u00f3gicas en los \u00e1mbitos cotidianos de las personas y as\u00ed ayudarlas, tanto a ellas como a las empresas, potenciando el capital humano.<\/div>\n <\/div>\n    <\/div>\n  <\/div>\n<\/div>\n<!-- \/Content image -->\n\n<div class=\"mtn-spacer\"><\/div>\n\n<div class=\"pre-content p-3 p-sm-4\">\n  <div class=\"content-pretitle mb-3\">\n    <span class=\"white-label\">02<\/span>\n    <span class=\"white-label\">EQUIPO<\/span>\n  <\/div>\n  <div class=\"row no-negative-margin\">\n    <div class=\"col-12 col-md-6 px-0 mb-3 mb-md-0 title pe-md-5\">Un equipo de profesionales de la tecnolog\u00eda, la psicolog\u00eda y la empresa<\/div>\n    <div class=\"col-12 col-md-6 px-0 text\" ><p> <\/p><\/div>\n  <\/div>\n<\/div>\n\n\n<div class=\"wp-block-group pre-content regular-titles p-3 p-sm-4 is-layout-grid wp-container-core-group-is-layout-20fa4e29 wp-block-group-is-layout-grid\">   <div class=\"content-text-block mt-2 \">\n      <div class=\"founders\"><span class=\"white-label img\"><img decoding=\"async\" src=\"https:\/\/www.mentiness.com\/images\/2024\/04\/javi.jpg\" \/><\/span><\/div>\n     <div class=\"title\">Javier Alejandro Serrano<\/div>\n     <div class=\"text\">Co-fundador de Mentiness. Ex-CTO de Diariomotor y Men\u00e9ame. Fundador del chapter en Galicia de NeurotechX (neurotechnology non-profit organization).<\/div>\n <\/div>\n\n   <div class=\"content-text-block mt-2 \">\n      <div class=\"founders\"><span class=\"white-label img\"><img decoding=\"async\" src=\"https:\/\/www.mentiness.com\/images\/2024\/04\/rebe.jpg\" \/><\/span><\/div>\n     <div class=\"title\">Rebeca Calvo Barros<\/div>\n     <div class=\"text\">Co-fundadora de Mentiness. Psic\u00f3loga sanitaria, neuropsic\u00f3loga cl\u00ednica y experta en inteligencia emocional en la empresa. <\/div>\n <\/div>\n\n   <div class=\"content-text-block mt-2 \">\n      <div class=\"founders\"><span class=\"white-label img\"><img decoding=\"async\" src=\"https:\/\/www.mentiness.com\/images\/2025\/02\/Chema.png\" \/><\/span><\/div>\n     <div class=\"title\">Chema Ballar\u00edn<\/div>\n     <div class=\"text\">Ex Head of Southern Europe de Personio. Tambi\u00e9n ha trabajado en Eventbrite y Dropbox.<\/div>\n <\/div>\n\n   <div class=\"content-text-block mt-2 \">\n      <div class=\"founders\"><span class=\"white-label img\"><img decoding=\"async\" src=\"https:\/\/www.mentiness.com\/images\/2024\/04\/diego-garcia.jpg\" \/><\/span><\/div>\n     <div class=\"title\">Diego Garc\u00eda S\u00e1nchez<\/div>\n     <div class=\"text\">Psic\u00f3logo experto en metodolog\u00edas y doctorando en econom\u00eda y control de gesti\u00f3n.<\/div>\n <\/div>\n\n   <div class=\"content-text-block mt-2 \">\n      <div class=\"founders\"><span class=\"white-label img\"><img decoding=\"async\" src=\"https:\/\/www.mentiness.com\/images\/2026\/01\/1759423975846.jpeg\" \/><\/span><\/div>\n     <div class=\"title\">Claudia Munilla<\/div>\n     <div class=\"text\">SDR. Ventas y marketing. Experiencia trabajando con startups.<\/div>\n <\/div>\n\n   <div class=\"content-text-block mt-2 \">\n      <div class=\"founders\"><span class=\"white-label img\"><img decoding=\"async\" src=\"https:\/\/www.mentiness.com\/images\/2026\/01\/Frame-120-1.png\" \/><\/span><\/div>\n     <div class=\"title\">Antonio Rodr\u00edguez<\/div>\n     <div class=\"text\">Marketing Manager. Amplia trayectoria en startups. Construyendo comunidades y humanizando organizaciones.<\/div>\n <\/div><\/div>\n\n\n<div class=\"mtn-spacer\"><\/div>\n\n<div class=\"pre-content p-3 p-sm-4\">\n  <div class=\"content-pretitle mb-3\">\n    <span class=\"white-label\">03<\/span>\n    <span class=\"white-label\">COLABORACIONES<\/span>\n  <\/div>\n  <div class=\"row no-negative-margin\">\n    <div class=\"col-12 col-md-6 px-0 mb-3 mb-md-0 title pe-md-5\">Ayudas destinadas a nuevos proyectos empresariales de empresas innovadoras<\/div>\n    <div class=\"col-12 col-md-6 px-0 text\" ><p> <\/p><\/div>\n  <\/div>\n<\/div>\n\n\n<div class=\"wp-block-columns is-layout-flex wp-container-core-columns-is-layout-9d6595d7 wp-block-columns-is-layout-flex\">\n<div class=\"wp-block-column is-layout-flow wp-block-column-is-layout-flow\">\n<p class=\"px-3 px-sm-4\"><strong>Programa NEOTEC<\/strong><br>El proyecto \u00abMENTINESS: Plataforma inteligente para salud mental con tecnolog\u00eda de \u00faltima generaci\u00f3n\u00bb est\u00e1 subvencionado por el CDTI (Centro para el Desarrollo Tecnol\u00f3gico Industrial), dentro del programa \u201cAyudas destinadas a nuevos proyectos empresariales de empresas innovadoras (Programa NEOTEC)\u201d, SNEO-20231131 desarrollado en el a\u00f1o 2024, y financiado por el CDTI y la Uni\u00f3n Europea a trav\u00e9s de los fondos Next Generation UE, en el marco del Plan de Recuperaci\u00f3n, Transformaci\u00f3n y Resiliencia (PRTR) del Gobierno de Espa\u00f1a.<\/p>\n\n\n\n<figure class=\"wp-block-image size-full text-center mt-3 mb-5 px-3 px-sm-4\"><img loading=\"lazy\" decoding=\"async\" width=\"1200\" height=\"175\" src=\"https:\/\/www.mentiness.com\/images\/2025\/03\/logos.jpg\" alt=\"\" class=\"wp-image-5954\" srcset=\"https:\/\/www.mentiness.com\/images\/2025\/03\/logos.jpg 1200w, https:\/\/www.mentiness.com\/images\/2025\/03\/logos-300x44.jpg 300w, https:\/\/www.mentiness.com\/images\/2025\/03\/logos-1024x149.jpg 1024w, https:\/\/www.mentiness.com\/images\/2025\/03\/logos-768x112.jpg 768w\" sizes=\"auto, (max-width: 1200px) 100vw, 1200px\" \/><\/figure>\n\n\n\n<p class=\"px-3 px-sm-4\"><strong>Financiado por ENISA<\/strong><\/p>\n\n\n\n<figure class=\"wp-block-image size-full text-center mt-3 px-3 px-sm-4\"><img loading=\"lazy\" decoding=\"async\" width=\"2560\" height=\"211\" src=\"https:\/\/www.mentiness.com\/images\/2025\/09\/enisa-scaled.jpg\" alt=\"\" class=\"wp-image-6458\" srcset=\"https:\/\/www.mentiness.com\/images\/2025\/09\/enisa-scaled.jpg 2560w, https:\/\/www.mentiness.com\/images\/2025\/09\/enisa-300x25.jpg 300w, https:\/\/www.mentiness.com\/images\/2025\/09\/enisa-1024x84.jpg 1024w, https:\/\/www.mentiness.com\/images\/2025\/09\/enisa-768x63.jpg 768w, https:\/\/www.mentiness.com\/images\/2025\/09\/enisa-1536x127.jpg 1536w, https:\/\/www.mentiness.com\/images\/2025\/09\/enisa-2048x169.jpg 2048w\" sizes=\"auto, (max-width: 2560px) 100vw, 2560px\" \/><\/figure>\n\n\n<div class=\"mtn-spacer\"><\/div>\n\n\n<p class=\"px-3 px-sm-4\"><strong>Apoyo<\/strong><\/p>\n\n\n\n<div class=\"text-center mt-3 px-3 px-sm-4\"><a href=\"https:\/\/https:\/\/elevenlabs.io\/startup-grants\"><img decoding=\"async\" src=\"https:\/\/eleven-public-cdn.elevenlabs.io\/payloadcms\/pwsc4vchsqt-ElevenLabsGrants.webp\" alt=\"ElevenLabs\" style=\"width:250px\"><\/a><\/div>\n<\/div>\n<\/div>\n\n\n<div class=\"mtn-spacer\"><\/div>\n\n<div class=\"cta-block \">\n        <div class=\"img\">\n          <img decoding=\"async\" src=\"https:\/\/www.mentiness.com\/images\/2024\/04\/b91b02eeff3cfe7f523638ce6d67d9e3-225x300.jpg\" \/>\n        <\/div>\n         <div class=\"img\">\n          <img decoding=\"async\" src=\"https:\/\/www.mentiness.com\/images\/2024\/04\/c112ff8ac0c1f8edc54296d733829b90-300x200.jpg\" \/>\n        <\/div>\n         <div class=\"img\">\n          <img decoding=\"async\" src=\"https:\/\/www.mentiness.com\/images\/2024\/04\/7700bcd2bfb64c2a8aec4e2f6e86b4fa-200x300.jpeg\" \/>\n        <\/div>\n        <div class=\"img\">\n          <img decoding=\"async\" src=\"https:\/\/www.mentiness.com\/images\/2024\/04\/288290e0a4ecbd2f62d0fda4b82accc7-200x300.jpg\" \/>\n        <\/div>\n        \n        <div class=\"content\">\n          <div class=\"text\">\n            Transformando organizaciones desde sus personas\n          <\/div>\n          <div class=\"link\">\n            <a href=\"\/book-demo\/\">Solicita una demo<\/a>\n          <\/div>\n        <\/div>\n      <\/div>\n\n<div class=\"mtn-spacer\"><\/div>\n\n\n<p><\/p>\n","protected":false},"excerpt":{"rendered":"<p>Programa NEOTECEl proyecto \u00abMENTINESS: Plataforma inteligente para salud mental con tecnolog\u00eda de \u00faltima generaci\u00f3n\u00bb est\u00e1 subvencionado por el CDTI (Centro para el Desarrollo Tecnol\u00f3gico Industrial), dentro del programa \u201cAyudas destinadas a nuevos proyectos empresariales de empresas innovadoras (Programa NEOTEC)\u201d, SNEO-20231131 desarrollado en el a\u00f1o 2024, y financiado por el CDTI y la Uni\u00f3n Europea a [&hellip;]<\/p>\n","protected":false},"author":1,"featured_media":0,"parent":0,"menu_order":0,"comment_status":"closed","ping_status":"closed","template":"","meta":{"footnotes":""},"class_list":["post-192","page","type-page","status-publish","hentry"],"aioseo_notices":[],"_links":{"self":[{"href":"https:\/\/www.mentiness.com\/es\/wp-json\/wp\/v2\/pages\/192","targetHints":{"allow":["GET"]}}],"collection":[{"href":"https:\/\/www.mentiness.com\/es\/wp-json\/wp\/v2\/pages"}],"about":[{"href":"https:\/\/www.mentiness.com\/es\/wp-json\/wp\/v2\/types\/page"}],"author":[{"embeddable":true,"href":"https:\/\/www.mentiness.com\/es\/wp-json\/wp\/v2\/users\/1"}],"replies":[{"embeddable":true,"href":"https:\/\/www.mentiness.com\/es\/wp-json\/wp\/v2\/comments?post=192"}],"version-history":[{"count":76,"href":"https:\/\/www.mentiness.com\/es\/wp-json\/wp\/v2\/pages\/192\/revisions"}],"predecessor-version":[{"id":6910,"href":"https:\/\/www.mentiness.com\/es\/wp-json\/wp\/v2\/pages\/192\/revisions\/6910"}],"wp:attachment":[{"href":"https:\/\/www.mentiness.com\/es\/wp-json\/wp\/v2\/media?parent=192"}],"curies":[{"name":"wp","href":"https:\/\/api.w.org\/{rel}","templated":true}]}}