{"id":217,"date":"2024-04-11T15:21:16","date_gmt":"2024-04-11T13:21:16","guid":{"rendered":"https:\/\/www.mentiness.com\/aviso-legal\/"},"modified":"2025-08-05T12:19:37","modified_gmt":"2025-08-05T10:19:37","slug":"aviso-legal","status":"publish","type":"page","link":"https:\/\/www.mentiness.com\/es\/aviso-legal\/","title":{"rendered":"Aviso Legal"},"content":{"rendered":"\n<div class=\"wp-block-columns is-layout-flex wp-container-core-columns-is-layout-9d6595d7 wp-block-columns-is-layout-flex\">\n<div class=\"wp-block-column p-4 p-md-5 p-xxxl-0 is-layout-flow wp-block-column-is-layout-flow\">\n<p>Estos t\u00e9rminos y condiciones regulan el acceso y uso de \u201cmentiness.com\u201d (en adelante, \u201cMentiness\u201d o la \u201cp\u00e1gina web\u201d), as\u00ed como de su plataforma enlazada.&nbsp;<\/p>\n\n\n\n<p><strong>1.- INFORMACI\u00d3N LEGAL<\/strong><\/p>\n\n\n\n<figure class=\"wp-block-table\"><table><tbody><tr><td><strong>Titular&nbsp;<\/strong><\/td><td>MENTINESS HEALTH CARE, S.L.<\/td><\/tr><tr><td><strong>NIF<\/strong><\/td><td>B06962302<\/td><\/tr><tr><td><strong>Domicilio<\/strong><\/td><td>Calle Santa Eulalia N4 6A, CP 36600, Vilagarc\u00eda de Arousa<\/td><\/tr><tr><td><strong>Email<\/strong><\/td><td>hola@mentiness.com<\/td><\/tr><tr><td><strong>Inscripci\u00f3n<\/strong><\/td><td>Registro Mercantil de Pontevedra Tomo: 4371 Libro: 4371 Folio: 105 Secci\u00f3n: 8 Hoja: PO 68655 Inscripci\u00f3n: 1 (14.07.2021)&nbsp;<\/td><\/tr><\/tbody><\/table><\/figure>\n\n\n\n<p><strong>2.- ACEPTACI\u00d3N<\/strong><\/p>\n\n\n\n<p>Mediante el acceso a \u201cmentiness.com\u201d, junto a su plataforma enlazada, se presume la aceptaci\u00f3n del contenido de estos T\u00e9rminos y Condiciones, junto con la Pol\u00edtica de Privacidad y Cookies, y se garantiza el compromiso a no utilizarlas para fines ilegales, il\u00edcitos o contrarios a estos t\u00e9rminos o condiciones.<\/p>\n\n\n\n<p>La edad m\u00ednima para el uso de Mentiness se establece en 18 a\u00f1os. En el caso de los menores de edad, ser\u00e1n responsables los padres, tutores o representantes legales.<\/p>\n\n\n\n<p><strong>3.- DESCRIPCI\u00d3N DEL SERVICIO E INFORMACI\u00d3N<\/strong><\/p>\n\n\n\n<p>Mentiness es una plataforma para la prevenci\u00f3n y cuidado de la salud mental que permite conectar a los empleados de empresas con psic\u00f3logos, debidamente habilitados y cualificados. Dicha plataforma tiene la finalidad de ofrecer servicios psicol\u00f3gicos a trav\u00e9s de sesiones individualizadas (con una duraci\u00f3n de entre 45 y 60 minutos), talleres y formaci\u00f3n online.<\/p>\n\n\n\n<p>Los servicios ofrecidos por Mentiness consisten en un plan base, con una serie de complementos a escoger por parte del cliente-empresa:&nbsp;<\/p>\n\n\n\n<ul class=\"wp-block-list\">\n<li>Sesiones individuales<\/li>\n<\/ul>\n\n\n\n<ul class=\"wp-block-list\">\n<li>Paquete de sesiones<\/li>\n<\/ul>\n\n\n\n<ul class=\"wp-block-list\">\n<li>R\u00e9gimen de copago: el precio se pagar\u00e1 entre la empresa y su empleado.<\/li>\n<\/ul>\n\n\n\n<p>Las empresas deben cumplir como requisito tener un m\u00ednimo de 10 empleados que hagan uso del servicio de Mentiness.&nbsp;<\/p>\n\n\n\n<p>El pago de los servicios se realiza directamente a Mentiness, de forma que \u00e9ste tiene establecida una relaci\u00f3n contractual concreta con los profesionales de la salud mental.&nbsp;<\/p>\n\n\n\n<p>Asimismo, Mentiness ofrece una opci\u00f3n de prepago. En caso de contratar un paquete de sesiones, Mentiness se encarga de la devoluci\u00f3n del importe de aquellas sesiones que no llegue a usar. Esto no se aplica en relaci\u00f3n a la frecuencia de uso que realicen los trabajadores de la plataforma.<\/p>\n\n\n\n<p><strong>3.1.- REGISTRO<\/strong><\/p>\n\n\n\n<p>Los usuarios del servicio podr\u00e1n acceder a trav\u00e9s de la plataforma con los datos de acceso facilitados por sus empresas.&nbsp;<\/p>\n\n\n\n<p><strong>3.2.- PRECIOS Y FORMAS DE PAGO<\/strong><\/p>\n\n\n\n<p>Los precios aparecer\u00e1n recogidos en las propuestas espec\u00edficas que MENTINESS acerque a cada empresa, los cuales se calcular\u00e1n en funci\u00f3n de la opci\u00f3n escogida para la prestaci\u00f3n de los servicios ofrecidos.<\/p>\n\n\n\n<p>En caso de que alg\u00fan trabajador requiera los servicios de un determinado psic\u00f3logo, encontr\u00e1ndose fuera del servicio contratado, el pago se realizar\u00e1 igualmente a trav\u00e9s de Mentiness.<\/p>\n\n\n\n<p><strong>4.- PROPIEDAD INTELECTUAL E INDUSTRIAL<\/strong><\/p>\n\n\n\n<p>MENTINESS se reserva todos sus derechos de propiedad intelectual e industrial, de forma que el contenido e informaci\u00f3n (im\u00e1genes, textos, etc) son de su propiedad o dispone de las autorizaciones necesarias para su uso.<\/p>\n\n\n\n<p>Se proh\u00edbe expresamente cualquier modificaci\u00f3n, reproducci\u00f3n, copia, distribuci\u00f3n o cualquier otra forma de explotaci\u00f3n con fines comerciales o equivalentes del contenido y la informaci\u00f3n recogida en Mentiness. Para cualquier otro uso del contenido o de la informaci\u00f3n ser\u00e1 necesario el consentimiento previo y por escrito de MENTINESS.<\/p>\n\n\n\n<p><strong>5.- LICENCIA DE USO&nbsp;<\/strong><\/p>\n\n\n\n<p>El uso de Mentiness permite recabar, tratar y gestionar, de forma virtual y responsable, los datos que los usuarios proporcionan.<\/p>\n\n\n\n<p>Los usuarios son los propietarios del contenido y de la informaci\u00f3n personal proporcionada y MENTINESS \u00fanicamente cuenta con una licencia no exclusiva sobre dicha informaci\u00f3n, con las siguientes limitaciones:<\/p>\n\n\n\n<ul class=\"wp-block-list\">\n<li>La licencia finalizar\u00e1 en el momento en el que los usuarios eliminen sus datos.<\/li>\n\n\n\n<li>Ser\u00e1 necesario el consentimiento del usuario en caso de que MENTINESS quiera otorgar a terceros el derecho a usar el contenido de los mismos.<\/li>\n<\/ul>\n\n\n\n<p><strong>6.- TITULARIDAD DE LOS DATOS Y PRIVACIDAD<\/strong><\/p>\n\n\n\n<p>La titularidad de los datos e informaci\u00f3n recopilados en Mentiness corresponde exclusivamente a los usuarios. <\/p>\n\n\n\n<p>Mentiness tambi\u00e9n podr\u00e1 anonimizar los datos de los usuarios con fines estad\u00edsticos, de mejora del servicio y de investigaci\u00f3n (en \u00e1mbitos que incluyen, entre otros, la salud mental, el bienestar y el bienestar mediado por IA en sistemas de control del rendimiento o en contabilidad de gesti\u00f3n), garantizando que no se incluya ninguna informaci\u00f3n que permita la identificaci\u00f3n personal. Los datos personales solo se divulgar\u00e1n a terceros cuando sea estrictamente necesario para la correcta prestaci\u00f3n del servicio o cuando lo exija la legislaci\u00f3n aplicable.<\/p>\n\n\n\n<p>La comunicaci\u00f3n de personales datos a terceros solo se realizar\u00e1 cuando sea indispensable para la correcta prestaci\u00f3n del servicio o cuando as\u00ed lo exija la normativa aplicable. Para m\u00e1s informaci\u00f3n sobre el tratamiento de datos personales, los usuarios pueden consultar nuestra Pol\u00edtica de Privacidad.<\/p>\n\n\n\n<p><strong>7.- GARANT\u00cdAS&nbsp;<\/strong><\/p>\n\n\n\n<p>MENTINESS garantiza que los servicios ofertados ser\u00e1n conformes con su descripci\u00f3n, con las siguientes limitaciones:<\/p>\n\n\n\n<ul class=\"wp-block-list\">\n<li>Todas las garant\u00edas y condiciones impl\u00edcitas estar\u00e1n vigentes \u00fanicamente durante los servicios ofertados, en la medida en que lo permita la legislaci\u00f3n.<\/li>\n\n\n\n<li>No cubre los problemas causados por accidente, abuso o uso de los servicios de un modo incompatible con lo ofertado, o que se deriven de sucesos que est\u00e1n m\u00e1s all\u00e1 del control razonable de MENTINESS.<\/li>\n\n\n\n<li>No se aplica a per\u00edodos de tiempo de inactividad u otras interrupciones en el acceso.<\/li>\n<\/ul>\n\n\n\n<p><strong>8.- TERMINACI\u00d3N DE RELACI\u00d3N POR INCUMPLIMIENTO&nbsp;<\/strong><\/p>\n\n\n\n<p>Cuando se produzca la terminaci\u00f3n del contrato por incumplimiento grave, en caso de que MENTINESS no pueda proveer el servicio o en caso de que se produzcan fallos en el servidor, el cliente tendr\u00e1 derecho a la devoluci\u00f3n de la cantidad proporcional de la tarifa pagada por el periodo del servicio que no pudo disfrutar, la cual se producir\u00e1 a trav\u00e9s del mismo m\u00e9todo por el cual se hizo efectivo el pago.<\/p>\n\n\n\n<p><strong>9.- SEGURIDAD Y LIMITACI\u00d3N DE RESPONSABILIDAD&nbsp;<\/strong><\/p>\n\n\n\n<p>MENTINESS adoptar\u00e1 las medidas necesarias para asegurar la integridad del servicio disponible, y de los datos e informaci\u00f3n recogidos, pero no ser\u00e1 responsable de lo que ocurra m\u00e1s all\u00e1 de su control.&nbsp;<\/p>\n\n\n\n<p>En caso de que el usuario sea redirigido a otras p\u00e1ginas webs o plataformas de terceros, MENTINESS no se har\u00e1 responsable de lo que ocurra a trav\u00e9s de la navegaci\u00f3n en las mismas.&nbsp;<\/p>\n\n\n\n<p>En la medida en que lo permita la ley, MENTINESS no responde del uso incorrecto o imprudente que realicen los usuarios de Mentiness.<\/p>\n\n\n\n<p><strong>10.- DESCARGO DE RESPONSABILIDAD<\/strong><\/p>\n\n\n\n<p>MENTINESS no ser\u00e1 responsable de las consecuencias derivadas de la prestaci\u00f3n de servicio realizada por parte de los profesionales de la salud, de forma que \u00e9stos \u00faltimos ser\u00e1n los responsables.&nbsp;<\/p>\n\n\n\n<p>Tampoco ser\u00e1 responsable del mal uso o abuso de la web que pone a disposici\u00f3n de sus usuarios.&nbsp;<\/p>\n\n\n\n<p>MENTINESS garantiza la disponibilidad del servicio durante la duraci\u00f3n del contrato, siempre que no concurran causas externas o de fuerza mayor que lo impidan.<\/p>\n\n\n\n<p><strong>11.- MODIFICACIONES Y NULIDAD<\/strong><\/p>\n\n\n\n<p>MENTINESS se reserva el derecho a actualizar y modificar estos textos legales, por lo que recomienda leer los mismos cada vez que se acceda o use Mentiness.<\/p>\n\n\n\n<p>En caso de que alguna cl\u00e1usula de estos T\u00e9rminos y Condiciones, Pol\u00edtica de Privacidad o de Cookies, sea declarada total o parcialmente nula o ineficaz, dicha nulidad o ineficacia s\u00f3lo afectar\u00e1 a la misma, subsistiendo las dem\u00e1s condiciones y teni\u00e9ndose la disposici\u00f3n afectada por no puesta.<\/p>\n\n\n\n<p><strong>12.- LEGISLACI\u00d3N APLICABLE Y JURISDICCI\u00d3N COMPETENTE<\/strong><\/p>\n\n\n\n<p>Estos T\u00e9rminos y Condiciones, y las Pol\u00edticas de Privacidad y de Cookies, se interpretar\u00e1n y regir\u00e1n de conformidad con la legislaci\u00f3n espa\u00f1ola. En caso de controversia, se resolver\u00e1 mediante un Arbitraje de Equidad de la Corte de Arbitraje de las C\u00e1maras de Comercio e Industria de Vilagarc\u00eda de Arousa, con la renuncia expresa a cualquier otro fuero que pudiera corresponder, salvo disposici\u00f3n expresa de la ley.<\/p>\n\n\n\n<p><strong>13.- CONTACTO<\/strong><\/p>\n\n\n\n<p>En caso de duda, sugerencia o aclaraci\u00f3n, el usuario se puede poner en contacto con MENTINESS a trav\u00e9s de la siguiente direcci\u00f3n de correo electr\u00f3nico: hola@mentiness.com.<\/p>\n<\/div>\n<\/div>\n","protected":false},"excerpt":{"rendered":"<p>Estos t\u00e9rminos y condiciones regulan el acceso y uso de \u201cmentiness.com\u201d (en adelante, \u201cMentiness\u201d o la \u201cp\u00e1gina web\u201d), as\u00ed como de su plataforma enlazada.&nbsp; 1.- INFORMACI\u00d3N LEGAL Titular&nbsp; MENTINESS HEALTH CARE, S.L. NIF B06962302 Domicilio Calle Santa Eulalia N4 6A, CP 36600, Vilagarc\u00eda de Arousa Email hola@mentiness.com Inscripci\u00f3n Registro Mercantil de Pontevedra Tomo: 4371 Libro: [&hellip;]<\/p>\n","protected":false},"author":1,"featured_media":0,"parent":0,"menu_order":0,"comment_status":"closed","ping_status":"closed","template":"","meta":{"footnotes":""},"class_list":["post-217","page","type-page","status-publish","hentry"],"aioseo_notices":[],"_links":{"self":[{"href":"https:\/\/www.mentiness.com\/es\/wp-json\/wp\/v2\/pages\/217","targetHints":{"allow":["GET"]}}],"collection":[{"href":"https:\/\/www.mentiness.com\/es\/wp-json\/wp\/v2\/pages"}],"about":[{"href":"https:\/\/www.mentiness.com\/es\/wp-json\/wp\/v2\/types\/page"}],"author":[{"embeddable":true,"href":"https:\/\/www.mentiness.com\/es\/wp-json\/wp\/v2\/users\/1"}],"replies":[{"embeddable":true,"href":"https:\/\/www.mentiness.com\/es\/wp-json\/wp\/v2\/comments?post=217"}],"version-history":[{"count":5,"href":"https:\/\/www.mentiness.com\/es\/wp-json\/wp\/v2\/pages\/217\/revisions"}],"predecessor-version":[{"id":6454,"href":"https:\/\/www.mentiness.com\/es\/wp-json\/wp\/v2\/pages\/217\/revisions\/6454"}],"wp:attachment":[{"href":"https:\/\/www.mentiness.com\/es\/wp-json\/wp\/v2\/media?parent=217"}],"curies":[{"name":"wp","href":"https:\/\/api.w.org\/{rel}","templated":true}]}}