{"id":224,"date":"2024-04-11T15:22:37","date_gmt":"2024-04-11T13:22:37","guid":{"rendered":"https:\/\/www.mentiness.com\/politica-de-cookies\/"},"modified":"2024-04-26T20:47:43","modified_gmt":"2024-04-26T18:47:43","slug":"politica-de-cookies","status":"publish","type":"page","link":"https:\/\/www.mentiness.com\/es\/politica-de-cookies\/","title":{"rendered":"Pol\u00edtica de Cookies"},"content":{"rendered":"\n<div class=\"wp-block-columns is-layout-flex wp-container-core-columns-is-layout-9d6595d7 wp-block-columns-is-layout-flex\">\n<div class=\"wp-block-column p-4 p-md-5 p-xxxl-0 is-layout-flow wp-block-column-is-layout-flow\">\n\n<p>En cumplimiento de la Ley 34\/2002, de 11 de julio, de Servicios de la Sociedad de la Informaci\u00f3n y del Comercio Electr\u00f3nico (en adelante, \u201cLSSI\u201d), que se refiere a la utilizaci\u00f3n de cookies, MENTINESS HEALTH CARE, S.L. informa a los usuarios que la web utiliza cookies para poder medir y analizar el tr\u00e1fico, con el fin de facilitar la experiencia y ofrecer un mejor servicio. El usuario puede configurar su navegador para ser avisado en pantalla de la recepci\u00f3n de cookies, o bien para impedir su instalaci\u00f3n, en cuyo caso, cabe la posibilidad de que deje de tener acceso a ciertas funciones en Internet.<\/p>\n\n\n\n<p><strong>1.- DEFINICI\u00d3N Y FUNCI\u00d3N DE LAS COOKIES<\/strong><\/p>\n\n\n\n<p>Una cookie es un peque\u00f1o archivo creado por un sitio en Internet con la funci\u00f3n de almacenar informaci\u00f3n en el equipo del usuario. Cuando se accede a un sitio web que utiliza cookies, se solicita al navegador que guarde una o m\u00e1s cookies en el disco duro.&nbsp;<\/p>\n\n\n\n<p>Cuando el usuario vuelve a ese sitio web, el navegador env\u00eda de nuevo las cookies que le pertenecen, para as\u00ed prestar un servicio e informaci\u00f3n personalizada en funci\u00f3n de las necesidades del mismo.<\/p>\n\n\n\n<p>Las cookies tambi\u00e9n pueden llegar a guardar informaci\u00f3n que identifique personalmente a los usuarios, no siendo el caso de esta web, que s\u00f3lo tendr\u00e1 acceso a la informaci\u00f3n personal que el usuario decida proporcionar.<\/p>\n\n\n\n<p>Es posible cambiar la configuraci\u00f3n de cookies del navegador que el usuario utiliza, para que le permita aprobar o rechazar autom\u00e1ticamente peticiones de almacenamiento de cookies cuando se cierra el navegador, adem\u00e1s de otras opciones adicionales.<\/p>\n\n\n\n<p><strong>2.- TIPOS DE COOKIES QUE UTILIZA ESTA P\u00c1GINA WEB<\/strong><\/p>\n\n\n\n<p>Esta web puede utilizar cookies propias t\u00e9cnicas para las cuales no es necesaria la obtenci\u00f3n del consentimiento del usuario, por encontrarse excluidas del \u00e1mbito de aplicaci\u00f3n del art\u00edculo 22. 2 de la LSSI.&nbsp;<\/p>\n\n\n\n<p>Adem\u00e1s, utiliza cookies que requieren el consentimiento de los usuarios, las cuales ser\u00e1n enunciadas en este apartado.<\/p>\n\n\n\n<ul class=\"wp-block-list\"><li>T\u00e9cnicas: facilitan informaci\u00f3n sobre el uso que el usuario realiza de la web. No permiten identificar al usuario, porque la informaci\u00f3n que recogen es an\u00f3nima y se utiliza \u00fanicamente para acciones de mejora que permitan que la web funcione de manera m\u00e1s \u00e1gil y adaptada a las preferencias de los usuarios.<\/li><li>De registro: se crean tras el registro o cuando un usuario inicia sesi\u00f3n en la web.<\/li><li>De personalizaci\u00f3n: permiten personalizar las funciones o contenidos de la web en funci\u00f3n de los datos obtenidos del navegador.<\/li><li>Anal\u00edticas: tienen fines estad\u00edsticos, de forma que la informaci\u00f3n se utiliza para medir la actividad, mediante Google Analytics, que es una herramienta gratuita de an\u00e1lisis web proporcionada por Google, permitiendo a los propietarios de los sitios web conocer c\u00f3mo interact\u00faan los usuarios con su sitio web.<\/li><li>Preferencias: permiten saber si el usuario ha visitado antes la web. La p\u00e9rdida de informaci\u00f3n almacenada en una cookie de preferencias puede hacer que la experiencia de la web sea menos funcional, pero no debe afectar a su funcionamiento.<\/li><li>Estado de la sesi\u00f3n: guardan la informaci\u00f3n necesaria durante la sesi\u00f3n y los cambios relacionados con ella, y tambi\u00e9n determinan si el usuario est\u00e1 registrado.<\/li><li>Procesos: permiten el funcionamiento de la web y ofrecen servicios esperados por el usuario que accede a la misma.<\/li><\/ul>\n\n\n\n<p>Las cookies usadas por esta web son:<\/p>\n\n\n\n<ul class=\"wp-block-list\"><li>De Google Analytics:<\/li><\/ul>\n\n\n\n<figure class=\"wp-block-table\"><table><tbody><tr><td><strong>Cookie<\/strong><\/td><td><strong>Duraci\u00f3n<\/strong><\/td><td><strong>Finalidad<\/strong><\/td><\/tr><tr><td>_ga<\/td><td>2 a\u00f1os<\/td><td>Se usa para distinguir a los usuarios.<\/td><\/tr><tr><td>_ga_(c\u00f3digo-identificador)<\/td><td>2 a\u00f1os<\/td><td>Se usa para mantener el estado de la sesi\u00f3n.<\/td><\/tr><\/tbody><\/table><\/figure>\n\n\n\n<ul class=\"wp-block-list\"><li>Otras:<\/li><\/ul>\n\n\n\n<figure class=\"wp-block-table\"><table><tbody><tr><td><strong>Cookie<\/strong><\/td><td><strong>Duraci\u00f3n<\/strong><\/td><td><strong>Finalidad<\/strong><\/td><\/tr><tr><td>cookielawinfo-(codigo-identificador)<\/td><td>1 a\u00f1o<\/td><td>Gestionar la aceptaci\u00f3n de las cookies<\/td><\/tr><\/tbody><\/table><\/figure>\n\n\n\n<ul class=\"wp-block-list\"><li>De terceros:<\/li><\/ul>\n\n\n\n<figure class=\"wp-block-table\"><table><tbody><tr><td><strong>Cookie<\/strong><\/td><td><strong>Duraci\u00f3n<\/strong><\/td><td><strong>Finalidad<\/strong><\/td><\/tr><tr><td>&#8211;<\/td><td>&#8211;<\/td><td>&#8211;<\/td><\/tr><\/tbody><\/table><\/figure>\n\n\n\n<p><strong>3.- CONSENTIMIENTO<\/strong><\/p>\n\n\n\n<p>Al navegar en MENTINESS HEALTH CARE, S.L. el usuario est\u00e1 consintiendo el uso de las cookies t\u00e9cnicamente necesarias enunciadas anteriormente, con sus plazos y las condiciones recogidas en la presente. En caso de que el usuario no permita la instalaci\u00f3n de cookies en su navegador, es posible que no pueda acceder a alguna de las funcionalidades de la web. Para el uso de cookies t\u00e9cnicamente no necesarias se solicitar\u00e1 el consentimiento del usuario, que tendr\u00e1 la opci\u00f3n de aceptarlas o rechazarlas.&nbsp;<\/p>\n\n\n\n<p>En caso de que el usuario acepte cookies de terceros, si m\u00e1s adelante quiere eliminarlas permanentemente, deber\u00e1 hacerlo desde las opciones del navegador, porque la revocaci\u00f3n del consentimiento impide el uso de las cookies, pero no las elimina al ser cookies de terceros.<\/p>\n\n\n\n<p>El usuario tiene la posibilidad de rechazar el uso de cookies en esta web y revocar su consentimiento mediante el Configurador de Cookies.<\/p>\n\n\n\n<p><strong>4.- ELIMINACI\u00d3N DE COOKIES<\/strong><\/p>\n\n\n\n<p>El usuario puede configurar su navegador para permitir, bloquear, eliminar o desactivar las cookies instaladas en su equipo, mediante la configuraci\u00f3n de las opciones del navegador instalado.<\/p>\n\n\n\n<p>Para configurar el navegador, desactivar o administrar la instalaci\u00f3n de cookies, y que de esta forma se borren autom\u00e1ticamente cuando se cierre el navegador, equipo o dispositivo, el usuario puede obtener m\u00e1s informaci\u00f3n en funci\u00f3n del navegador que utilice en las respectivas p\u00e1ginas web habilitadas para ello.<\/p>\n\n\n\n<p>De forma general, la mayor parte de los navegadores permiten el acceso r\u00e1pido a la eliminaci\u00f3n de los datos de navegaci\u00f3n, pulsando la secuencia de teclas Ctrl+Mayus+Supr para borrar las cookies.<\/p>\n\n\n\n<p><strong>5.- ACTUALIZACI\u00d3N DE LA POL\u00cdTICA DE COOKIES<\/strong><\/p>\n\n\n\n<p>MENTINESS HEALTH CARE, S.L. se reserva el derecho a actualizar la presente Pol\u00edtica de Cookies en funci\u00f3n de las exigencias legales o t\u00e9cnicas del momento. Por ello, aconseja a los usuarios mantenerse informados toda vez que accedan a esta p\u00e1gina web o a su plataforma enlazada.&nbsp;<\/p>\n\n\n\n<p><strong>6.- POL\u00cdTICA DE PRIVACIDAD<\/strong><\/p>\n\n\n\n<p>Para obtener m\u00e1s informaci\u00f3n sobre el tratamiento de los datos personales, el usuario puede acceder a la Pol\u00edtica de Privacidad.<\/p>\n\n\n\n<p><strong>7.- CONTACTO&nbsp;<\/strong><\/p>\n\n\n\n<p>En caso de duda o sugerencia sobre la presente Pol\u00edtica de Cookies, el usuario puede ponerse en contacto con MENTINESS a trav\u00e9s de la siguiente direcci\u00f3n de correo electr\u00f3nico: hola@mentiness.com<\/p>\n<\/div>\n<\/div>\n","protected":false},"excerpt":{"rendered":"<p>En cumplimiento de la Ley 34\/2002, de 11 de julio, de Servicios de la Sociedad de la Informaci\u00f3n y del Comercio Electr\u00f3nico (en adelante, \u201cLSSI\u201d), que se refiere a la utilizaci\u00f3n de cookies, MENTINESS HEALTH CARE, S.L. informa a los usuarios que la web utiliza cookies para poder medir y analizar el tr\u00e1fico, con el [&hellip;]<\/p>\n","protected":false},"author":1,"featured_media":0,"parent":0,"menu_order":0,"comment_status":"closed","ping_status":"closed","template":"","meta":{"footnotes":""},"class_list":["post-224","page","type-page","status-publish","hentry"],"aioseo_notices":[],"_links":{"self":[{"href":"https:\/\/www.mentiness.com\/es\/wp-json\/wp\/v2\/pages\/224","targetHints":{"allow":["GET"]}}],"collection":[{"href":"https:\/\/www.mentiness.com\/es\/wp-json\/wp\/v2\/pages"}],"about":[{"href":"https:\/\/www.mentiness.com\/es\/wp-json\/wp\/v2\/types\/page"}],"author":[{"embeddable":true,"href":"https:\/\/www.mentiness.com\/es\/wp-json\/wp\/v2\/users\/1"}],"replies":[{"embeddable":true,"href":"https:\/\/www.mentiness.com\/es\/wp-json\/wp\/v2\/comments?post=224"}],"version-history":[{"count":3,"href":"https:\/\/www.mentiness.com\/es\/wp-json\/wp\/v2\/pages\/224\/revisions"}],"predecessor-version":[{"id":4961,"href":"https:\/\/www.mentiness.com\/es\/wp-json\/wp\/v2\/pages\/224\/revisions\/4961"}],"wp:attachment":[{"href":"https:\/\/www.mentiness.com\/es\/wp-json\/wp\/v2\/media?parent=224"}],"curies":[{"name":"wp","href":"https:\/\/api.w.org\/{rel}","templated":true}]}}