{"id":5776,"date":"2025-03-11T08:37:43","date_gmt":"2025-03-11T07:37:43","guid":{"rendered":"https:\/\/www.mentiness.com\/?page_id=5776"},"modified":"2025-03-21T23:53:41","modified_gmt":"2025-03-21T22:53:41","slug":"soluciones-empresa","status":"publish","type":"page","link":"https:\/\/www.mentiness.com\/es\/soluciones-empresa\/","title":{"rendered":"Soluciones para la empresa"},"content":{"rendered":"<div id=\"hero-side\" class=\"hero-side \">\n    <div class=\"hero-images\">\n      <img decoding=\"async\" src=\"https:\/\/www.mentiness.com\/images\/2024\/04\/hero-1-214x300.jpg\" \/>\n      <img decoding=\"async\" src=\"https:\/\/www.mentiness.com\/images\/2024\/04\/b50df4988341399025df6eab19b19632-200x300.jpeg\" \/>\n      <img decoding=\"async\" src=\"https:\/\/www.mentiness.com\/images\/2024\/04\/90f088ee9577ea0d1c753e4bf38d4962-240x300.jpeg\" \/>\n      <img decoding=\"async\" src=\"https:\/\/www.mentiness.com\/images\/2024\/04\/1a9fb38b722d405a77b4375e25b99d67-300x239.jpeg\" \/>\n      <img decoding=\"async\" src=\"https:\/\/www.mentiness.com\/images\/2024\/04\/960f4f57c20550971a71779e47cb0318-225x300.jpeg\" \/>\n    <\/div>\n    <div class=\"hero-content\">\n      <h1 id=\"textoAnimado\" class=\"texto\"><br>Tus datos de RRHH valen m\u00e1s cuando hablan el lenguaje de direcci\u00f3n<\/h1>\n      <p>\n        Integra m\u00e9tricas humanas y financieras para anticiparte a la rotaci\u00f3n, medir el bienestar y tomar decisiones con impacto real.\n      <\/p>\n      <a class=\"button\" href=\"\/es\/solicita-dosier\/\">Quiero saber m\u00e1s<\/a>\n    <\/div>\n<\/div>\n\n\n<div class=\"wp-block-columns is-layout-flex wp-container-core-columns-is-layout-9d6595d7 wp-block-columns-is-layout-flex\">\n<div class=\"wp-block-column p-3 p-sm-4 is-layout-flow wp-block-column-is-layout-flow\" id=\"financial-dashboard\"><div class=\"two-columns   px-xxxl-0\">\n  <div class=\"row no-negative-margin\">\n    <div class=\"p-0 text-rounded col-12 col-md-6 order-1\">\n      <div class=\"container p-3 \">\n              <div class=\"content-pretitle\">\n                    <span class=\"white-label\">01<\/span>\n                    <span class=\"white-label\">Dashboard financiero<\/span>\n                <\/div>\n              <div class=\"content-title pt-4\">\u00bfTe imaginas un comit\u00e9 en el que t\u00fa, finanzas y direcci\u00f3n habl\u00e9is el mismo idioma?<\/div>\n              <div class=\"content-text my-5\">Para qu\u00e9 se usa<\/div>\n              \n<p>El panel de impacto financiero contiene informaci\u00f3n en directo sobre rotaciones, bajas y ausentismo, accesible para diversos departamentos. Evita los tel\u00e9fonos rotos y habla el mismo idioma que finanzas y direcci\u00f3n con un panel de KPI conjuntos<\/p>\n\n<p>Obt\u00e9n informaci\u00f3n en tiempo real de variables como las rotaciones y el ausentismo. Antic\u00edpate a ellas detectando grupos cr\u00edticos.<\/p>\n\n      <\/div>\n        <\/div>\n    <div class=\"p-0 image-rounded col-12 col-md-6 order-2 imageColumnBackgroundTransparent\">\n    <div class=\"container p-3 \">\n        <div class=\"roundedAndShadow p-3\"><img decoding=\"async\" src=\"https:\/\/www.mentiness.com\/images\/2025\/03\/screely-1742548926587.png\"><\/div>\n     <\/div>\n    <\/div>\n  <\/div>    \n<\/div>\n\n\n<div class=\"wp-block-group is-layout-grid wp-container-core-group-is-layout-6be84c55 wp-block-group-is-layout-grid\">   <div class=\"content-text-block mt-2 \">\n      <div class=\"mini-icon\"><span class=\"white-label img\"><img decoding=\"async\" src=\"https:\/\/www.mentiness.com\/images\/2024\/04\/icon-diana.png\" \/><\/span><\/div>\n     <div class=\"title\">Integrado con tu software de HR<\/div>\n     <div class=\"text\"><\/div>\n <\/div>\n\n   <div class=\"content-text-block mt-2 \">\n      <div class=\"mini-icon\"><span class=\"white-label img\"><img decoding=\"async\" src=\"https:\/\/www.mentiness.com\/images\/2024\/04\/edit.png\" \/><\/span><\/div>\n     <div class=\"title\">Comparativas temporales y evoluciones temporales<\/div>\n     <div class=\"text\"><\/div>\n <\/div>\n\n   <div class=\"content-text-block mt-2 \">\n      <div class=\"mini-icon\"><span class=\"white-label img\"><img decoding=\"async\" src=\"https:\/\/www.mentiness.com\/images\/2024\/04\/icon-heart.png\" \/><\/span><\/div>\n     <div class=\"title\">Con\u00e9ctalo a nuestras encuestas de base cient\u00edfica para encontrar las causas<\/div>\n     <div class=\"text\"><\/div>\n <\/div><\/div>\n\n\n<div class=\"mtn-spacer\"><\/div><\/div>\n<\/div>\n\n\n<div class=\"cta-middle-block \">\n        <div class=\"img\">\n          <img decoding=\"async\" src=\"https:\/\/www.mentiness.com\/images\/2024\/04\/7ae0fbec11ee657935a453c5a36f2534-300x200.jpg\" \/>\n        <\/div>\n        <div class=\"img\">\n          <img decoding=\"async\" src=\"https:\/\/www.mentiness.com\/images\/2024\/04\/b91b02eeff3cfe7f523638ce6d67d9e3-225x300.jpg\" \/>\n        <\/div>\n        <div class=\"content\">\n          <div class=\"text\">\n            \u00bfQuieres saber m\u00e1s?\n          <\/div>\n          <div class=\"link\">\n            <a class=\"button\" href=\"\/es\/solicita-demo\/\">Agenda una demo<\/a>\n          <\/div>\n        <\/div>\n      <\/div>\n\n\n<div class=\"wp-block-columns is-layout-flex wp-container-core-columns-is-layout-9d6595d7 wp-block-columns-is-layout-flex\">\n<div class=\"wp-block-column p-3 p-sm-4 is-layout-flow wp-block-column-is-layout-flow\" id=\"psychometrics-well-being\"><div class=\"two-columns   px-xxxl-0\">\n  <div class=\"row no-negative-margin\">\n    <div class=\"p-0 text-rounded col-12 col-md-6 order-1\">\n      <div class=\"container p-3 \">\n              <div class=\"content-pretitle\">\n                    <span class=\"white-label\">02<\/span>\n                    <span class=\"white-label\">People Analytics Organizacional<\/span>\n                <\/div>\n              <div class=\"content-title pt-4\">Diagn\u00f3stico organizacional para crear culturas de \u00e9xito<\/div>\n              <div class=\"content-text my-5\">Para qu\u00e9 sirve<\/div>\n              \n<p><strong>Encuestas de base cient\u00edfica<\/strong>&nbsp;que miden bienestar organizacional, cultura, clima, burnout, engagement e intenci\u00f3n de abandono.<\/p>\n\n<p><strong>Segmentaci\u00f3n avanzada<\/strong>&nbsp;para identificar diferencias por departamento, antig\u00fcedad o nivel de liderazgo.<\/p>\n\n<p><strong>Cruce de datos con People Analytics<\/strong>&nbsp;para conectar percepciones con indicadores objetivos.<\/p>\n\n      <\/div>\n        <\/div>\n    <div class=\"p-0 image-rounded col-12 col-md-6 order-2 imageColumnBackgroundTransparent\">\n    <div class=\"container p-3 \">\n        <div class=\"roundedAndShadow\"><img decoding=\"async\" src=\"https:\/\/www.mentiness.com\/images\/2025\/03\/finance-wide.png\"><\/div>\n     <\/div>\n    <\/div>\n  <\/div>    \n<\/div>\n\n\n<div class=\"wp-block-group is-layout-grid wp-container-core-group-is-layout-6be84c55 wp-block-group-is-layout-grid\">   <div class=\"content-text-block mt-2 \">\n      <div class=\"mini-icon\"><span class=\"white-label img\"><img decoding=\"async\" src=\"https:\/\/www.mentiness.com\/images\/2024\/04\/icon-diana.png\" \/><\/span><\/div>\n     <div class=\"title\">Mide lo que realmente importa<\/div>\n     <div class=\"text\">No solo clima, sino tambi\u00e9n intenciones de abandono y engagement real.<\/div>\n <\/div>\n\n   <div class=\"content-text-block mt-2 \">\n      <div class=\"mini-icon\"><span class=\"white-label img\"><img decoding=\"async\" src=\"https:\/\/www.mentiness.com\/images\/2024\/04\/edit.png\" \/><\/span><\/div>\n     <div class=\"title\">Detecta riesgos a tiempos<\/div>\n     <div class=\"text\">Identifica patrones de burnout y equipos en riesgo antes de que se conviertan en rotaci\u00f3n.<\/div>\n <\/div>\n\n   <div class=\"content-text-block mt-2 \">\n      <div class=\"mini-icon\"><span class=\"white-label img\"><img decoding=\"async\" src=\"https:\/\/www.mentiness.com\/images\/2024\/04\/icon-heart.png\" \/><\/span><\/div>\n     <div class=\"title\">Comparativas internas y externas<\/div>\n     <div class=\"text\">Benchmarking con datos de tu sector y evoluci\u00f3n a lo largo del tiempo.<\/div>\n <\/div><\/div>\n\n\n<div class=\"mtn-spacer\"><\/div><\/div>\n<\/div>\n\n\n<div class=\"cta-middle-block \">\n        <div class=\"img\">\n          <img decoding=\"async\" src=\"https:\/\/www.mentiness.com\/images\/2024\/04\/7ae0fbec11ee657935a453c5a36f2534-300x200.jpg\" \/>\n        <\/div>\n        <div class=\"img\">\n          <img decoding=\"async\" src=\"https:\/\/www.mentiness.com\/images\/2024\/04\/b91b02eeff3cfe7f523638ce6d67d9e3-225x300.jpg\" \/>\n        <\/div>\n        <div class=\"content\">\n          <div class=\"text\">\n            \u00bfQuieres saber m\u00e1s?\n          <\/div>\n          <div class=\"link\">\n            <a class=\"button\" href=\"\/es\/solicita-demo\/\">Agenda una demo<\/a>\n          <\/div>\n        <\/div>\n      <\/div>\n\n\n<div class=\"wp-block-columns is-layout-flex wp-container-core-columns-is-layout-9d6595d7 wp-block-columns-is-layout-flex\">\n<div class=\"wp-block-column p-3 p-sm-4 is-layout-flow wp-block-column-is-layout-flow\" id=\"individual-psychometrics\"><div class=\"two-columns   px-xxxl-0\">\n  <div class=\"row no-negative-margin\">\n    <div class=\"p-0 text-rounded col-12 col-md-6 order-1\">\n      <div class=\"container p-3 \">\n              <div class=\"content-pretitle\">\n                    <span class=\"white-label\">03<\/span>\n                    <span class=\"white-label\">People Analytics Individual<\/span>\n                <\/div>\n              <div class=\"content-title pt-4\">Diagn\u00f3stico del bienestar<\/div>\n              <div class=\"content-text my-5\">Para qu\u00e9 sirve<\/div>\n              \n<p><strong>Evaluaciones psicom\u00e9tricas<\/strong>&nbsp;de base cient\u00edfica para medir satisfacci\u00f3n, felicidad, recursos laborales y personales, y salud mental.<\/p>\n\n<p><strong>An\u00e1lisis profundo<\/strong>&nbsp;de los factores que impactan el bienestar: carga de trabajo, apoyo social, estr\u00e9s y motivaci\u00f3n para entender las verdaderas causas y poder cambiarlas.<\/p>\n\n<p><strong>Segmentaci\u00f3n avanzada<\/strong>&nbsp;para entender diferencias entre perfiles y detectar vulnerabilidades antes de que afecten la productividad. Con nuestra segmentaci\u00f3n podr\u00e1s profundizar en realidades concretas como \u201cQu\u00e9 amenazas tienen mis equipos t\u00e9cnicos\u201d o \u201cC\u00f3mo evolucionan las necesidades de comunicaci\u00f3n y feedback durante y despu\u00e9s del proceso de onboarding\u201d<\/p>\n\n      <\/div>\n        <\/div>\n    <div class=\"p-0 image-rounded col-12 col-md-6 order-2 \">\n    <div class=\"container p-3 \">\n        <div class=\"imageBackground d-none d-md-block\" style=\"background-image: url('https:\/\/www.mentiness.com\/images\/2025\/03\/mockup_plataforma-002b.png');\"><\/div>\n         <img decoding=\"async\" class=\"d-inline d-md-none\" src=\"https:\/\/www.mentiness.com\/images\/2025\/03\/mockup_plataforma-002b.png\">\n     <\/div>\n    <\/div>\n  <\/div>    \n<\/div>\n\n\n<div class=\"wp-block-group is-layout-grid wp-container-core-group-is-layout-6be84c55 wp-block-group-is-layout-grid\">   <div class=\"content-text-block mt-2 \">\n      <div class=\"mini-icon\"><span class=\"white-label img\"><img decoding=\"async\" src=\"https:\/\/www.mentiness.com\/images\/2024\/04\/icon-diana.png\" \/><\/span><\/div>\n     <div class=\"title\">Datos validados cient\u00edficamente<\/div>\n     <div class=\"text\">Instrumentos psicom\u00e9tricos con respaldo en investigaci\u00f3n para asegurarnos de que tienes informaci\u00f3n de calidad sobre las causas, no un simple \u201cterm\u00f3metro emocional\u201d<\/div>\n <\/div>\n\n   <div class=\"content-text-block mt-2 \">\n      <div class=\"mini-icon\"><span class=\"white-label img\"><img decoding=\"async\" src=\"https:\/\/www.mentiness.com\/images\/2024\/04\/edit.png\" \/><\/span><\/div>\n     <div class=\"title\">Detecci\u00f3n temprana de riesgos<\/div>\n     <div class=\"text\">Identifica equipos o individuos en riesgo de burnout o baja satisfacci\u00f3n. Gracias a nuestra segmentaci\u00f3n avanzada podr\u00e1s conocer exactamente la realidad de cada equipo para actuar antes de que sea demasiado tarde.<\/div>\n <\/div>\n\n   <div class=\"content-text-block mt-2 \">\n      <div class=\"mini-icon\"><span class=\"white-label img\"><img decoding=\"async\" src=\"https:\/\/www.mentiness.com\/images\/2024\/04\/icon-heart.png\" \/><\/span><\/div>\n     <div class=\"title\">Con\u00e9ctalo con tus estrategias de bienestar<\/div>\n     <div class=\"text\">Ajusta programas y beneficios seg\u00fan necesidades reales. Cuantifica el impacto exacto en variables como la motivaci\u00f3n, el bienestar o la comunicaci\u00f3n, de las acciones que llevas a cabo con tus equipos. Descubre el ROI detr\u00e1s de cada estrategia implementada.<\/div>\n <\/div><\/div>\n\n\n<div class=\"mtn-spacer\"><\/div><\/div>\n<\/div>\n\n\n<div class=\"cta-middle-block \">\n        <div class=\"img\">\n          <img decoding=\"async\" src=\"https:\/\/www.mentiness.com\/images\/2024\/04\/7ae0fbec11ee657935a453c5a36f2534-300x200.jpg\" \/>\n        <\/div>\n        <div class=\"img\">\n          <img decoding=\"async\" src=\"https:\/\/www.mentiness.com\/images\/2024\/04\/b91b02eeff3cfe7f523638ce6d67d9e3-225x300.jpg\" \/>\n        <\/div>\n        <div class=\"content\">\n          <div class=\"text\">\n            \u00bfQuieres saber m\u00e1s?\n          <\/div>\n          <div class=\"link\">\n            <a class=\"button\" href=\"\/es\/solicita-demo\/\">Agenda una demo<\/a>\n          <\/div>\n        <\/div>\n      <\/div>\n\n\n<div class=\"wp-block-columns is-layout-flex wp-container-core-columns-is-layout-9d6595d7 wp-block-columns-is-layout-flex\">\n<div class=\"wp-block-column p-3 p-sm-4 is-layout-flow wp-block-column-is-layout-flow\" id=\"company-insights\"><div class=\"two-columns   px-xxxl-0\">\n  <div class=\"row no-negative-margin\">\n    <div class=\"p-0 text-rounded col-12 col-md-6 order-1\">\n      <div class=\"container p-3 \">\n              <div class=\"content-pretitle\">\n                    <span class=\"white-label\">04<\/span>\n                    <span class=\"white-label\">Company Insights<\/span>\n                <\/div>\n              <div class=\"content-title pt-4\">Un mapa de todas las realidades de tu empresa<\/div>\n              <div class=\"content-text my-5\">Para qu\u00e9 sirve<\/div>\n              \n<p><strong>An\u00e1lisis estrat\u00e9gico<\/strong>&nbsp;que combina datos internos (rotaciones, absentismo, clima) con insights de bienestar organizacional. Convierte tus datos en palancas de acci\u00f3n claras y adecuadas a cada equipo, deja a un lado las soluciones gen\u00e9ricas de \u201ccaf\u00e9 para todos\u201d.<\/p>\n\n<p><strong>Identificaci\u00f3n de patrones ocultos<\/strong>&nbsp;en cultura, engagement y liderazgo para tomar decisiones informadas y basadas exactamente en los retos de tus equipos<\/p>\n\n<p><strong>Predicci\u00f3n de tendencias<\/strong>&nbsp;para anticiparse a problemas y dise\u00f1ar estrategias efectivas de retenci\u00f3n y bienestar.<\/p>\n\n<p>Complem\u00e9ntalo con tu&nbsp;<strong>ENPS<\/strong>&nbsp;(Employee Net Promoter Score) para entender en d\u00f3nde est\u00e1n los promotores y detractores de tu marca.<\/p>\n\n      <\/div>\n        <\/div>\n    <div class=\"p-0 image-rounded col-12 col-md-6 order-2 imageColumnBackgroundTransparent\">\n    <div class=\"container p-3 \">\n        <div class=\"roundedAndShadow\"><img decoding=\"async\" src=\"https:\/\/www.mentiness.com\/images\/2025\/03\/alertas.png\"><\/div>\n     <\/div>\n    <\/div>\n  <\/div>    \n<\/div>\n\n\n<div class=\"wp-block-group is-layout-grid wp-container-core-group-is-layout-6be84c55 wp-block-group-is-layout-grid\">   <div class=\"content-text-block mt-2 \">\n      <div class=\"mini-icon\"><span class=\"white-label img\"><img decoding=\"async\" src=\"https:\/\/www.mentiness.com\/images\/2024\/04\/icon-diana.png\" \/><\/span><\/div>\n     <div class=\"title\">Visi\u00f3n 360\u00b0 de tu empresa<\/div>\n     <div class=\"text\">Conecta m\u00e9tricas de RRHH con impacto en negocio.<\/div>\n <\/div>\n\n   <div class=\"content-text-block mt-2 \">\n      <div class=\"mini-icon\"><span class=\"white-label img\"><img decoding=\"async\" src=\"https:\/\/www.mentiness.com\/images\/2024\/04\/edit.png\" \/><\/span><\/div>\n     <div class=\"title\">Toma decisiones basadas en datos<\/div>\n     <div class=\"text\">Prioriza iniciativas seg\u00fan el impacto real en la organizaci\u00f3n.<\/div>\n <\/div>\n\n   <div class=\"content-text-block mt-2 \">\n      <div class=\"mini-icon\"><span class=\"white-label img\"><img decoding=\"async\" src=\"https:\/\/www.mentiness.com\/images\/2024\/04\/icon-heart.png\" \/><\/span><\/div>\n     <div class=\"title\">Segmentaci\u00f3n avanzada<\/div>\n     <div class=\"text\">Detecta \u00e1reas cr\u00edticas y ajusta estrategias seg\u00fan cada equipo o departamento.<\/div>\n <\/div><\/div>\n\n\n<div class=\"mtn-spacer\"><\/div><\/div>\n<\/div>\n\n\n<div class=\"cta-middle-block \">\n        <div class=\"img\">\n          <img decoding=\"async\" src=\"https:\/\/www.mentiness.com\/images\/2024\/04\/7ae0fbec11ee657935a453c5a36f2534-300x200.jpg\" \/>\n        <\/div>\n        <div class=\"img\">\n          <img decoding=\"async\" src=\"https:\/\/www.mentiness.com\/images\/2024\/04\/b91b02eeff3cfe7f523638ce6d67d9e3-225x300.jpg\" \/>\n        <\/div>\n        <div class=\"content\">\n          <div class=\"text\">\n            \u00bfQuieres saber m\u00e1s?\n          <\/div>\n          <div class=\"link\">\n            <a class=\"button\" href=\"\/es\/solicita-demo\/\">Agenda una demo<\/a>\n          <\/div>\n        <\/div>\n      <\/div>\n\n\n<div class=\"wp-block-columns is-layout-flex wp-container-core-columns-is-layout-9d6595d7 wp-block-columns-is-layout-flex\">\n<div class=\"wp-block-column p-3 p-sm-4 is-layout-flow wp-block-column-is-layout-flow\" id=\"leadership\"><div class=\"two-columns   px-xxxl-0\">\n  <div class=\"row no-negative-margin\">\n    <div class=\"p-0 text-rounded col-12 col-md-6 order-1\">\n      <div class=\"container p-3 \">\n              <div class=\"content-pretitle\">\n                    <span class=\"white-label\">05<\/span>\n                    <span class=\"white-label\">Leadership Assessment<\/span>\n                <\/div>\n              <div class=\"content-title pt-4\">\u00bfTus managers son l\u00edderes o solo gestionan tareas?<\/div>\n              <div class=\"content-text my-5\">Para qu\u00e9 sirve<\/div>\n              \n<p><strong>Medici\u00f3n de competencias clave en liderazgo de base cient\u00edfica<\/strong>: feedback, gesti\u00f3n emocional, desarrollo de equipos (Basado en las teor\u00edas de Daniel Goleman y otros autores de la psicolog\u00eda<\/p>\n\n<p><strong>Evaluaci\u00f3n 360\u00b0<\/strong>&nbsp;con autoevaluaciones y valoraci\u00f3n del equipo para detectar \u00e1reas de mejora.<\/p>\n\n<p><strong>Cruce de datos con engagement y rotaci\u00f3n<\/strong>&nbsp;para entender el impacto del liderazgo en el rendimiento y la retenci\u00f3n.<\/p>\n\n      <\/div>\n        <\/div>\n    <div class=\"p-0 image-rounded col-12 col-md-6 order-2 \">\n    <div class=\"container p-3 \">\n        <div class=\"\"><img decoding=\"async\" src=\"https:\/\/www.mentiness.com\/images\/2024\/04\/prod_4_scores_en.png\"><\/div>\n     <\/div>\n    <\/div>\n  <\/div>    \n<\/div>\n\n\n<div class=\"wp-block-group is-layout-grid wp-container-core-group-is-layout-6be84c55 wp-block-group-is-layout-grid\">   <div class=\"content-text-block mt-2 \">\n      <div class=\"mini-icon\"><span class=\"white-label img\"><img decoding=\"async\" src=\"https:\/\/www.mentiness.com\/images\/2024\/04\/icon-diana.png\" \/><\/span><\/div>\n     <div class=\"title\">Identifica a los l\u00edderes<\/div>\n     <div class=\"text\">Que realmente impulsan el equipo y a quienes necesitan desarrollo.<\/div>\n <\/div>\n\n   <div class=\"content-text-block mt-2 \">\n      <div class=\"mini-icon\"><span class=\"white-label img\"><img decoding=\"async\" src=\"https:\/\/www.mentiness.com\/images\/2024\/04\/edit.png\" \/><\/span><\/div>\n     <div class=\"title\">Evita la fuga de talento<\/div>\n     <div class=\"text\">Detecta cu\u00e1ndo un mal liderazgo est\u00e1 afectando la motivaci\u00f3n y el compromiso.<\/div>\n <\/div>\n\n   <div class=\"content-text-block mt-2 \">\n      <div class=\"mini-icon\"><span class=\"white-label img\"><img decoding=\"async\" src=\"https:\/\/www.mentiness.com\/images\/2024\/04\/icon-heart.png\" \/><\/span><\/div>\n     <div class=\"title\">Acciones concretas<\/div>\n     <div class=\"text\">Conecta los resultados con planes de formaci\u00f3n y coaching para managers.<\/div>\n <\/div><\/div>\n\n\n<div class=\"mtn-spacer\"><\/div><\/div>\n<\/div>\n\n\n<div class=\"cta-middle-block \">\n        <div class=\"img\">\n          <img decoding=\"async\" src=\"https:\/\/www.mentiness.com\/images\/2024\/04\/7ae0fbec11ee657935a453c5a36f2534-300x200.jpg\" \/>\n        <\/div>\n        <div class=\"img\">\n          <img decoding=\"async\" src=\"https:\/\/www.mentiness.com\/images\/2024\/04\/b91b02eeff3cfe7f523638ce6d67d9e3-225x300.jpg\" \/>\n        <\/div>\n        <div class=\"content\">\n          <div class=\"text\">\n            \u00bfQuieres saber m\u00e1s?\n          <\/div>\n          <div class=\"link\">\n            <a class=\"button\" href=\"\/es\/solicita-demo\/\">Agenda una demo<\/a>\n          <\/div>\n        <\/div>\n      <\/div>\n\n<div class=\"mtn-spacer\"><\/div>","protected":false},"excerpt":{"rendered":"","protected":false},"author":1,"featured_media":0,"parent":0,"menu_order":0,"comment_status":"closed","ping_status":"closed","template":"","meta":{"footnotes":""},"class_list":["post-5776","page","type-page","status-publish","hentry"],"aioseo_notices":[],"_links":{"self":[{"href":"https:\/\/www.mentiness.com\/es\/wp-json\/wp\/v2\/pages\/5776","targetHints":{"allow":["GET"]}}],"collection":[{"href":"https:\/\/www.mentiness.com\/es\/wp-json\/wp\/v2\/pages"}],"about":[{"href":"https:\/\/www.mentiness.com\/es\/wp-json\/wp\/v2\/types\/page"}],"author":[{"embeddable":true,"href":"https:\/\/www.mentiness.com\/es\/wp-json\/wp\/v2\/users\/1"}],"replies":[{"embeddable":true,"href":"https:\/\/www.mentiness.com\/es\/wp-json\/wp\/v2\/comments?post=5776"}],"version-history":[{"count":39,"href":"https:\/\/www.mentiness.com\/es\/wp-json\/wp\/v2\/pages\/5776\/revisions"}],"predecessor-version":[{"id":6163,"href":"https:\/\/www.mentiness.com\/es\/wp-json\/wp\/v2\/pages\/5776\/revisions\/6163"}],"wp:attachment":[{"href":"https:\/\/www.mentiness.com\/es\/wp-json\/wp\/v2\/media?parent=5776"}],"curies":[{"name":"wp","href":"https:\/\/api.w.org\/{rel}","templated":true}]}}