{"id":5804,"date":"2025-03-11T09:18:28","date_gmt":"2025-03-11T08:18:28","guid":{"rendered":"https:\/\/www.mentiness.com\/?page_id=5804"},"modified":"2025-03-21T23:56:19","modified_gmt":"2025-03-21T22:56:19","slug":"soluciones-lideres","status":"publish","type":"page","link":"https:\/\/www.mentiness.com\/es\/soluciones-lideres\/","title":{"rendered":"Soluciones para l\u00edderes"},"content":{"rendered":"<div id=\"hero-side\" class=\"hero-side \">\n    <div class=\"hero-images\">\n      <img decoding=\"async\" src=\"https:\/\/www.mentiness.com\/images\/2024\/04\/hero-1-214x300.jpg\" \/>\n      <img decoding=\"async\" src=\"https:\/\/www.mentiness.com\/images\/2024\/04\/b50df4988341399025df6eab19b19632-200x300.jpeg\" \/>\n      <img decoding=\"async\" src=\"https:\/\/www.mentiness.com\/images\/2024\/04\/90f088ee9577ea0d1c753e4bf38d4962-240x300.jpeg\" \/>\n      <img decoding=\"async\" src=\"https:\/\/www.mentiness.com\/images\/2024\/04\/1a9fb38b722d405a77b4375e25b99d67-300x239.jpeg\" \/>\n      <img decoding=\"async\" src=\"https:\/\/www.mentiness.com\/images\/2024\/04\/960f4f57c20550971a71779e47cb0318-225x300.jpeg\" \/>\n    <\/div>\n    <div class=\"hero-content\">\n      <h1 id=\"textoAnimado\" class=\"texto\"><br>Desarrolla l\u00edderes capaces de sostener conversaciones dif\u00edciles<\/h1>\n      <p>\n        <br>Una suite de soluciones para que cada manager pueda mejorar su comunicaci\u00f3n, anticiparse a los retos de su equipo y crecer con acompa\u00f1amiento experto.\n      <\/p>\n      <a class=\"button\" href=\"\/es\/solicita-dosier\/\">Quiero saber m\u00e1s<\/a>\n    <\/div>\n<\/div>\n\n\n<div class=\"wp-block-columns is-layout-flex wp-container-core-columns-is-layout-9d6595d7 wp-block-columns-is-layout-flex\">\n<div class=\"wp-block-column p-3 p-sm-4 is-layout-flow wp-block-column-is-layout-flow\" id=\"leia\"><div class=\"two-columns   px-xxxl-0\">\n  <div class=\"row no-negative-margin\">\n    <div class=\"p-0 text-rounded col-12 col-md-6 order-1\">\n      <div class=\"container p-3 \">\n              <div class=\"content-pretitle\">\n                    <span class=\"white-label\">01<\/span>\n                    <span class=\"white-label\">LeIA<\/span>\n                <\/div>\n              <div class=\"content-title pt-4\">El simulador de conversaciones inc\u00f3modas para managers<\/div>\n              <div class=\"content-text my-5\">Para qu\u00e9 sirve<\/div>\n              \n<p><strong>Entrenamiento con IA humanizada<\/strong>&nbsp;en liderazgo, gesti\u00f3n emocional y comunicaci\u00f3n efectiva. Entrena con nuestros avatares en situaciones de role playing.<\/p>\n\n<p><strong>Simulaci\u00f3n de conversaciones complejas<\/strong>: feedback dif\u00edcil, manejo de conflictos, gesti\u00f3n del estr\u00e9s en equipos. Personalizado a los retos de cada equipo y empresa. Grad\u00faa la dificultad y gamifica el aprendizaje<\/p>\n\n<p><strong>Interacci\u00f3n natural<\/strong>&nbsp;por chat, voz o video con escenarios adaptados a la realidad de la empresa.<\/p>\n\n      <\/div>\n        <\/div>\n    <div class=\"p-0 image-rounded col-12 col-md-6 order-2 imageColumnBackgroundTransparent\">\n    <div class=\"container p-3 \">\n        <div class=\"roundedAndShadow\"><img decoding=\"async\" src=\"https:\/\/www.mentiness.com\/images\/2025\/03\/avatar.png\"><\/div>\n     <\/div>\n    <\/div>\n  <\/div>    \n<\/div>\n\n\n<div class=\"wp-block-group is-layout-grid wp-container-core-group-is-layout-6be84c55 wp-block-group-is-layout-grid\">   <div class=\"content-text-block mt-2 \">\n      <div class=\"mini-icon\"><span class=\"white-label img\"><img decoding=\"async\" src=\"https:\/\/www.mentiness.com\/images\/2024\/04\/icon-diana.png\" \/><\/span><\/div>\n     <div class=\"title\">Aprendizaje pr\u00e1ctico y sin riesgos<\/div>\n     <div class=\"text\">Los managers entrenan antes de enfrentarse a situaciones reales.<\/div>\n <\/div>\n\n   <div class=\"content-text-block mt-2 \">\n      <div class=\"mini-icon\"><span class=\"white-label img\"><img decoding=\"async\" src=\"https:\/\/www.mentiness.com\/images\/2024\/04\/edit.png\" \/><\/span><\/div>\n     <div class=\"title\">Detecci\u00f3n de \u00e1reas de mejora<\/div>\n     <div class=\"text\">An\u00e1lisis de respuestas y recomendaciones personalizadas.<\/div>\n <\/div>\n\n   <div class=\"content-text-block mt-2 \">\n      <div class=\"mini-icon\"><span class=\"white-label img\"><img decoding=\"async\" src=\"https:\/\/www.mentiness.com\/images\/2024\/04\/icon-heart.png\" \/><\/span><\/div>\n     <div class=\"title\">Disponible 24\/7<\/div>\n     <div class=\"text\">Formaci\u00f3n accesible cuando el l\u00edder la necesite, sin depender de horarios o formaciones grupales.<\/div>\n <\/div><\/div>\n\n\n<div class=\"mtn-spacer\"><\/div><\/div>\n<\/div>\n\n\n<div class=\"cta-middle-block \">\n        <div class=\"img\">\n          <img decoding=\"async\" src=\"https:\/\/www.mentiness.com\/images\/2024\/04\/7ae0fbec11ee657935a453c5a36f2534-300x200.jpg\" \/>\n        <\/div>\n        <div class=\"img\">\n          <img decoding=\"async\" src=\"https:\/\/www.mentiness.com\/images\/2024\/04\/b91b02eeff3cfe7f523638ce6d67d9e3-225x300.jpg\" \/>\n        <\/div>\n        <div class=\"content\">\n          <div class=\"text\">\n            \u00bfQuieres saber m\u00e1s?\n          <\/div>\n          <div class=\"link\">\n            <a class=\"button\" href=\"\/es\/solicita-demo\/\">Agenda una demo<\/a>\n          <\/div>\n        <\/div>\n      <\/div>\n\n\n<div class=\"wp-block-columns is-layout-flex wp-container-core-columns-is-layout-9d6595d7 wp-block-columns-is-layout-flex\">\n<div class=\"wp-block-column p-3 p-sm-4 is-layout-flow wp-block-column-is-layout-flow\" id=\"team-compass\"><div class=\"two-columns   px-xxxl-0\">\n  <div class=\"row no-negative-margin\">\n    <div class=\"p-0 text-rounded col-12 col-md-6 order-1\">\n      <div class=\"container p-3 \">\n              <div class=\"content-pretitle\">\n                    <span class=\"white-label\">02<\/span>\n                    <span class=\"white-label\">Team COmpass<\/span>\n                <\/div>\n              <div class=\"content-title pt-4\">T\u00f3male el pulso a tu equipo, antic\u00edpate a sus necesidades<\/div>\n              <div class=\"content-text my-5\">Para qu\u00e9 sirve<\/div>\n              \n<p><strong>Monitoreo continuo del clima y rendimiento del equipo<\/strong>, combinando datos de engagement, rotaci\u00f3n y bienestar.<\/p>\n\n<p><strong>Alertas tempranas sobre din\u00e1micas de equipo<\/strong>&nbsp;que afectan la productividad y el compromiso para que cada manager pueda anticiparse a posibles impactos negativos.<\/p>\n\n<p><strong>Insights en tiempo real<\/strong>&nbsp;sobre cohesi\u00f3n, colaboraci\u00f3n y percepci\u00f3n del liderazgo.<\/p>\n\n      <\/div>\n        <\/div>\n    <div class=\"p-0 image-rounded col-12 col-md-6 order-2 imageColumnBackgroundTransparent\">\n    <div class=\"container p-3 \">\n        <div class=\"roundedAndShadow p-5\"><img decoding=\"async\" src=\"https:\/\/www.mentiness.com\/images\/2025\/03\/mockup_plataforma-002b.png\"><\/div>\n     <\/div>\n    <\/div>\n  <\/div>    \n<\/div>\n\n\n<div class=\"wp-block-group is-layout-grid wp-container-core-group-is-layout-6be84c55 wp-block-group-is-layout-grid\">   <div class=\"content-text-block mt-2 \">\n      <div class=\"mini-icon\"><span class=\"white-label img\"><img decoding=\"async\" src=\"https:\/\/www.mentiness.com\/images\/2024\/04\/icon-diana.png\" \/><\/span><\/div>\n     <div class=\"title\">Identifica se\u00f1ales de alerta<\/div>\n     <div class=\"text\">Antes de que impacten en la rotaci\u00f3n o el rendimiento.<\/div>\n <\/div>\n\n   <div class=\"content-text-block mt-2 \">\n      <div class=\"mini-icon\"><span class=\"white-label img\"><img decoding=\"async\" src=\"https:\/\/www.mentiness.com\/images\/2024\/04\/edit.png\" \/><\/span><\/div>\n     <div class=\"title\">Optimiza la gesti\u00f3n del equipo<\/div>\n     <div class=\"text\">Con datos concretos sobre su motivaci\u00f3n y clima interno.<\/div>\n <\/div>\n\n   <div class=\"content-text-block mt-2 \">\n      <div class=\"mini-icon\"><span class=\"white-label img\"><img decoding=\"async\" src=\"https:\/\/www.mentiness.com\/images\/2024\/04\/icon-heart.png\" \/><\/span><\/div>\n     <div class=\"title\">Personaliza intervenciones y formaciones<\/div>\n     <div class=\"text\">Para fortalecer la cultura y mejorar la din\u00e1mica grupal.<\/div>\n <\/div><\/div>\n\n\n<div class=\"mtn-spacer\"><\/div><\/div>\n<\/div>\n\n\n<div class=\"cta-middle-block \">\n        <div class=\"img\">\n          <img decoding=\"async\" src=\"https:\/\/www.mentiness.com\/images\/2024\/04\/7ae0fbec11ee657935a453c5a36f2534-300x200.jpg\" \/>\n        <\/div>\n        <div class=\"img\">\n          <img decoding=\"async\" src=\"https:\/\/www.mentiness.com\/images\/2024\/04\/b91b02eeff3cfe7f523638ce6d67d9e3-225x300.jpg\" \/>\n        <\/div>\n        <div class=\"content\">\n          <div class=\"text\">\n            \u00bfQuieres saber m\u00e1s?\n          <\/div>\n          <div class=\"link\">\n            <a class=\"button\" href=\"\/es\/solicita-demo\/\">Agenda una demo<\/a>\n          <\/div>\n        <\/div>\n      <\/div>\n\n\n<div class=\"wp-block-columns is-layout-flex wp-container-core-columns-is-layout-9d6595d7 wp-block-columns-is-layout-flex\">\n<div class=\"wp-block-column p-3 p-sm-4 is-layout-flow wp-block-column-is-layout-flow\" id=\"coaching\"><div class=\"two-columns   px-xxxl-0\">\n  <div class=\"row no-negative-margin\">\n    <div class=\"p-0 text-rounded col-12 col-md-6 order-1\">\n      <div class=\"container p-3 \">\n              <div class=\"content-pretitle\">\n                    <span class=\"white-label\">03<\/span>\n                    <span class=\"white-label\">Coaching &amp; acompa\u00f1amiento psicol\u00f3gico<\/span>\n                <\/div>\n              <div class=\"content-title pt-4\">\u00bfQu\u00e9 pasar\u00eda si tus l\u00edderes tuvieran un espacio seguro para crecer y mejorar?<\/div>\n              <div class=\"content-text my-5\">Para qu\u00e9 sirve<\/div>\n              \n<p><strong>Sesiones personalizadas<\/strong>&nbsp;con coaches y psic\u00f3logos especializados en liderazgo y gesti\u00f3n de equipos.<\/p>\n\n<p><strong>Acompa\u00f1amiento en tiempo real<\/strong>&nbsp;para gestionar desaf\u00edos emocionales, conflictos internos y toma de decisiones.<\/p>\n\n<p><strong>Planes de desarrollo individual<\/strong>&nbsp;basados en feedback, medici\u00f3n de habilidades y objetivos de liderazgo.<\/p>\n\n      <\/div>\n        <\/div>\n    <div class=\"p-0 image-rounded col-12 col-md-6 order-2 imageColumnBackgroundTransparent\">\n    <div class=\"container p-3 \">\n        <div class=\"roundedAndShadow\"><img decoding=\"async\" src=\"https:\/\/www.mentiness.com\/images\/2025\/03\/Assistance-EN.png\"><\/div>\n     <\/div>\n    <\/div>\n  <\/div>    \n<\/div>\n\n\n<div class=\"wp-block-group is-layout-grid wp-container-core-group-is-layout-6be84c55 wp-block-group-is-layout-grid\">   <div class=\"content-text-block mt-2 \">\n      <div class=\"mini-icon\"><span class=\"white-label img\"><img decoding=\"async\" src=\"https:\/\/www.mentiness.com\/images\/2024\/04\/icon-diana.png\" \/><\/span><\/div>\n     <div class=\"title\">Evita el desgaste del l\u00edder<\/div>\n     <div class=\"text\">Proporciona herramientas para gestionar la presi\u00f3n y el estr\u00e9s.<\/div>\n <\/div>\n\n   <div class=\"content-text-block mt-2 \">\n      <div class=\"mini-icon\"><span class=\"white-label img\"><img decoding=\"async\" src=\"https:\/\/www.mentiness.com\/images\/2024\/04\/edit.png\" \/><\/span><\/div>\n     <div class=\"title\">Mejora la toma de decisiones y la comunicaci\u00f3n<\/div>\n     <div class=\"text\">Con equipos y stakeholders.<\/div>\n <\/div>\n\n   <div class=\"content-text-block mt-2 \">\n      <div class=\"mini-icon\"><span class=\"white-label img\"><img decoding=\"async\" src=\"https:\/\/www.mentiness.com\/images\/2024\/04\/icon-heart.png\" \/><\/span><\/div>\n     <div class=\"title\">Transforma la cultura de liderazgo<\/div>\n     <div class=\"text\">L\u00edderes m\u00e1s emp\u00e1ticos, efectivos y preparados para retener talento.<\/div>\n <\/div><\/div>\n\n\n<div class=\"mtn-spacer\"><\/div><\/div>\n<\/div>\n\n\n<div class=\"cta-middle-block \">\n        <div class=\"img\">\n          <img decoding=\"async\" src=\"https:\/\/www.mentiness.com\/images\/2024\/04\/7ae0fbec11ee657935a453c5a36f2534-300x200.jpg\" \/>\n        <\/div>\n        <div class=\"img\">\n          <img decoding=\"async\" src=\"https:\/\/www.mentiness.com\/images\/2024\/04\/b91b02eeff3cfe7f523638ce6d67d9e3-225x300.jpg\" \/>\n        <\/div>\n        <div class=\"content\">\n          <div class=\"text\">\n            \u00bfQuieres saber m\u00e1s?\n          <\/div>\n          <div class=\"link\">\n            <a class=\"button\" href=\"\/es\/solicita-demo\/\">Agenda una demo<\/a>\n          <\/div>\n        <\/div>\n      <\/div>\n\n<div class=\"mtn-spacer\"><\/div>\n\n\n<p><\/p>\n","protected":false},"excerpt":{"rendered":"","protected":false},"author":1,"featured_media":0,"parent":0,"menu_order":0,"comment_status":"closed","ping_status":"closed","template":"","meta":{"footnotes":""},"class_list":["post-5804","page","type-page","status-publish","hentry"],"aioseo_notices":[],"_links":{"self":[{"href":"https:\/\/www.mentiness.com\/es\/wp-json\/wp\/v2\/pages\/5804","targetHints":{"allow":["GET"]}}],"collection":[{"href":"https:\/\/www.mentiness.com\/es\/wp-json\/wp\/v2\/pages"}],"about":[{"href":"https:\/\/www.mentiness.com\/es\/wp-json\/wp\/v2\/types\/page"}],"author":[{"embeddable":true,"href":"https:\/\/www.mentiness.com\/es\/wp-json\/wp\/v2\/users\/1"}],"replies":[{"embeddable":true,"href":"https:\/\/www.mentiness.com\/es\/wp-json\/wp\/v2\/comments?post=5804"}],"version-history":[{"count":23,"href":"https:\/\/www.mentiness.com\/es\/wp-json\/wp\/v2\/pages\/5804\/revisions"}],"predecessor-version":[{"id":6165,"href":"https:\/\/www.mentiness.com\/es\/wp-json\/wp\/v2\/pages\/5804\/revisions\/6165"}],"wp:attachment":[{"href":"https:\/\/www.mentiness.com\/es\/wp-json\/wp\/v2\/media?parent=5804"}],"curies":[{"name":"wp","href":"https:\/\/api.w.org\/{rel}","templated":true}]}}