{"id":5813,"date":"2025-03-11T09:34:04","date_gmt":"2025-03-11T08:34:04","guid":{"rendered":"https:\/\/www.mentiness.com\/?page_id=5813"},"modified":"2025-03-21T23:57:28","modified_gmt":"2025-03-21T22:57:28","slug":"soluciones-empleado","status":"publish","type":"page","link":"https:\/\/www.mentiness.com\/es\/soluciones-empleado\/","title":{"rendered":"Soluciones para el empleado"},"content":{"rendered":"<div id=\"hero-side\" class=\"hero-side \">\n    <div class=\"hero-images\">\n      <img decoding=\"async\" src=\"https:\/\/www.mentiness.com\/images\/2024\/04\/hero-1-214x300.jpg\" \/>\n      <img decoding=\"async\" src=\"https:\/\/www.mentiness.com\/images\/2024\/04\/b50df4988341399025df6eab19b19632-200x300.jpeg\" \/>\n      <img decoding=\"async\" src=\"https:\/\/www.mentiness.com\/images\/2024\/04\/90f088ee9577ea0d1c753e4bf38d4962-240x300.jpeg\" \/>\n      <img decoding=\"async\" src=\"https:\/\/www.mentiness.com\/images\/2024\/04\/1a9fb38b722d405a77b4375e25b99d67-300x239.jpeg\" \/>\n      <img decoding=\"async\" src=\"https:\/\/www.mentiness.com\/images\/2024\/04\/960f4f57c20550971a71779e47cb0318-225x300.jpeg\" \/>\n    <\/div>\n    <div class=\"hero-content\">\n      <h1 id=\"textoAnimado\" class=\"texto\"><br>Bienestar emocional que se traduce en rendimiento y retenci\u00f3n<\/h1>\n      <p>\n        Desde autoevaluaciones hasta asistentes inteligentes: ayuda a cada persona a mejorar su salud mental, mientras RRHH accede a insights clave para actuar.\n      <\/p>\n      <a class=\"button\" href=\"\/es\/solicita-dosier\/\">Quiero saber m\u00e1s<\/a>\n    <\/div>\n<\/div>\n\n\n<div class=\"wp-block-columns is-layout-flex wp-container-core-columns-is-layout-9d6595d7 wp-block-columns-is-layout-flex\">\n<div class=\"wp-block-column p-3 p-sm-4 is-layout-flow wp-block-column-is-layout-flow\" id=\"mood-tracker\"><div class=\"two-columns   px-xxxl-0\">\n  <div class=\"row no-negative-margin\">\n    <div class=\"p-0 text-rounded col-12 col-md-6 order-1\">\n      <div class=\"container p-3 \">\n              <div class=\"content-pretitle\">\n                    <span class=\"white-label\">01<\/span>\n                    <span class=\"white-label\">Mood Tracker<\/span>\n                <\/div>\n              <div class=\"content-title pt-4\">\u00bfY si pudieras hacer un seguimiento real de tu bienestar en el trabajo?<\/div>\n              <div class=\"content-text my-5\">Para qu\u00e9 sirve<\/div>\n              \n<p><strong>Autoevaluaciones r\u00e1pidas y cient\u00edficamente validadas<\/strong>, basadas en el modelo de&nbsp;<strong>Demandas y Recursos Laborales<\/strong>. Cada persona podr\u00e1 acceder a sus puntuaciones y encuestas para conocer sus fortalezas y necesidades.<\/p>\n\n<p><strong>Registro continuo del estado emocional y niveles de estr\u00e9s<\/strong>, permitiendo a cada empleado entender su evoluci\u00f3n.<\/p>\n\n<p><strong>Recomendaciones personalizadas<\/strong>&nbsp;seg\u00fan las respuestas, con sugerencias para gestionar la carga laboral y mejorar el bienestar.<\/p>\n\n      <\/div>\n        <\/div>\n    <div class=\"p-0 image-rounded col-12 col-md-6 order-2 imageColumnBackgroundTransparent\">\n    <div class=\"container p-3 \">\n        <div class=\"\"><img decoding=\"async\" src=\"https:\/\/www.mentiness.com\/images\/2024\/04\/prod_1.png\"><\/div>\n     <\/div>\n    <\/div>\n  <\/div>    \n<\/div>\n\n\n<div class=\"wp-block-group is-layout-grid wp-container-core-group-is-layout-6be84c55 wp-block-group-is-layout-grid\">   <div class=\"content-text-block mt-2 \">\n      <div class=\"mini-icon\"><span class=\"white-label img\"><img decoding=\"async\" src=\"https:\/\/www.mentiness.com\/images\/2024\/04\/icon-diana.png\" \/><\/span><\/div>\n     <div class=\"title\">Toma el control de tu bienestar<\/div>\n     <div class=\"text\">Identifica patrones de estr\u00e9s y satisfacci\u00f3n laboral.<\/div>\n <\/div>\n\n   <div class=\"content-text-block mt-2 \">\n      <div class=\"mini-icon\"><span class=\"white-label img\"><img decoding=\"async\" src=\"https:\/\/www.mentiness.com\/images\/2024\/04\/edit.png\" \/><\/span><\/div>\n     <div class=\"title\">Feedback inmediato<\/div>\n     <div class=\"text\">Obt\u00e9n insights sobre qu\u00e9 te est\u00e1 afectando y c\u00f3mo mejorar tu d\u00eda a d\u00eda.<\/div>\n <\/div>\n\n   <div class=\"content-text-block mt-2 \">\n      <div class=\"mini-icon\"><span class=\"white-label img\"><img decoding=\"async\" src=\"https:\/\/www.mentiness.com\/images\/2024\/04\/icon-heart.png\" \/><\/span><\/div>\n     <div class=\"title\">Basado en ciencia real<\/div>\n     <div class=\"text\">Escalas psicol\u00f3gicas validadas para medir energ\u00eda, carga de trabajo y recursos personales.<\/div>\n <\/div><\/div>\n\n\n<div class=\"mtn-spacer\"><\/div><\/div>\n<\/div>\n\n\n<div class=\"cta-middle-block \">\n        <div class=\"img\">\n          <img decoding=\"async\" src=\"https:\/\/www.mentiness.com\/images\/2024\/04\/7ae0fbec11ee657935a453c5a36f2534-300x200.jpg\" \/>\n        <\/div>\n        <div class=\"img\">\n          <img decoding=\"async\" src=\"https:\/\/www.mentiness.com\/images\/2024\/04\/b91b02eeff3cfe7f523638ce6d67d9e3-225x300.jpg\" \/>\n        <\/div>\n        <div class=\"content\">\n          <div class=\"text\">\n            \u00bfQuieres saber m\u00e1s?\n          <\/div>\n          <div class=\"link\">\n            <a class=\"button\" href=\"\/es\/solicita-demo\/\">Agenda una demo<\/a>\n          <\/div>\n        <\/div>\n      <\/div>\n\n\n<div class=\"wp-block-columns is-layout-flex wp-container-core-columns-is-layout-9d6595d7 wp-block-columns-is-layout-flex\">\n<div class=\"wp-block-column p-3 p-sm-4 is-layout-flow wp-block-column-is-layout-flow\" id=\"therapy\"><div class=\"two-columns   px-xxxl-0\">\n  <div class=\"row no-negative-margin\">\n    <div class=\"p-0 text-rounded col-12 col-md-6 order-1\">\n      <div class=\"container p-3 \">\n              <div class=\"content-pretitle\">\n                    <span class=\"white-label\">02<\/span>\n                    <span class=\"white-label\">Terapia y coaching<\/span>\n                <\/div>\n              <div class=\"content-title pt-4\">Acompa\u00f1amiento profesional para potenciar tu bienestar<\/div>\n              <div class=\"content-text my-5\">Para qu\u00e9 sirve<\/div>\n              \n<p><strong>Acceso a sesiones de terapia y coaching con profesionales especializados<\/strong>&nbsp;en salud mental, neuropsicolog\u00eda cl\u00ednica y psicolog\u00eda de la salud. Sesiones online de 60 minutos<\/p>\n\n<p><strong>Red de expertos en m\u00e1s de 6 idiomas<\/strong>, adaptados a las necesidades de cada empleado, sin importar su ubicaci\u00f3n.<\/p>\n\n<p><strong>Soporte personalizado<\/strong>&nbsp;para gestionar estr\u00e9s, ansiedad, conflictos laborales y crecimiento personal.<\/p>\n\n      <\/div>\n        <\/div>\n    <div class=\"p-0 image-rounded col-12 col-md-6 order-2 imageColumnBackgroundTransparent\">\n    <div class=\"container p-3 \">\n        <div class=\"roundedAndShadow\"><img decoding=\"async\" src=\"https:\/\/www.mentiness.com\/images\/2025\/03\/psicologos.png\"><\/div>\n     <\/div>\n    <\/div>\n  <\/div>    \n<\/div>\n\n\n<div class=\"wp-block-group is-layout-grid wp-container-core-group-is-layout-6be84c55 wp-block-group-is-layout-grid\">   <div class=\"content-text-block mt-2 \">\n      <div class=\"mini-icon\"><span class=\"white-label img\"><img decoding=\"async\" src=\"https:\/\/www.mentiness.com\/images\/2024\/04\/icon-diana.png\" \/><\/span><\/div>\n     <div class=\"title\">El especialista adecuado para ti<\/div>\n     <div class=\"text\">Desde psicolog\u00eda organizacional hasta salud mental, neuropsicolog\u00eda y gesti\u00f3n emocional. El perfect match entre usuario y profesional aumenta la eficacia del servicio y previene impactos en la empresa en forma de rotaciones y bajas.<\/div>\n <\/div>\n\n   <div class=\"content-text-block mt-2 \">\n      <div class=\"mini-icon\"><span class=\"white-label img\"><img decoding=\"async\" src=\"https:\/\/www.mentiness.com\/images\/2024\/04\/edit.png\" \/><\/span><\/div>\n     <div class=\"title\">Habla en tu idioma<\/div>\n     <div class=\"text\">Profesionales en m\u00e1s de 6 idiomas para asegurar una experiencia cercana y efectiva. Ideal para empresas con equipos deslocalizados e internacionales.<\/div>\n <\/div>\n\n   <div class=\"content-text-block mt-2 \">\n      <div class=\"mini-icon\"><span class=\"white-label img\"><img decoding=\"async\" src=\"https:\/\/www.mentiness.com\/images\/2024\/04\/icon-heart.png\" \/><\/span><\/div>\n     <div class=\"title\">100% confidencial y accesible<\/div>\n     <div class=\"text\">Sesiones online, sin listas de espera y adaptadas a tu ritmo.<\/div>\n <\/div><\/div>\n\n\n<div class=\"mtn-spacer\"><\/div><\/div>\n<\/div>\n\n\n<div class=\"cta-middle-block \">\n        <div class=\"img\">\n          <img decoding=\"async\" src=\"https:\/\/www.mentiness.com\/images\/2024\/04\/7ae0fbec11ee657935a453c5a36f2534-300x200.jpg\" \/>\n        <\/div>\n        <div class=\"img\">\n          <img decoding=\"async\" src=\"https:\/\/www.mentiness.com\/images\/2024\/04\/b91b02eeff3cfe7f523638ce6d67d9e3-225x300.jpg\" \/>\n        <\/div>\n        <div class=\"content\">\n          <div class=\"text\">\n            \u00bfQuieres saber m\u00e1s?\n          <\/div>\n          <div class=\"link\">\n            <a class=\"button\" href=\"\/es\/solicita-demo\/\">Agenda una demo<\/a>\n          <\/div>\n        <\/div>\n      <\/div>\n\n\n<div class=\"wp-block-columns p-3 p-sm-4 is-layout-flex wp-container-core-columns-is-layout-9d6595d7 wp-block-columns-is-layout-flex\" id=\"health-assistant\">\n<div class=\"wp-block-column is-layout-flow wp-block-column-is-layout-flow\"><div class=\"two-columns   px-xxxl-0\">\n  <div class=\"row no-negative-margin\">\n    <div class=\"p-0 text-rounded col-12 col-md-6 order-1\">\n      <div class=\"container p-3 \">\n              <div class=\"content-pretitle\">\n                    <span class=\"white-label\">03<\/span>\n                    <span class=\"white-label\">Asistente de salud<\/span>\n                <\/div>\n              <div class=\"content-title pt-4\">Todo el poder de la IA en forma de acompa\u00f1amiento para el bienestar de cada empleado<\/div>\n              <div class=\"content-text my-5\">Para qu\u00e9 sirve<\/div>\n              \n<p><strong>Conversaciones naturales con asistentes IA: interacciona con avatares desarrollados por psic\u00f3logos,<\/strong>&nbsp;analiza inputs emocionales y contextuales en tiempo real para identificar factores de estr\u00e9s, agotamiento o desmotivaci\u00f3n.<\/p>\n\n<p><strong>Respuestas personalizadas basadas en la psicolog\u00eda<\/strong>: ofrece apoyo emocional inmediato, priorizaci\u00f3n de tareas, estrategias de recuperaci\u00f3n y conexi\u00f3n con recursos espec\u00edficos.<\/p>\n\n<p><strong>Seguimiento continuo<\/strong>: memoriza los retos del empleado para ayudarle a mejorar a corto y largo plazo, mientras genera datos para people analytics. Derivaci\u00f3n al equipo de psicolog\u00eda en casos necesarios.<\/p>\n\n      <\/div>\n        <\/div>\n    <div class=\"p-0 image-rounded col-12 col-md-6 order-2 imageColumnBackgroundTransparent\">\n    <div class=\"container p-3 \">\n        <div class=\"roundedAndShadow p-2\"><img decoding=\"async\" src=\"https:\/\/www.mentiness.com\/images\/2025\/03\/avatar-wide.png\"><\/div>\n     <\/div>\n    <\/div>\n  <\/div>    \n<\/div>\n\n\n<div class=\"wp-block-group is-layout-grid wp-container-core-group-is-layout-6be84c55 wp-block-group-is-layout-grid\">   <div class=\"content-text-block mt-2 \">\n      <div class=\"mini-icon\"><span class=\"white-label img\"><img decoding=\"async\" src=\"https:\/\/www.mentiness.com\/images\/2024\/04\/icon-diana.png\" \/><\/span><\/div>\n     <div class=\"title\">Validaci\u00f3n emocional y pr\u00e1ctica<\/div>\n     <div class=\"text\">El asistente combina empat\u00eda con soluciones concretas adaptadas al contexto del empleado. Todo esto en un formato mucho m\u00e1s natural para la persona y sin las barreras de entrada de tener que acceder a otras plataformas.<\/div>\n <\/div>\n\n   <div class=\"content-text-block mt-2 \">\n      <div class=\"mini-icon\"><span class=\"white-label img\"><img decoding=\"async\" src=\"https:\/\/www.mentiness.com\/images\/2024\/04\/edit.png\" \/><\/span><\/div>\n     <div class=\"title\">Prevenci\u00f3n y apoyo<\/div>\n     <div class=\"text\">Detecta problemas antes de que escalen y facilita un espacio seguro para expresar necesidades.<\/div>\n <\/div>\n\n   <div class=\"content-text-block mt-2 \">\n      <div class=\"mini-icon\"><span class=\"white-label img\"><img decoding=\"async\" src=\"https:\/\/www.mentiness.com\/images\/2024\/04\/icon-heart.png\" \/><\/span><\/div>\n     <div class=\"title\">Datos accionables para la organizaci\u00f3n<\/div>\n     <div class=\"text\">Insights sobre din\u00e1micas emocionales y riesgos de burnout que mejoran la toma de decisiones estrat\u00e9gicas.<\/div>\n <\/div><\/div>\n\n\n<div class=\"mtn-spacer\"><\/div><\/div>\n<\/div>\n\n\n<div class=\"cta-middle-block \">\n        <div class=\"img\">\n          <img decoding=\"async\" src=\"https:\/\/www.mentiness.com\/images\/2024\/04\/7ae0fbec11ee657935a453c5a36f2534-300x200.jpg\" \/>\n        <\/div>\n        <div class=\"img\">\n          <img decoding=\"async\" src=\"https:\/\/www.mentiness.com\/images\/2024\/04\/b91b02eeff3cfe7f523638ce6d67d9e3-225x300.jpg\" \/>\n        <\/div>\n        <div class=\"content\">\n          <div class=\"text\">\n            \u00bfQuieres saber m\u00e1s?\n          <\/div>\n          <div class=\"link\">\n            <a class=\"button\" href=\"\/es\/solicita-demo\/\">Agenda una demo<\/a>\n          <\/div>\n        <\/div>\n      <\/div>\n\n\n<div class=\"wp-block-columns is-layout-flex wp-container-core-columns-is-layout-9d6595d7 wp-block-columns-is-layout-flex\">\n<div class=\"wp-block-column p-3 p-sm-4 is-layout-flow wp-block-column-is-layout-flow\" id=\"onboarding\"><div class=\"two-columns   px-xxxl-0\">\n  <div class=\"row no-negative-margin\">\n    <div class=\"p-0 text-rounded col-12 col-md-6 order-1\">\n      <div class=\"container p-3 \">\n              <div class=\"content-pretitle\">\n                    <span class=\"white-label\">04<\/span>\n                    <span class=\"white-label\">Asistente de ONBOARDING (BETA)<\/span>\n                <\/div>\n              <div class=\"content-title pt-4\">Un acompa\u00f1ante para generar la mejor primera impresi\u00f3n, de tu proceso de onboarding<\/div>\n              <div class=\"content-text my-5\">Para qu\u00e9 sirve<\/div>\n              \n<p><strong>Acompa\u00f1amiento interactivo<\/strong>&nbsp;durante los primeros meses para ayudar a los empleados a entender sus objetivos, expectativas y rol dentro del equipo.<\/p>\n\n<p><strong>Validaci\u00f3n emocional y pr\u00e1ctica<\/strong>: responde dudas comunes como \u201c\u00bfLo estoy haciendo bien?\u201d o \u201c\u00bfQu\u00e9 se espera de m\u00ed?\u201d con consejos personalizados y gu\u00edas claras.<\/p>\n\n<p><strong>Fomenta el feedback proactivo<\/strong>: organiza reuniones con mentores, autoevaluaciones y revisiones de desempe\u00f1o para reforzar la confianza en etapas cr\u00edticas.<\/p>\n\n<p><strong>Seguimiento continuo<\/strong>: memoriza los retos del empleado para ayudarle a mejorar a corto y largo plazo, mientras genera datos para people analytics. Derivaci\u00f3n al equipo de psicolog\u00eda en casos necesarios.<\/p>\n\n      <\/div>\n        <\/div>\n    <div class=\"p-0 image-rounded col-12 col-md-6 order-2 imageColumnBackgroundTransparent\">\n    <div class=\"container p-3 \">\n        <div class=\"roundedAndShadow\"><img decoding=\"async\" src=\"https:\/\/www.mentiness.com\/images\/2025\/03\/asistente-1.png\"><\/div>\n     <\/div>\n    <\/div>\n  <\/div>    \n<\/div>\n\n\n<div class=\"wp-block-group is-layout-grid wp-container-core-group-is-layout-6be84c55 wp-block-group-is-layout-grid\">   <div class=\"content-text-block mt-2 \">\n      <div class=\"mini-icon\"><span class=\"white-label img\"><img decoding=\"async\" src=\"https:\/\/www.mentiness.com\/images\/2024\/04\/icon-diana.png\" \/><\/span><\/div>\n     <div class=\"title\">Claridad desde el inicio<\/div>\n     <div class=\"text\">Ayuda al empleado a conectar sus tareas actuales con las expectativas de su rol.<\/div>\n <\/div>\n\n   <div class=\"content-text-block mt-2 \">\n      <div class=\"mini-icon\"><span class=\"white-label img\"><img decoding=\"async\" src=\"https:\/\/www.mentiness.com\/images\/2024\/04\/edit.png\" \/><\/span><\/div>\n     <div class=\"title\">Fomenta la confianza y la adaptaci\u00f3n<\/div>\n     <div class=\"text\">Proporciona herramientas pr\u00e1cticas y feedback estructurado para facilitar su integraci\u00f3n.<\/div>\n <\/div>\n\n   <div class=\"content-text-block mt-2 \">\n      <div class=\"mini-icon\"><span class=\"white-label img\"><img decoding=\"async\" src=\"https:\/\/www.mentiness.com\/images\/2024\/04\/icon-heart.png\" \/><\/span><\/div>\n     <div class=\"title\">Insights para la organizaci\u00f3n<\/div>\n     <div class=\"text\">Identifica puntos d\u00e9biles en el proceso de onboarding y propone mejoras basadas en datos. Reduce el tiempo de aprendizaje del empleado hasta estar integrado y ser productivo.<\/div>\n <\/div><\/div>\n\n\n<div class=\"mtn-spacer\"><\/div><\/div>\n<\/div>\n\n\n<div class=\"cta-middle-block \">\n        <div class=\"img\">\n          <img decoding=\"async\" src=\"https:\/\/www.mentiness.com\/images\/2024\/04\/7ae0fbec11ee657935a453c5a36f2534-300x200.jpg\" \/>\n        <\/div>\n        <div class=\"img\">\n          <img decoding=\"async\" src=\"https:\/\/www.mentiness.com\/images\/2024\/04\/b91b02eeff3cfe7f523638ce6d67d9e3-225x300.jpg\" \/>\n        <\/div>\n        <div class=\"content\">\n          <div class=\"text\">\n            \u00bfQuieres saber m\u00e1s?\n          <\/div>\n          <div class=\"link\">\n            <a class=\"button\" href=\"\/es\/solicita-demo\/\">Agenda una demo<\/a>\n          <\/div>\n        <\/div>\n      <\/div>\n\n<div class=\"mtn-spacer\"><\/div>","protected":false},"excerpt":{"rendered":"","protected":false},"author":1,"featured_media":0,"parent":0,"menu_order":0,"comment_status":"closed","ping_status":"closed","template":"","meta":{"footnotes":""},"class_list":["post-5813","page","type-page","status-publish","hentry"],"aioseo_notices":[],"_links":{"self":[{"href":"https:\/\/www.mentiness.com\/es\/wp-json\/wp\/v2\/pages\/5813","targetHints":{"allow":["GET"]}}],"collection":[{"href":"https:\/\/www.mentiness.com\/es\/wp-json\/wp\/v2\/pages"}],"about":[{"href":"https:\/\/www.mentiness.com\/es\/wp-json\/wp\/v2\/types\/page"}],"author":[{"embeddable":true,"href":"https:\/\/www.mentiness.com\/es\/wp-json\/wp\/v2\/users\/1"}],"replies":[{"embeddable":true,"href":"https:\/\/www.mentiness.com\/es\/wp-json\/wp\/v2\/comments?post=5813"}],"version-history":[{"count":22,"href":"https:\/\/www.mentiness.com\/es\/wp-json\/wp\/v2\/pages\/5813\/revisions"}],"predecessor-version":[{"id":6166,"href":"https:\/\/www.mentiness.com\/es\/wp-json\/wp\/v2\/pages\/5813\/revisions\/6166"}],"wp:attachment":[{"href":"https:\/\/www.mentiness.com\/es\/wp-json\/wp\/v2\/media?parent=5813"}],"curies":[{"name":"wp","href":"https:\/\/api.w.org\/{rel}","templated":true}]}}