{"id":6042,"date":"2025-03-20T09:15:53","date_gmt":"2025-03-20T08:15:53","guid":{"rendered":"https:\/\/www.mentiness.com\/?page_id=6042"},"modified":"2025-03-23T14:42:00","modified_gmt":"2025-03-23T13:42:00","slug":"sector-tecnologia","status":"publish","type":"page","link":"https:\/\/www.mentiness.com\/es\/sector-tecnologia\/","title":{"rendered":"Sector tecnolog\u00eda"},"content":{"rendered":"\n<div class=\"wp-block-cover sector\"><span aria-hidden=\"true\" class=\"wp-block-cover__background has-background-dim-0 has-background-dim\" style=\"background-color:#6f7272\"><\/span><img loading=\"lazy\" decoding=\"async\" width=\"2560\" height=\"1708\" class=\"wp-block-cover__image-background wp-image-6129\" alt=\"\" src=\"https:\/\/www.mentiness.com\/images\/2025\/03\/lycs-architecture-U2BI3GMnSSE-unsplash-scaled.jpg\" style=\"object-position:50% 70%\" data-object-fit=\"cover\" data-object-position=\"50% 70%\" srcset=\"https:\/\/www.mentiness.com\/images\/2025\/03\/lycs-architecture-U2BI3GMnSSE-unsplash-scaled.jpg 2560w, https:\/\/www.mentiness.com\/images\/2025\/03\/lycs-architecture-U2BI3GMnSSE-unsplash-300x200.jpg 300w, https:\/\/www.mentiness.com\/images\/2025\/03\/lycs-architecture-U2BI3GMnSSE-unsplash-1024x683.jpg 1024w, https:\/\/www.mentiness.com\/images\/2025\/03\/lycs-architecture-U2BI3GMnSSE-unsplash-768x512.jpg 768w, https:\/\/www.mentiness.com\/images\/2025\/03\/lycs-architecture-U2BI3GMnSSE-unsplash-1536x1025.jpg 1536w, https:\/\/www.mentiness.com\/images\/2025\/03\/lycs-architecture-U2BI3GMnSSE-unsplash-2048x1366.jpg 2048w\" sizes=\"auto, (max-width: 2560px) 100vw, 2560px\" \/><div class=\"wp-block-cover__inner-container is-layout-constrained wp-block-cover-is-layout-constrained\">\n<p class=\"has-text-align-center has-large-font-size\"><\/p>\n<\/div><\/div>\n\n\n\n<div class=\"wp-block-columns is-layout-flex wp-container-core-columns-is-layout-9d6595d7 wp-block-columns-is-layout-flex\">\n<div class=\"wp-block-column p-3 p-sm-4 is-layout-flow wp-block-column-is-layout-flow\">\n<div class=\"wp-block-columns is-layout-flex wp-container-core-columns-is-layout-9d6595d7 wp-block-columns-is-layout-flex\">\n<div class=\"wp-block-column is-layout-flow wp-block-column-is-layout-flow\">\n<p>SECTOR: TECNOLOG\u00cdA<\/p>\n\n\n\n<p class=\"has-large-font-size\">Ojal\u00e1 haber llegado a tiempo&#8230;<\/p>\n<\/div>\n\n\n\n<div class=\"wp-block-column is-layout-flow wp-block-column-is-layout-flow\">\n<p>Encuentras al perfil ideal, inviertes meses en su onboarding y, antes de cumplir dos a\u00f1os, se va. No es un caso aislado. En tecnolog\u00eda, la rotaci\u00f3n es constante y siempre parece que llegas tarde. Cuando alguien renuncia, la causa ya estaba ah\u00ed meses atr\u00e1s, pero sin se\u00f1ales claras.<\/p>\n\n\n\n<p>El remoto y los equipos distribuidos agravan el problema. La desconexi\u00f3n con la cultura de empresa, la falta de liderazgo cercano y la dificultad para detectar desmotivaci\u00f3n a tiempo hacen que el talento se escape sin previo aviso.<\/p>\n\n\n\n<p>Intentas actuar con acciones aisladas pero sigues sintiendo que solo reaccionas cuando el problema ya es inevitable.<br><br><strong>\u00bfC\u00f3mo evitar que los mejores se vayan antes de que sea demasiado tarde?<\/strong><\/p>\n<\/div>\n<\/div>\n\n\n<div class=\"mtn-spacer\"><\/div>\n\n<div class=\"faq-container  \"><h2>Principales Pain<\/h2><div class=\"faq-question \">\n  <div class=\"faq-title\" onclick=\"toggleCollapse(this)\">\n    <h3>Rotaciones<\/h3>\n    <div class=\"collapse-arrow\"><span class=\"arrow\"><\/span><\/div>\n  <\/div>\n  <div class=\"faq-content\">\n  <div class=\"row no-negative-margin\">\n      <div class=\"col-12 col-md-6\">\n        \n<ul class=\"wp-block-list\">\n<li>M\u00e1s alta que otros sectores y entre el 20 y 30%.<\/li>\n\n\n\n<li>El reemplazo cuesta entre un 50 y 250% del salario de la persona<\/li>\n\n\n\n<li>La principal causa no es el salario. 72% menciona la falta de oportunidades de desarrollo, 50% lo vinculan al liderazgo<\/li>\n<\/ul>\n\n      <\/div>\n      <div class=\"col-12 col-md-6 image pb-4\">\n         <div class=\"imageBackground d-none d-md-block\" style=\"background-image: url('https:\/\/www.mentiness.com\/images\/2024\/04\/982a75b16801c9f4e1b72a572ed0bea6.jpeg');\"><\/div>\n         <img decoding=\"async\" class=\"d-inline d-md-none\" src=\"https:\/\/www.mentiness.com\/images\/2024\/04\/982a75b16801c9f4e1b72a572ed0bea6.jpeg\">\n      <\/div>\n    <\/div>\n    \n  <\/div>\n<\/div><div class=\"faq-question \">\n  <div class=\"faq-title\" onclick=\"toggleCollapse(this)\">\n    <h3>Managers, no l\u00edderes<\/h3>\n    <div class=\"collapse-arrow\"><span class=\"arrow\"><\/span><\/div>\n  <\/div>\n  <div class=\"faq-content\">\n  <div class=\"row no-negative-margin\">\n      <div class=\"col-12 col-md-6\">\n        \n<ul class=\"wp-block-list\">\n<li>70% del engagement depende del manager<\/li>\n\n\n\n<li>+80% de los managers tech han promocionado por sus habilidades tech, no soft<\/li>\n\n\n\n<li>Casi el 60% de los empleados en tech han considerado dejar su empresa por la mala gesti\u00f3n de sus managers<\/li>\n<\/ul>\n\n      <\/div>\n      <div class=\"col-12 col-md-6 image pb-4\">\n         <div class=\"imageBackground d-none d-md-block\" style=\"background-image: url('https:\/\/www.mentiness.com\/images\/2024\/04\/7700bcd2bfb64c2a8aec4e2f6e86b4fa-scaled.jpeg');\"><\/div>\n         <img decoding=\"async\" class=\"d-inline d-md-none\" src=\"https:\/\/www.mentiness.com\/images\/2024\/04\/7700bcd2bfb64c2a8aec4e2f6e86b4fa-scaled.jpeg\">\n      <\/div>\n    <\/div>\n    \n  <\/div>\n<\/div><div class=\"faq-question \">\n  <div class=\"faq-title\" onclick=\"toggleCollapse(this)\">\n    <h3>Desconexi\u00f3n del equipo<\/h3>\n    <div class=\"collapse-arrow\"><span class=\"arrow\"><\/span><\/div>\n  <\/div>\n  <div class=\"faq-content\">\n  <div class=\"row no-negative-margin\">\n      <div class=\"col-12 col-md-6\">\n        \n<ul class=\"wp-block-list\">\n<li>67% de los empleados en remoto se sienten \u201cdesconectados\u201d<\/li>\n\n\n\n<li>Tienen un 35% menos de oportunidades de crecimiento interno<\/li>\n\n\n\n<li>70% de los empleados en empresas con equipos deslocaliados dicen que la comunicaci\u00f3n con sus managers es deficiente<\/li>\n<\/ul>\n\n      <\/div>\n      <div class=\"col-12 col-md-6 image pb-4\">\n         <div class=\"imageBackground d-none d-md-block\" style=\"background-image: url('https:\/\/www.mentiness.com\/images\/2024\/04\/hero-6.jpg');\"><\/div>\n         <img decoding=\"async\" class=\"d-inline d-md-none\" src=\"https:\/\/www.mentiness.com\/images\/2024\/04\/hero-6.jpg\">\n      <\/div>\n    <\/div>\n    \n  <\/div>\n<\/div><\/div>\n\n<div class=\"mtn-spacer\"><\/div><\/div>\n<\/div>\n\n\n   <div class=\"content-slider  px-xxxl-0\">\n    <div class=\"header px-3 px-sm-4\">\n      <div class=\"title\">\n        C\u00f3mo te ayudamos\n      <\/div>\n      <div class=\"arrows\">\n        <div class=\"arrow-left\"><img decoding=\"async\" src=\"https:\/\/www.mentiness.com\/wp-content\/themes\/mentiness\/dist\/img\/arrow.svg\" \/><\/div>\n        <div class=\"arrow-right\"><img decoding=\"async\" src=\"https:\/\/www.mentiness.com\/wp-content\/themes\/mentiness\/dist\/img\/arrow.svg\" \/><\/div>\n      <\/div>\n    <\/div>\n    <div class=\"slide-width\">\n      <div class=\"slides\">\n               <!-- First slider -->\n       <div class=\"container\">\n         <div class=\"box\">\n           <div class=\"content\">\n             <div class=\"title\">Dashboard financiero<\/div>\n             <div class=\"text\">Para anticiparte a rotaciones y minimizar el ausentismo. Obt\u00e9n indicadores financieros conjuntos con direcci\u00f3n. <\/div>\n           <\/div>\n           <div class=\"image\"><img decoding=\"async\" src=\"https:\/\/www.mentiness.com\/images\/2025\/03\/finance-768x768.png\" skip-lazy=\"true\" \/><\/div>\n         <\/div>\n       <\/div>\n       <!-- \/First slider -->       <!-- First slider -->\n       <div class=\"container\">\n         <div class=\"box\">\n           <div class=\"content\">\n             <div class=\"title\">Encuestas de base cient\u00edfica<\/div>\n             <div class=\"text\">Descubre las causas detr\u00e1s de la desmotivaci\u00f3n, las rotaciones o el burnout. Entiende con nuestra segmentaci\u00f3n avanzada el punto temporal cr\u00edtico, los departamentos de mayor riesgo. <\/div>\n           <\/div>\n           <div class=\"image\"><img decoding=\"async\" src=\"https:\/\/www.mentiness.com\/images\/2025\/03\/mockup_plataforma-002b-768x768.png\" skip-lazy=\"true\" \/><\/div>\n         <\/div>\n       <\/div>\n       <!-- \/First slider -->       <!-- First slider -->\n       <div class=\"container\">\n         <div class=\"box\">\n           <div class=\"content\">\n             <div class=\"title\">LeIA<\/div>\n             <div class=\"text\">Para capacitar a tus managers y convertirlos en l\u00edderes. <\/div>\n           <\/div>\n           <div class=\"image\"><img decoding=\"async\" src=\"https:\/\/www.mentiness.com\/images\/2025\/03\/avatar-768x768.png\" skip-lazy=\"true\" \/><\/div>\n         <\/div>\n       <\/div>\n       <!-- \/First slider -->       <!-- First slider -->\n       <div class=\"container\">\n         <div class=\"box\">\n           <div class=\"content\">\n             <div class=\"title\">AI Assistants<\/div>\n             <div class=\"text\">Brinda a cada empleado un asistente personalizado en fases cr\u00edticas como el onboarding, o especializado en salud para cuidar de su bienestar. <\/div>\n           <\/div>\n           <div class=\"image\"><img decoding=\"async\" src=\"https:\/\/www.mentiness.com\/images\/2025\/03\/asistente-1-768x768.png\" skip-lazy=\"true\" \/><\/div>\n         <\/div>\n       <\/div>\n       <!-- \/First slider -->\n      <\/div>\n    <\/div>\n  <\/div>\n\n\n<div class=\"wp-block-columns is-layout-flex wp-container-core-columns-is-layout-9d6595d7 wp-block-columns-is-layout-flex\">\n<div class=\"wp-block-column p-3 p-sm-4 is-layout-flow wp-block-column-is-layout-flow\"><div class=\"mtn-spacer\"><\/div>\n\n<!-- Content image -->\n<div class=\"content-image \">\n  <div class=\"content-container row no-negative-margin p-0 px-xxxl-0 mx-0\">\n    <div class=\"images col-12 col-md-6 mt-4 mt-md-0 order-lg-1 order-md-1 order-sm-2 order-2 px-0 pe-md-3 \">\n      <div class=\"imageBackground d-none d-md-block\" style=\"background-image: url('https:\/\/www.mentiness.com\/images\/2024\/04\/a6a98e1ad5a197596430826e03608a64-scaled.jpeg');\"><\/div>\n       <img decoding=\"async\" class=\"d-inline d-md-none\" src=\"https:\/\/www.mentiness.com\/images\/2024\/04\/a6a98e1ad5a197596430826e03608a64-scaled.jpeg\">\n    <\/div>\n    <div class=\"content-text col-12 col-md-6 p-0  order-lg-2 order-md-2 order-sm-1 order-1 \">\n      <div class=\"content-pretitle p-0\">\n        <span class=\"white-label\">TECNOLOG\u00cdA<\/span>\n        <span class=\"white-label\">BENEFICIOS de usar mentiness<\/span>\n      <\/div>\n       \n       \n          <div class=\"content-text-block mt-2 \">\n     \n     <div class=\"title\"><strong>De perder talento sin entender por qu\u00e9 \u2192 a anticiparte a las rotaciones y tomar decisiones estrat\u00e9gicas<\/strong><\/div>\n     <div class=\"text\">Antes, la rotaci\u00f3n en tech oscilaba entre el 20-30%, con costes de reemplazo de hasta el 250% del salario. Ahora, con nuestro <strong>Dashboard Financiero<\/strong>, puedes prever salidas y minimizar el ausentismo alineando RRHH y direcci\u00f3n.<\/div>\n <\/div>   <div class=\"content-text-block mt-2 \">\n     \n     <div class=\"title\"><strong>De managers t\u00e9cnicos sin liderazgo \u2192 a l\u00edderes que fidelizan y motivan equipos<\/strong><\/div>\n     <div class=\"text\">Antes, el 70% del engagement depend\u00eda de managers sin formaci\u00f3n en liderazgo, y casi el 60% de los empleados tech pensaban en irse por su mala gesti\u00f3n. Ahora, con <strong>LeIA<\/strong>, tus managers se convierten en l\u00edderes preparados para dar feedback, detectar problemas y evitar fugas de talento.<\/div>\n <\/div>   <div class=\"content-text-block mt-2 \">\n     \n     <div class=\"title\"><strong>De equipos dispersos y desconectados \u2192 a una cultura fuerte sin importar d\u00f3nde trabajen<\/strong><\/div>\n     <div class=\"text\">Antes, el 67% de los empleados remotos se sent\u00edan desconectados, con un 35% menos de oportunidades de crecer internamente. Ahora, con nuestras <strong>encuestas cient\u00edficas y AI Assistants<\/strong>, identificas los puntos cr\u00edticos de desconexi\u00f3n y proporcionas apoyo personalizado en momentos clave.<\/div>\n <\/div>\n    <\/div>\n  <\/div>\n<\/div>\n<!-- \/Content image -->\n\n<div class=\"mtn-spacer\"><\/div><\/div>\n<\/div>\n\n\n<div class=\"cta-middle-block \">\n        <div class=\"img\">\n          <img decoding=\"async\" src=\"https:\/\/www.mentiness.com\/images\/2024\/04\/7ae0fbec11ee657935a453c5a36f2534-300x200.jpg\" \/>\n        <\/div>\n        <div class=\"img\">\n          <img decoding=\"async\" src=\"https:\/\/www.mentiness.com\/images\/2024\/04\/b91b02eeff3cfe7f523638ce6d67d9e3-225x300.jpg\" \/>\n        <\/div>\n        <div class=\"content\">\n          <div class=\"text\">\n            \u00bfEn tu sector ocurren retos similares?\n          <\/div>\n          <div class=\"link\">\n            <a class=\"button\" href=\"\/es\/solicita-demo\/\">Solicita una reuni\u00f3n<\/a>\n          <\/div>\n        <\/div>\n      <\/div>\n\n<div class=\"mtn-spacer\"><\/div>","protected":false},"excerpt":{"rendered":"<p>SECTOR: TECNOLOG\u00cdA Ojal\u00e1 haber llegado a tiempo&#8230; Encuentras al perfil ideal, inviertes meses en su onboarding y, antes de cumplir dos a\u00f1os, se va. No es un caso aislado. En tecnolog\u00eda, la rotaci\u00f3n es constante y siempre parece que llegas tarde. Cuando alguien renuncia, la causa ya estaba ah\u00ed meses atr\u00e1s, pero sin se\u00f1ales claras. [&hellip;]<\/p>\n","protected":false},"author":1,"featured_media":0,"parent":0,"menu_order":0,"comment_status":"closed","ping_status":"closed","template":"","meta":{"footnotes":""},"class_list":["post-6042","page","type-page","status-publish","hentry"],"aioseo_notices":[],"_links":{"self":[{"href":"https:\/\/www.mentiness.com\/es\/wp-json\/wp\/v2\/pages\/6042","targetHints":{"allow":["GET"]}}],"collection":[{"href":"https:\/\/www.mentiness.com\/es\/wp-json\/wp\/v2\/pages"}],"about":[{"href":"https:\/\/www.mentiness.com\/es\/wp-json\/wp\/v2\/types\/page"}],"author":[{"embeddable":true,"href":"https:\/\/www.mentiness.com\/es\/wp-json\/wp\/v2\/users\/1"}],"replies":[{"embeddable":true,"href":"https:\/\/www.mentiness.com\/es\/wp-json\/wp\/v2\/comments?post=6042"}],"version-history":[{"count":12,"href":"https:\/\/www.mentiness.com\/es\/wp-json\/wp\/v2\/pages\/6042\/revisions"}],"predecessor-version":[{"id":6173,"href":"https:\/\/www.mentiness.com\/es\/wp-json\/wp\/v2\/pages\/6042\/revisions\/6173"}],"wp:attachment":[{"href":"https:\/\/www.mentiness.com\/es\/wp-json\/wp\/v2\/media?parent=6042"}],"curies":[{"name":"wp","href":"https:\/\/api.w.org\/{rel}","templated":true}]}}