{"id":6047,"date":"2025-03-20T09:22:43","date_gmt":"2025-03-20T08:22:43","guid":{"rendered":"https:\/\/www.mentiness.com\/?page_id=6047"},"modified":"2025-03-23T14:54:04","modified_gmt":"2025-03-23T13:54:04","slug":"sector-farma","status":"publish","type":"page","link":"https:\/\/www.mentiness.com\/es\/sector-farma\/","title":{"rendered":"Sector Farma"},"content":{"rendered":"\n<div class=\"wp-block-cover is-light sector\"><span aria-hidden=\"true\" class=\"wp-block-cover__background has-background-dim-0 has-background-dim\"><\/span><img loading=\"lazy\" decoding=\"async\" width=\"2560\" height=\"2560\" class=\"wp-block-cover__image-background wp-image-6134\" alt=\"\" src=\"https:\/\/www.mentiness.com\/images\/2025\/03\/the-tonik-5Lbyao5bzbc-unsplash-scaled.jpg\" style=\"object-position:83% 35%\" data-object-fit=\"cover\" data-object-position=\"83% 35%\" srcset=\"https:\/\/www.mentiness.com\/images\/2025\/03\/the-tonik-5Lbyao5bzbc-unsplash-scaled.jpg 2560w, https:\/\/www.mentiness.com\/images\/2025\/03\/the-tonik-5Lbyao5bzbc-unsplash-300x300.jpg 300w, https:\/\/www.mentiness.com\/images\/2025\/03\/the-tonik-5Lbyao5bzbc-unsplash-1024x1024.jpg 1024w, https:\/\/www.mentiness.com\/images\/2025\/03\/the-tonik-5Lbyao5bzbc-unsplash-150x150.jpg 150w, https:\/\/www.mentiness.com\/images\/2025\/03\/the-tonik-5Lbyao5bzbc-unsplash-768x768.jpg 768w, https:\/\/www.mentiness.com\/images\/2025\/03\/the-tonik-5Lbyao5bzbc-unsplash-1536x1536.jpg 1536w, https:\/\/www.mentiness.com\/images\/2025\/03\/the-tonik-5Lbyao5bzbc-unsplash-2048x2048.jpg 2048w\" sizes=\"auto, (max-width: 2560px) 100vw, 2560px\" \/><div class=\"wp-block-cover__inner-container is-layout-constrained wp-block-cover-is-layout-constrained\">\n<p class=\"has-text-align-center has-large-font-size\"><\/p>\n<\/div><\/div>\n\n\n\n<div class=\"wp-block-columns is-layout-flex wp-container-core-columns-is-layout-9d6595d7 wp-block-columns-is-layout-flex\">\n<div class=\"wp-block-column p-3 p-sm-4 is-layout-flow wp-block-column-is-layout-flow\">\n<div class=\"wp-block-columns is-layout-flex wp-container-core-columns-is-layout-9d6595d7 wp-block-columns-is-layout-flex\">\n<div class=\"wp-block-column is-layout-flow wp-block-column-is-layout-flow\">\n<p>SECTOR: FARMA<\/p>\n\n\n\n<p class=\"has-large-font-size\">Cuando la rotaci\u00f3n pone en riesgo el conocimiento cr\u00edtico<\/p>\n<\/div>\n\n\n\n<div class=\"wp-block-column is-layout-flow wp-block-column-is-layout-flow\">\n<p>Formar a un profesional en farma no es solo cuesti\u00f3n de onboarding. Los procesos son complejos, el marco regulatorio exige precisi\u00f3n y cada empleado acumula un conocimiento clave que no puede perderse. Pero un d\u00eda, renuncia. Y con \u00e9l, se va esa experiencia que tardaste a\u00f1os en construir.<\/p>\n\n\n\n<p>La rotaci\u00f3n en este sector no solo cuesta dinero, sino que impacta en la continuidad de proyectos cr\u00edticos. La presi\u00f3n y el alto nivel de exigencia generan desgaste, y cuando detectas el problema, ya es tarde.<\/p>\n\n\n\n<p>El problema no es solo atraer talento, sino <strong>retenerlo antes de que el desgaste y la desconexi\u00f3n se conviertan en fuga<\/strong>.<\/p>\n\n\n\n<p><strong>\u00bfC\u00f3mo evitar que el conocimiento y la experiencia clave se pierdan antes de poder reaccionar?<\/strong><\/p>\n<\/div>\n<\/div>\n\n\n<div class=\"mtn-spacer\"><\/div>\n\n<div class=\"faq-container  \"><h2>Principales Pain<\/h2><div class=\"faq-question \">\n  <div class=\"faq-title\" onclick=\"toggleCollapse(this)\">\n    <h3>Rotaciones<\/h3>\n    <div class=\"collapse-arrow\"><span class=\"arrow\"><\/span><\/div>\n  <\/div>\n  <div class=\"faq-content\">\n  <div class=\"row no-negative-margin\">\n      <div class=\"col-12 col-md-6\">\n        \n<ul class=\"wp-block-list\">\n<li>La rotaci\u00f3n en farma puede superar el <strong>25%<\/strong>, un problema cr\u00edtico en un sector donde la especializaci\u00f3n es clave.<\/li>\n\n\n\n<li>El reemplazo de un perfil altamente cualificado <strong>puede costar entre el 100% y el 300% de su salario anual<\/strong>, considerando el tiempo de formaci\u00f3n y adaptaci\u00f3n.<\/li>\n\n\n\n<li>La principal causa de fuga no es el salario: <strong>el 68% menciona la falta de desarrollo profesional como motivo principal de salida<\/strong>, y el <strong>55% lo vincula con la falta de liderazgo efectivo<\/strong>.<\/li>\n<\/ul>\n\n      <\/div>\n      <div class=\"col-12 col-md-6 image pb-4\">\n         <div class=\"imageBackground d-none d-md-block\" style=\"background-image: url('https:\/\/www.mentiness.com\/images\/2024\/04\/hero-2.jpg');\"><\/div>\n         <img decoding=\"async\" class=\"d-inline d-md-none\" src=\"https:\/\/www.mentiness.com\/images\/2024\/04\/hero-2.jpg\">\n      <\/div>\n    <\/div>\n    \n  <\/div>\n<\/div><div class=\"faq-question \">\n  <div class=\"faq-title\" onclick=\"toggleCollapse(this)\">\n    <h3>Managers, no l\u00edderes<\/h3>\n    <div class=\"collapse-arrow\"><span class=\"arrow\"><\/span><\/div>\n  <\/div>\n  <div class=\"faq-content\">\n  <div class=\"row no-negative-margin\">\n      <div class=\"col-12 col-md-6\">\n        \n<ul class=\"wp-block-list\">\n<li><strong>80% de los managers en farma han sido promovidos por expertise t\u00e9cnica<\/strong>, sin formaci\u00f3n en liderazgo<\/li>\n\n\n\n<li><strong>El 60% de los equipos farmac\u00e9uticos reportan falta de feedback y comunicaci\u00f3n clara<\/strong>, impactando en la retenci\u00f3n<\/li>\n\n\n\n<li><strong>El liderazgo deficiente es una de las principales razones de desmotivaci\u00f3n y fuga de talento en el sector<\/strong>, afectando la productividad<\/li>\n<\/ul>\n\n      <\/div>\n      <div class=\"col-12 col-md-6 image pb-4\">\n         <div class=\"imageBackground d-none d-md-block\" style=\"background-image: url('https:\/\/www.mentiness.com\/images\/2024\/04\/hero-1.jpg');\"><\/div>\n         <img decoding=\"async\" class=\"d-inline d-md-none\" src=\"https:\/\/www.mentiness.com\/images\/2024\/04\/hero-1.jpg\">\n      <\/div>\n    <\/div>\n    \n  <\/div>\n<\/div><div class=\"faq-question \">\n  <div class=\"faq-title\" onclick=\"toggleCollapse(this)\">\n    <h3>Sobrecarga y burnout<\/h3>\n    <div class=\"collapse-arrow\"><span class=\"arrow\"><\/span><\/div>\n  <\/div>\n  <div class=\"faq-content\">\n  <div class=\"row no-negative-margin\">\n      <div class=\"col-12 col-md-6\">\n        \n<ul class=\"wp-block-list\">\n<li><strong>El 60% de los empleados en farma afirman sentirse sobrecargados de trabajo<\/strong>, lo que aumenta el riesgo de burnout y baja motivaci\u00f3n.<\/li>\n\n\n\n<li>El burnout es m\u00e1s com\u00fan en farma que en otros sectores. Los ratios rondan el <strong>25% de los empleados mientras que<\/strong> la prevalencia general del s\u00edndrome de burnout fue del <strong>7%<\/strong>.<\/li>\n\n\n\n<li>Estas cifras pueden ser incluso m\u00e1s altas en segmentos como los equipos comerciales dado su modelo de negocio y trabajo por objetivos<\/li>\n<\/ul>\n\n      <\/div>\n      <div class=\"col-12 col-md-6 image pb-4\">\n         <div class=\"imageBackground d-none d-md-block\" style=\"background-image: url('https:\/\/www.mentiness.com\/images\/2024\/04\/hero-5.jpg');\"><\/div>\n         <img decoding=\"async\" class=\"d-inline d-md-none\" src=\"https:\/\/www.mentiness.com\/images\/2024\/04\/hero-5.jpg\">\n      <\/div>\n    <\/div>\n    \n  <\/div>\n<\/div><\/div>\n\n<div class=\"mtn-spacer\"><\/div><\/div>\n<\/div>\n\n\n   <div class=\"content-slider  px-xxxl-0\">\n    <div class=\"header px-3 px-sm-4\">\n      <div class=\"title\">\n        C\u00f3mo te ayudamos\n      <\/div>\n      <div class=\"arrows\">\n        <div class=\"arrow-left\"><img decoding=\"async\" src=\"https:\/\/www.mentiness.com\/wp-content\/themes\/mentiness\/dist\/img\/arrow.svg\" \/><\/div>\n        <div class=\"arrow-right\"><img decoding=\"async\" src=\"https:\/\/www.mentiness.com\/wp-content\/themes\/mentiness\/dist\/img\/arrow.svg\" \/><\/div>\n      <\/div>\n    <\/div>\n    <div class=\"slide-width\">\n      <div class=\"slides\">\n               <!-- First slider -->\n       <div class=\"container\">\n         <div class=\"box\">\n           <div class=\"content\">\n             <div class=\"title\">Dashboard financiero<\/div>\n             <div class=\"text\">Para anticiparte a rotaciones y minimizar el ausentismo. Obt\u00e9n indicadores financieros conjuntos con direcci\u00f3n. <\/div>\n           <\/div>\n           <div class=\"image\"><img decoding=\"async\" src=\"https:\/\/www.mentiness.com\/images\/2025\/03\/finance-768x768.png\" skip-lazy=\"true\" \/><\/div>\n         <\/div>\n       <\/div>\n       <!-- \/First slider -->       <!-- First slider -->\n       <div class=\"container\">\n         <div class=\"box\">\n           <div class=\"content\">\n             <div class=\"title\">Encuestas de base cient\u00edfica<\/div>\n             <div class=\"text\">Descubre las causas detr\u00e1s de la desmotivaci\u00f3n, la rotaci\u00f3n o el burnout. Nuestra segmentaci\u00f3n avanzada identifica el punto cr\u00edtico y las \u00e1reas de mayor riesgo. <\/div>\n           <\/div>\n           <div class=\"image\"><img decoding=\"async\" src=\"https:\/\/www.mentiness.com\/images\/2025\/03\/alertas-768x768.png\" skip-lazy=\"true\" \/><\/div>\n         <\/div>\n       <\/div>\n       <!-- \/First slider -->       <!-- First slider -->\n       <div class=\"container\">\n         <div class=\"box\">\n           <div class=\"content\">\n             <div class=\"title\">LeIA<\/div>\n             <div class=\"text\">Capacita a tus managers en liderazgo, gesti\u00f3n del estr\u00e9s y feedback efectivo para convertirlos en verdaderos l\u00edderes. <\/div>\n           <\/div>\n           <div class=\"image\"><img decoding=\"async\" src=\"https:\/\/www.mentiness.com\/images\/2025\/03\/avatar-768x768.png\" skip-lazy=\"true\" \/><\/div>\n         <\/div>\n       <\/div>\n       <!-- \/First slider -->       <!-- First slider -->\n       <div class=\"container\">\n         <div class=\"box\">\n           <div class=\"content\">\n             <div class=\"title\">AI Assistants<\/div>\n             <div class=\"text\">Brinda a cada empleado un asistente personalizado en fases clave como el onboarding o especializado en salud para mitigar el desgaste emocional. <\/div>\n           <\/div>\n           <div class=\"image\"><img decoding=\"async\" src=\"https:\/\/www.mentiness.com\/images\/2025\/03\/asistente-1-768x768.png\" skip-lazy=\"true\" \/><\/div>\n         <\/div>\n       <\/div>\n       <!-- \/First slider -->\n      <\/div>\n    <\/div>\n  <\/div>\n\n\n<div class=\"wp-block-columns is-layout-flex wp-container-core-columns-is-layout-9d6595d7 wp-block-columns-is-layout-flex\">\n<div class=\"wp-block-column p-3 p-sm-4 is-layout-flow wp-block-column-is-layout-flow\"><div class=\"mtn-spacer\"><\/div>\n\n<!-- Content image -->\n<div class=\"content-image \">\n  <div class=\"content-container row no-negative-margin p-0 px-xxxl-0 mx-0\">\n    <div class=\"images col-12 col-md-6 mt-4 mt-md-0 order-lg-1 order-md-1 order-sm-2 order-2 px-0 pe-md-3 \">\n      <div class=\"imageBackground d-none d-md-block\" style=\"background-image: url('https:\/\/www.mentiness.com\/images\/2024\/04\/2c611fbc7939b0dab5d1711b2c9b5c2a-scaled.jpeg');\"><\/div>\n       <img decoding=\"async\" class=\"d-inline d-md-none\" src=\"https:\/\/www.mentiness.com\/images\/2024\/04\/2c611fbc7939b0dab5d1711b2c9b5c2a-scaled.jpeg\">\n    <\/div>\n    <div class=\"content-text col-12 col-md-6 p-0  order-lg-2 order-md-2 order-sm-1 order-1 \">\n      <div class=\"content-pretitle p-0\">\n        <span class=\"white-label\">FARMA<\/span>\n        <span class=\"white-label\">BENEFICIOS de usar mentiness<\/span>\n      <\/div>\n       \n       \n          <div class=\"content-text-block mt-2 \">\n     \n     <div class=\"title\"><strong><strong>De perder talento cr\u00edtico sin previsi\u00f3n \u2192 a proteger el conocimiento clave antes de que se vaya<\/strong><\/strong><\/div>\n     <div class=\"text\">Antes, la rotaci\u00f3n en farma superaba el 25%, con costes de reemplazo que pod\u00edan triplicar el salario del empleado. Ahora, con nuestro <strong>Dashboard Financiero<\/strong>, puedes prever salidas y actuar con direcci\u00f3n para evitar la p\u00e9rdida de conocimiento.<\/div>\n <\/div>   <div class=\"content-text-block mt-2 \">\n     \n     <div class=\"title\"><strong><strong>De managers promovidos sin liderazgo \u2192 a l\u00edderes que impulsan la estabilidad del equipo<\/strong><\/strong><\/div>\n     <div class=\"text\">Antes, el 70% del engagement depend\u00eda de managers sin formaci\u00f3n en liderazgo y m\u00e1s del 50% de los empleados valoraban irse por una gesti\u00f3n deficiente. Ahora, con <strong>LeIA<\/strong>, tus managers se convierten en l\u00edderes preparados para gestionar la carga laboral, el feedback y la retenci\u00f3n de talento.<\/div>\n <\/div>   <div class=\"content-text-block mt-2 \">\n     \n     <div class=\"title\"><strong><strong>De empleados sobrecargados y sin desarrollo \u2192 a equipos motivados y conectados<\/strong><\/strong><\/div>\n     <div class=\"text\">Antes, el 60% de los empleados en farma se sent\u00edan sobrecargados y sin oportunidades reales de crecimiento. Ahora, con <strong>AI Assistants<\/strong> y <strong>encuestas cient\u00edficas<\/strong>, detectas se\u00f1ales tempranas de desmotivaci\u00f3n y proporcionas apoyo personalizado en momentos clave.<\/div>\n <\/div>\n    <\/div>\n  <\/div>\n<\/div>\n<!-- \/Content image -->\n\n<div class=\"mtn-spacer\"><\/div><\/div>\n<\/div>\n\n\n<div class=\"cta-middle-block \">\n        <div class=\"img\">\n          <img decoding=\"async\" src=\"https:\/\/www.mentiness.com\/images\/2024\/04\/7ae0fbec11ee657935a453c5a36f2534-300x200.jpg\" \/>\n        <\/div>\n        <div class=\"img\">\n          <img decoding=\"async\" src=\"https:\/\/www.mentiness.com\/images\/2024\/04\/b91b02eeff3cfe7f523638ce6d67d9e3-225x300.jpg\" \/>\n        <\/div>\n        <div class=\"content\">\n          <div class=\"text\">\n            \u00bfEn tu sector ocurren retos similares?\n          <\/div>\n          <div class=\"link\">\n            <a class=\"button\" href=\"\/es\/solicita-demo\/\">Solicita una reuni\u00f3n<\/a>\n          <\/div>\n        <\/div>\n      <\/div>\n\n<div class=\"mtn-spacer\"><\/div>","protected":false},"excerpt":{"rendered":"<p>SECTOR: FARMA Cuando la rotaci\u00f3n pone en riesgo el conocimiento cr\u00edtico Formar a un profesional en farma no es solo cuesti\u00f3n de onboarding. Los procesos son complejos, el marco regulatorio exige precisi\u00f3n y cada empleado acumula un conocimiento clave que no puede perderse. Pero un d\u00eda, renuncia. Y con \u00e9l, se va esa experiencia que [&hellip;]<\/p>\n","protected":false},"author":1,"featured_media":0,"parent":0,"menu_order":0,"comment_status":"closed","ping_status":"closed","template":"","meta":{"footnotes":""},"class_list":["post-6047","page","type-page","status-publish","hentry"],"aioseo_notices":[],"_links":{"self":[{"href":"https:\/\/www.mentiness.com\/es\/wp-json\/wp\/v2\/pages\/6047","targetHints":{"allow":["GET"]}}],"collection":[{"href":"https:\/\/www.mentiness.com\/es\/wp-json\/wp\/v2\/pages"}],"about":[{"href":"https:\/\/www.mentiness.com\/es\/wp-json\/wp\/v2\/types\/page"}],"author":[{"embeddable":true,"href":"https:\/\/www.mentiness.com\/es\/wp-json\/wp\/v2\/users\/1"}],"replies":[{"embeddable":true,"href":"https:\/\/www.mentiness.com\/es\/wp-json\/wp\/v2\/comments?post=6047"}],"version-history":[{"count":8,"href":"https:\/\/www.mentiness.com\/es\/wp-json\/wp\/v2\/pages\/6047\/revisions"}],"predecessor-version":[{"id":6177,"href":"https:\/\/www.mentiness.com\/es\/wp-json\/wp\/v2\/pages\/6047\/revisions\/6177"}],"wp:attachment":[{"href":"https:\/\/www.mentiness.com\/es\/wp-json\/wp\/v2\/media?parent=6047"}],"curies":[{"name":"wp","href":"https:\/\/api.w.org\/{rel}","templated":true}]}}