{"id":6050,"date":"2025-03-20T09:27:09","date_gmt":"2025-03-20T08:27:09","guid":{"rendered":"https:\/\/www.mentiness.com\/?page_id=6050"},"modified":"2025-03-23T14:55:09","modified_gmt":"2025-03-23T13:55:09","slug":"sector-turismo","status":"publish","type":"page","link":"https:\/\/www.mentiness.com\/es\/sector-turismo\/","title":{"rendered":"Sector Turismo"},"content":{"rendered":"\n<div class=\"wp-block-cover sector\"><span aria-hidden=\"true\" class=\"wp-block-cover__background has-background-dim-0 has-background-dim\"><\/span><img loading=\"lazy\" decoding=\"async\" width=\"2560\" height=\"1707\" class=\"wp-block-cover__image-background wp-image-6141\" alt=\"\" src=\"https:\/\/www.mentiness.com\/images\/2025\/03\/photo-1621293954908-907159247fc8-scaled.avif\" data-object-fit=\"cover\" srcset=\"https:\/\/www.mentiness.com\/images\/2025\/03\/photo-1621293954908-907159247fc8-scaled.avif 2560w, https:\/\/www.mentiness.com\/images\/2025\/03\/photo-1621293954908-907159247fc8-300x200.avif 300w, https:\/\/www.mentiness.com\/images\/2025\/03\/photo-1621293954908-907159247fc8-1024x683.avif 1024w, https:\/\/www.mentiness.com\/images\/2025\/03\/photo-1621293954908-907159247fc8-768x512.avif 768w, https:\/\/www.mentiness.com\/images\/2025\/03\/photo-1621293954908-907159247fc8-1536x1024.avif 1536w, https:\/\/www.mentiness.com\/images\/2025\/03\/photo-1621293954908-907159247fc8-2048x1365.avif 2048w\" sizes=\"auto, (max-width: 2560px) 100vw, 2560px\" \/><div class=\"wp-block-cover__inner-container is-layout-constrained wp-block-cover-is-layout-constrained\">\n<p class=\"has-text-align-center has-large-font-size\"><\/p>\n<\/div><\/div>\n\n\n\n<div class=\"wp-block-columns is-layout-flex wp-container-core-columns-is-layout-9d6595d7 wp-block-columns-is-layout-flex\">\n<div class=\"wp-block-column p-3 p-sm-4 is-layout-flow wp-block-column-is-layout-flow\">\n<div class=\"wp-block-columns is-layout-flex wp-container-core-columns-is-layout-9d6595d7 wp-block-columns-is-layout-flex\">\n<div class=\"wp-block-column is-layout-flow wp-block-column-is-layout-flow\">\n<p>SECTOR: TURISMO<\/p>\n\n\n\n<p class=\"has-large-font-size\">\u00bfC\u00f3mo gestionas una cultura de empresa cuando cada equipo vive una realidad distinta?<\/p>\n<\/div>\n\n\n\n<div class=\"wp-block-column is-layout-flow wp-block-column-is-layout-flow\">\n<p>Un hotel en Madrid, otro en Barcelona, personal en recepci\u00f3n, en cocina, en limpieza, en administraci\u00f3n\u2026 No hay dos equipos con la misma din\u00e1mica, pero todos forman parte de la misma empresa. Y ah\u00ed est\u00e1 el reto: <strong>\u00bfc\u00f3mo logras una cultura unificada en un sector donde las experiencias laborales son tan dispares?<\/strong><\/p>\n\n\n\n<p>La alta rotaci\u00f3n es un problema constante. La falta de conexi\u00f3n entre oficinas y operativa genera desconexi\u00f3n y dificulta la comunicaci\u00f3n. Y, mientras intentas mejorar el ambiente, el desgaste sigue acumul\u00e1ndose en los equipos m\u00e1s cr\u00edticos.<\/p>\n\n\n\n<p>Intentas reaccionar, pero el problema siempre va un paso por delante. \u00bfC\u00f3mo evitar que el talento se vaya antes de que puedas actuar?<\/p>\n<\/div>\n<\/div>\n\n\n<div class=\"mtn-spacer\"><\/div>\n\n<div class=\"faq-container  \"><h2>Principales Pain<\/h2><div class=\"faq-question \">\n  <div class=\"faq-title\" onclick=\"toggleCollapse(this)\">\n    <h3>Rotaciones constantes, ausentismo<\/h3>\n    <div class=\"collapse-arrow\"><span class=\"arrow\"><\/span><\/div>\n  <\/div>\n  <div class=\"faq-content\">\n  <div class=\"row no-negative-margin\">\n      <div class=\"col-12 col-md-6\">\n        \n<ul class=\"wp-block-list\">\n<li>La rotaci\u00f3n en el sector hospitality <strong>supera el 70% anual<\/strong>, m\u00e1s del doble que en otras industrias.<\/li>\n\n\n\n<li><strong>El reemplazo de un empleado puede costar hasta el 50% de su salario<\/strong>, considerando formaci\u00f3n, adaptaci\u00f3n y p\u00e9rdida de productividad.<\/li>\n\n\n\n<li>El <strong>60% de los trabajadores que se van mencionan la falta de oportunidades de crecimiento<\/strong> como motivo principal.<\/li>\n<\/ul>\n\n      <\/div>\n      <div class=\"col-12 col-md-6 image pb-4\">\n         <div class=\"imageBackground d-none d-md-block\" style=\"background-image: url('https:\/\/www.mentiness.com\/images\/2024\/04\/pexels-aleksandar-pasaric-1527934.jpg');\"><\/div>\n         <img decoding=\"async\" class=\"d-inline d-md-none\" src=\"https:\/\/www.mentiness.com\/images\/2024\/04\/pexels-aleksandar-pasaric-1527934.jpg\">\n      <\/div>\n    <\/div>\n    \n  <\/div>\n<\/div><div class=\"faq-question \">\n  <div class=\"faq-title\" onclick=\"toggleCollapse(this)\">\n    <h3>Cultura fragmentada y desconectada<\/h3>\n    <div class=\"collapse-arrow\"><span class=\"arrow\"><\/span><\/div>\n  <\/div>\n  <div class=\"faq-content\">\n  <div class=\"row no-negative-margin\">\n      <div class=\"col-12 col-md-6\">\n        \n<ul class=\"wp-block-list\">\n<li><strong>El 65% de los empleados en hospitality afirman que la comunicaci\u00f3n interna es deficiente<\/strong>, lo que impacta en la cohesi\u00f3n de los equipos.<\/li>\n\n\n\n<li>En empresas con m\u00faltiples ubicaciones, <strong>los empleados en operaciones tienen un 40% menos de interacci\u00f3n con la direcci\u00f3n<\/strong>, generando una brecha en la alineaci\u00f3n cultural.<\/li>\n\n\n\n<li>La falta de visibilidad sobre el estado emocional de los equipos dificulta la toma de decisiones estrat\u00e9gicas en RRHH.<\/li>\n<\/ul>\n\n      <\/div>\n      <div class=\"col-12 col-md-6 image pb-4\">\n         <div class=\"imageBackground d-none d-md-block\" style=\"background-image: url('https:\/\/www.mentiness.com\/images\/2024\/04\/b50df4988341399025df6eab19b19632-scaled.jpeg');\"><\/div>\n         <img decoding=\"async\" class=\"d-inline d-md-none\" src=\"https:\/\/www.mentiness.com\/images\/2024\/04\/b50df4988341399025df6eab19b19632-scaled.jpeg\">\n      <\/div>\n    <\/div>\n    \n  <\/div>\n<\/div><div class=\"faq-question \">\n  <div class=\"faq-title\" onclick=\"toggleCollapse(this)\">\n    <h3>Liderazgo operativo, no humano<\/h3>\n    <div class=\"collapse-arrow\"><span class=\"arrow\"><\/span><\/div>\n  <\/div>\n  <div class=\"faq-content\">\n  <div class=\"row no-negative-margin\">\n      <div class=\"col-12 col-md-6\">\n        \n<ul class=\"wp-block-list\">\n<li><strong>El 70% de los mandos intermedios en hospitality han sido promovidos desde operativa sin formaci\u00f3n en liderazgo<\/strong>.<\/li>\n\n\n\n<li><strong>M\u00e1s del 50% de los empleados reportan estr\u00e9s laboral como consecuencia de la falta de feedback y gesti\u00f3n efectiva del equipo<\/strong>.<\/li>\n\n\n\n<li>El liderazgo basado solo en la gesti\u00f3n de tareas contribuye a la desmotivaci\u00f3n y la fuga de talento.<\/li>\n<\/ul>\n\n      <\/div>\n      <div class=\"col-12 col-md-6 image pb-4\">\n         <div class=\"imageBackground d-none d-md-block\" style=\"background-image: url('https:\/\/www.mentiness.com\/images\/2024\/04\/pexels-justyna-serafin-11067709.jpg');\"><\/div>\n         <img decoding=\"async\" class=\"d-inline d-md-none\" src=\"https:\/\/www.mentiness.com\/images\/2024\/04\/pexels-justyna-serafin-11067709.jpg\">\n      <\/div>\n    <\/div>\n    \n  <\/div>\n<\/div><\/div>\n\n<div class=\"mtn-spacer\"><\/div><\/div>\n<\/div>\n\n\n   <div class=\"content-slider  px-xxxl-0\">\n    <div class=\"header px-3 px-sm-4\">\n      <div class=\"title\">\n        C\u00f3mo te ayudamos\n      <\/div>\n      <div class=\"arrows\">\n        <div class=\"arrow-left\"><img decoding=\"async\" src=\"https:\/\/www.mentiness.com\/wp-content\/themes\/mentiness\/dist\/img\/arrow.svg\" \/><\/div>\n        <div class=\"arrow-right\"><img decoding=\"async\" src=\"https:\/\/www.mentiness.com\/wp-content\/themes\/mentiness\/dist\/img\/arrow.svg\" \/><\/div>\n      <\/div>\n    <\/div>\n    <div class=\"slide-width\">\n      <div class=\"slides\">\n               <!-- First slider -->\n       <div class=\"container\">\n         <div class=\"box\">\n           <div class=\"content\">\n             <div class=\"title\">Dashboard financiero<\/div>\n             <div class=\"text\">Para anticiparte a rotaciones y minimizar el ausentismo. Obt\u00e9n indicadores financieros conjuntos con direcci\u00f3n. <\/div>\n           <\/div>\n           <div class=\"image\"><img decoding=\"async\" src=\"https:\/\/www.mentiness.com\/images\/2025\/03\/finance-768x768.png\" skip-lazy=\"true\" \/><\/div>\n         <\/div>\n       <\/div>\n       <!-- \/First slider -->       <!-- First slider -->\n       <div class=\"container\">\n         <div class=\"box\">\n           <div class=\"content\">\n             <div class=\"title\">Encuestas de base cient\u00edfica<\/div>\n             <div class=\"text\">Descubre las causas detr\u00e1s de la desmotivaci\u00f3n, la rotaci\u00f3n o el burnout. Identifica los puntos cr\u00edticos en cada departamento o localizaci\u00f3n. <\/div>\n           <\/div>\n           <div class=\"image\"><img decoding=\"async\" src=\"https:\/\/www.mentiness.com\/images\/2025\/03\/alertas-768x768.png\" skip-lazy=\"true\" \/><\/div>\n         <\/div>\n       <\/div>\n       <!-- \/First slider -->       <!-- First slider -->\n       <div class=\"container\">\n         <div class=\"box\">\n           <div class=\"content\">\n             <div class=\"title\">LeIA<\/div>\n             <div class=\"text\">Capacita a tus managers operativos en liderazgo, gesti\u00f3n de equipos y comunicaci\u00f3n efectiva. <\/div>\n           <\/div>\n           <div class=\"image\"><img decoding=\"async\" src=\"https:\/\/www.mentiness.com\/images\/2025\/03\/avatar-768x768.png\" skip-lazy=\"true\" \/><\/div>\n         <\/div>\n       <\/div>\n       <!-- \/First slider -->       <!-- First slider -->\n       <div class=\"container\">\n         <div class=\"box\">\n           <div class=\"content\">\n             <div class=\"title\">AI Assistants<\/div>\n             <div class=\"text\">Brinda a cada empleado un asistente personalizado en fases clave como el onboarding o especializado en salud para reducir el desgaste emocional. <\/div>\n           <\/div>\n           <div class=\"image\"><img decoding=\"async\" src=\"https:\/\/www.mentiness.com\/images\/2025\/03\/asistente-1-768x768.png\" skip-lazy=\"true\" \/><\/div>\n         <\/div>\n       <\/div>\n       <!-- \/First slider -->\n      <\/div>\n    <\/div>\n  <\/div>\n\n\n<div class=\"wp-block-columns is-layout-flex wp-container-core-columns-is-layout-9d6595d7 wp-block-columns-is-layout-flex\">\n<div class=\"wp-block-column p-3 p-sm-4 is-layout-flow wp-block-column-is-layout-flow\"><div class=\"mtn-spacer\"><\/div>\n\n<!-- Content image -->\n<div class=\"content-image \">\n  <div class=\"content-container row no-negative-margin p-0 px-xxxl-0 mx-0\">\n    <div class=\"images col-12 col-md-6 mt-4 mt-md-0 order-lg-1 order-md-1 order-sm-2 order-2 px-0 pe-md-3 \">\n      <div class=\"imageBackground d-none d-md-block\" style=\"background-image: url('https:\/\/www.mentiness.com\/images\/2024\/04\/960f4f57c20550971a71779e47cb0318-scaled.jpeg');\"><\/div>\n       <img decoding=\"async\" class=\"d-inline d-md-none\" src=\"https:\/\/www.mentiness.com\/images\/2024\/04\/960f4f57c20550971a71779e47cb0318-scaled.jpeg\">\n    <\/div>\n    <div class=\"content-text col-12 col-md-6 p-0  order-lg-2 order-md-2 order-sm-1 order-1 \">\n      <div class=\"content-pretitle p-0\">\n        <span class=\"white-label\">TURISMO<\/span>\n        <span class=\"white-label\">BENEFICIOS de usar mentiness<\/span>\n      <\/div>\n       \n       \n          <div class=\"content-text-block mt-2 \">\n     \n     <div class=\"title\"><strong><strong>De perder talento sin entender por qu\u00e9 \u2192 a anticiparte a las rotaciones y tomar decisiones estrat\u00e9gicas<\/strong><\/strong><\/div>\n     <div class=\"text\">Antes, la rotaci\u00f3n en hospitality superaba el 70%, con un coste elevado en formaci\u00f3n y productividad. Ahora, con nuestro <strong>Dashboard Financiero<\/strong>, puedes prever salidas y minimizar el impacto en el negocio.<\/div>\n <\/div>   <div class=\"content-text-block mt-2 \">\n     \n     <div class=\"title\"><strong><strong>De managers operativos sin formaci\u00f3n en liderazgo \u2192 a l\u00edderes que impulsan la estabilidad del equipo<\/strong><\/strong><\/div>\n     <div class=\"text\">Antes, el 70% de los mandos intermedios eran promovidos sin formaci\u00f3n en liderazgo, generando equipos desmotivados. Ahora, con <strong>LeIA<\/strong>, los managers aprenden a dar feedback, gestionar equipos y reducir el estr\u00e9s operativo.<\/div>\n <\/div>   <div class=\"content-text-block mt-2 \">\n     \n     <div class=\"title\"><strong><strong>De equipos desconectados entre sedes y \u00e1reas \u2192 a una cultura alineada y con comunicaci\u00f3n fluida<\/strong><\/strong><\/div>\n     <div class=\"text\">Antes, la falta de interacci\u00f3n entre equipos y direcci\u00f3n generaba una cultura fragmentada. Ahora, con nuestras <strong>encuestas cient\u00edficas<\/strong> y <strong>AI Assistants<\/strong>, identificas puntos cr\u00edticos en cada ubicaci\u00f3n y das apoyo personalizado a los equipos.<\/div>\n <\/div>\n    <\/div>\n  <\/div>\n<\/div>\n<!-- \/Content image -->\n\n<div class=\"mtn-spacer\"><\/div><\/div>\n<\/div>\n\n\n<div class=\"cta-middle-block \">\n        <div class=\"img\">\n          <img decoding=\"async\" src=\"https:\/\/www.mentiness.com\/images\/2024\/04\/7ae0fbec11ee657935a453c5a36f2534-300x200.jpg\" \/>\n        <\/div>\n        <div class=\"img\">\n          <img decoding=\"async\" src=\"https:\/\/www.mentiness.com\/images\/2024\/04\/b91b02eeff3cfe7f523638ce6d67d9e3-225x300.jpg\" \/>\n        <\/div>\n        <div class=\"content\">\n          <div class=\"text\">\n            \u00bfEn tu sector ocurren retos similares?\n          <\/div>\n          <div class=\"link\">\n            <a class=\"button\" href=\"\/es\/solicita-demo\/\">Solicita una reuni\u00f3n<\/a>\n          <\/div>\n        <\/div>\n      <\/div>\n\n<div class=\"mtn-spacer\"><\/div>","protected":false},"excerpt":{"rendered":"<p>SECTOR: TURISMO \u00bfC\u00f3mo gestionas una cultura de empresa cuando cada equipo vive una realidad distinta? Un hotel en Madrid, otro en Barcelona, personal en recepci\u00f3n, en cocina, en limpieza, en administraci\u00f3n\u2026 No hay dos equipos con la misma din\u00e1mica, pero todos forman parte de la misma empresa. Y ah\u00ed est\u00e1 el reto: \u00bfc\u00f3mo logras una [&hellip;]<\/p>\n","protected":false},"author":1,"featured_media":0,"parent":0,"menu_order":0,"comment_status":"closed","ping_status":"closed","template":"","meta":{"footnotes":""},"class_list":["post-6050","page","type-page","status-publish","hentry"],"aioseo_notices":[],"_links":{"self":[{"href":"https:\/\/www.mentiness.com\/es\/wp-json\/wp\/v2\/pages\/6050","targetHints":{"allow":["GET"]}}],"collection":[{"href":"https:\/\/www.mentiness.com\/es\/wp-json\/wp\/v2\/pages"}],"about":[{"href":"https:\/\/www.mentiness.com\/es\/wp-json\/wp\/v2\/types\/page"}],"author":[{"embeddable":true,"href":"https:\/\/www.mentiness.com\/es\/wp-json\/wp\/v2\/users\/1"}],"replies":[{"embeddable":true,"href":"https:\/\/www.mentiness.com\/es\/wp-json\/wp\/v2\/comments?post=6050"}],"version-history":[{"count":6,"href":"https:\/\/www.mentiness.com\/es\/wp-json\/wp\/v2\/pages\/6050\/revisions"}],"predecessor-version":[{"id":6179,"href":"https:\/\/www.mentiness.com\/es\/wp-json\/wp\/v2\/pages\/6050\/revisions\/6179"}],"wp:attachment":[{"href":"https:\/\/www.mentiness.com\/es\/wp-json\/wp\/v2\/media?parent=6050"}],"curies":[{"name":"wp","href":"https:\/\/api.w.org\/{rel}","templated":true}]}}