{"id":6054,"date":"2025-03-20T09:35:03","date_gmt":"2025-03-20T08:35:03","guid":{"rendered":"https:\/\/www.mentiness.com\/?page_id=6054"},"modified":"2025-03-23T14:57:31","modified_gmt":"2025-03-23T13:57:31","slug":"sector-consultoria","status":"publish","type":"page","link":"https:\/\/www.mentiness.com\/es\/sector-consultoria\/","title":{"rendered":"Sector Consultor\u00eda"},"content":{"rendered":"\n<div class=\"wp-block-cover sector\"><span aria-hidden=\"true\" class=\"wp-block-cover__background has-background-dim-0 has-background-dim\"><\/span><img loading=\"lazy\" decoding=\"async\" width=\"2560\" height=\"1707\" class=\"wp-block-cover__image-background wp-image-6147\" alt=\"\" src=\"https:\/\/www.mentiness.com\/images\/2025\/03\/brooke-cagle-g1Kr4Ozfoac-unsplash-scaled.jpg\" style=\"object-position:50% 30%\" data-object-fit=\"cover\" data-object-position=\"50% 30%\" srcset=\"https:\/\/www.mentiness.com\/images\/2025\/03\/brooke-cagle-g1Kr4Ozfoac-unsplash-scaled.jpg 2560w, https:\/\/www.mentiness.com\/images\/2025\/03\/brooke-cagle-g1Kr4Ozfoac-unsplash-300x200.jpg 300w, https:\/\/www.mentiness.com\/images\/2025\/03\/brooke-cagle-g1Kr4Ozfoac-unsplash-1024x683.jpg 1024w, https:\/\/www.mentiness.com\/images\/2025\/03\/brooke-cagle-g1Kr4Ozfoac-unsplash-768x512.jpg 768w, https:\/\/www.mentiness.com\/images\/2025\/03\/brooke-cagle-g1Kr4Ozfoac-unsplash-1536x1024.jpg 1536w, https:\/\/www.mentiness.com\/images\/2025\/03\/brooke-cagle-g1Kr4Ozfoac-unsplash-2048x1365.jpg 2048w\" sizes=\"auto, (max-width: 2560px) 100vw, 2560px\" \/><div class=\"wp-block-cover__inner-container is-layout-constrained wp-block-cover-is-layout-constrained\">\n<p class=\"has-text-align-center has-large-font-size\"><\/p>\n<\/div><\/div>\n\n\n\n<div class=\"wp-block-columns is-layout-flex wp-container-core-columns-is-layout-9d6595d7 wp-block-columns-is-layout-flex\">\n<div class=\"wp-block-column p-3 p-sm-4 is-layout-flow wp-block-column-is-layout-flow\">\n<div class=\"wp-block-columns is-layout-flex wp-container-core-columns-is-layout-9d6595d7 wp-block-columns-is-layout-flex\">\n<div class=\"wp-block-column is-layout-flow wp-block-column-is-layout-flow\">\n<p>SECTOR: CONSULTOR\u00cdA<\/p>\n\n\n\n<p class=\"has-large-font-size\">Cuando la excelencia se paga con desgaste<\/p>\n<\/div>\n\n\n\n<div class=\"wp-block-column is-layout-flow wp-block-column-is-layout-flow\">\n<p>Proyectos exigentes, clientes demandantes, plazos ajustados. El ritmo en consultor\u00eda y servicios nunca se detiene. Trabajas con equipos altamente cualificados que saben que su talento es valioso y escaso, pero tambi\u00e9n que el desgaste es parte del d\u00eda a d\u00eda.<\/p>\n\n\n\n<p>Las jornadas interminables y la presi\u00f3n por entregar resultados generan fatiga. La gente aguanta, hasta que un d\u00eda decide irse. <strong>Cuando te das cuenta, ya es tarde.<\/strong> La rotaci\u00f3n afecta la continuidad de los proyectos, el conocimiento se pierde y la carga de trabajo se multiplica para los que quedan.<\/p>\n\n\n\n<p>La consultor\u00eda vive de la experiencia y del capital humano, pero <strong>\u00bfc\u00f3mo mantienes a los mejores sin que el ritmo los expulse?<\/strong><\/p>\n<\/div>\n<\/div>\n\n\n<div class=\"mtn-spacer\"><\/div>\n\n<div class=\"faq-container  \"><h2>Principales Pain<\/h2><div class=\"faq-question \">\n  <div class=\"faq-title\" onclick=\"toggleCollapse(this)\">\n    <h3>Talento que se quema, talento que se va<\/h3>\n    <div class=\"collapse-arrow\"><span class=\"arrow\"><\/span><\/div>\n  <\/div>\n  <div class=\"faq-content\">\n  <div class=\"row no-negative-margin\">\n      <div class=\"col-12 col-md-6\">\n        \n<ul class=\"wp-block-list\">\n<li><strong>El 65% de los consultores considera la carga de trabajo insostenible en ciertos periodos<\/strong>, lo que incrementa el riesgo de burnout.<\/li>\n\n\n\n<li>La rotaci\u00f3n en consultor\u00eda puede alcanzar el <strong>30-40% anual<\/strong>, una de las m\u00e1s altas en sectores altamente cualificados.<\/li>\n\n\n\n<li><strong>El 60% de los empleados que dejan una firma de consultor\u00eda lo hacen por la falta de equilibrio entre vida personal y profesional.<\/strong><\/li>\n<\/ul>\n\n      <\/div>\n      <div class=\"col-12 col-md-6 image pb-4\">\n         <div class=\"imageBackground d-none d-md-block\" style=\"background-image: url('https:\/\/www.mentiness.com\/images\/2024\/04\/hero-1.jpg');\"><\/div>\n         <img decoding=\"async\" class=\"d-inline d-md-none\" src=\"https:\/\/www.mentiness.com\/images\/2024\/04\/hero-1.jpg\">\n      <\/div>\n    <\/div>\n    \n  <\/div>\n<\/div><div class=\"faq-question \">\n  <div class=\"faq-title\" onclick=\"toggleCollapse(this)\">\n    <h3>Gesti\u00f3n de proyectos y liderazgo sin visi\u00f3n humana<\/h3>\n    <div class=\"collapse-arrow\"><span class=\"arrow\"><\/span><\/div>\n  <\/div>\n  <div class=\"faq-content\">\n  <div class=\"row no-negative-margin\">\n      <div class=\"col-12 col-md-6\">\n        \n<ul class=\"wp-block-list\">\n<li><strong>El 70% de los empleados en servicios profesionales sienten que su desempe\u00f1o se mide solo en horas facturables, no en su bienestar o desarrollo.<\/strong><\/li>\n\n\n\n<li><strong>El 55% de los managers en consultor\u00eda fueron promovidos por su expertise t\u00e9cnica, sin formaci\u00f3n en gesti\u00f3n de equipos.<\/strong><\/li>\n\n\n\n<li>La falta de liderazgo efectivo contribuye a un clima de alta exigencia sin soporte, <strong>aumentando el absentismo y la desconexi\u00f3n del equipo<\/strong>.<\/li>\n<\/ul>\n\n      <\/div>\n      <div class=\"col-12 col-md-6 image pb-4\">\n         <div class=\"imageBackground d-none d-md-block\" style=\"background-image: url('https:\/\/www.mentiness.com\/images\/2024\/04\/b50df4988341399025df6eab19b19632-scaled.jpeg');\"><\/div>\n         <img decoding=\"async\" class=\"d-inline d-md-none\" src=\"https:\/\/www.mentiness.com\/images\/2024\/04\/b50df4988341399025df6eab19b19632-scaled.jpeg\">\n      <\/div>\n    <\/div>\n    \n  <\/div>\n<\/div><div class=\"faq-question \">\n  <div class=\"faq-title\" onclick=\"toggleCollapse(this)\">\n    <h3>Clientes exigentes, equipos sobre pasados<\/h3>\n    <div class=\"collapse-arrow\"><span class=\"arrow\"><\/span><\/div>\n  <\/div>\n  <div class=\"faq-content\">\n  <div class=\"row no-negative-margin\">\n      <div class=\"col-12 col-md-6\">\n        \n<ul class=\"wp-block-list\">\n<li><strong>El 68% de los consultores afirman que la presi\u00f3n del cliente es el principal factor de estr\u00e9s laboral.<\/strong><\/li>\n\n\n\n<li><strong>M\u00e1s del 50% de los empleados en servicios profesionales trabajan fuera del horario regular de forma habitual,<\/strong> impactando su motivaci\u00f3n y salud mental.<\/li>\n\n\n\n<li>La falta de herramientas para gestionar la carga de trabajo y la comunicaci\u00f3n interna hace que los equipos <strong>se sientan solos ante la presi\u00f3n externa<\/strong>.<\/li>\n<\/ul>\n\n      <\/div>\n      <div class=\"col-12 col-md-6 image pb-4\">\n         <div class=\"imageBackground d-none d-md-block\" style=\"background-image: url('https:\/\/www.mentiness.com\/images\/2024\/04\/hero-2.jpg');\"><\/div>\n         <img decoding=\"async\" class=\"d-inline d-md-none\" src=\"https:\/\/www.mentiness.com\/images\/2024\/04\/hero-2.jpg\">\n      <\/div>\n    <\/div>\n    \n  <\/div>\n<\/div><\/div>\n\n<div class=\"mtn-spacer\"><\/div><\/div>\n<\/div>\n\n\n   <div class=\"content-slider  px-xxxl-0\">\n    <div class=\"header px-3 px-sm-4\">\n      <div class=\"title\">\n        C\u00f3mo te ayudamos\n      <\/div>\n      <div class=\"arrows\">\n        <div class=\"arrow-left\"><img decoding=\"async\" src=\"https:\/\/www.mentiness.com\/wp-content\/themes\/mentiness\/dist\/img\/arrow.svg\" \/><\/div>\n        <div class=\"arrow-right\"><img decoding=\"async\" src=\"https:\/\/www.mentiness.com\/wp-content\/themes\/mentiness\/dist\/img\/arrow.svg\" \/><\/div>\n      <\/div>\n    <\/div>\n    <div class=\"slide-width\">\n      <div class=\"slides\">\n               <!-- First slider -->\n       <div class=\"container\">\n         <div class=\"box\">\n           <div class=\"content\">\n             <div class=\"title\">Dashboard financiero<\/div>\n             <div class=\"text\">Para anticiparte a la rotaci\u00f3n y visualizar el impacto econ\u00f3mico del burnout y el absentismo en cada equipo. <\/div>\n           <\/div>\n           <div class=\"image\"><img decoding=\"async\" src=\"https:\/\/www.mentiness.com\/images\/2025\/03\/finance-768x768.png\" skip-lazy=\"true\" \/><\/div>\n         <\/div>\n       <\/div>\n       <!-- \/First slider -->       <!-- First slider -->\n       <div class=\"container\">\n         <div class=\"box\">\n           <div class=\"content\">\n             <div class=\"title\">Encuestas de base cient\u00edfica<\/div>\n             <div class=\"text\">Identifica los puntos de mayor sobrecarga laboral y los factores de riesgo en cada \u00e1rea. <\/div>\n           <\/div>\n           <div class=\"image\"><img decoding=\"async\" src=\"https:\/\/www.mentiness.com\/images\/2025\/03\/alertas-768x768.png\" skip-lazy=\"true\" \/><\/div>\n         <\/div>\n       <\/div>\n       <!-- \/First slider -->       <!-- First slider -->\n       <div class=\"container\">\n         <div class=\"box\">\n           <div class=\"content\">\n             <div class=\"title\">LeIA<\/div>\n             <div class=\"text\">Capacita a los managers en liderazgo humano y gesti\u00f3n del bienestar en entornos de alta presi\u00f3n. <\/div>\n           <\/div>\n           <div class=\"image\"><img decoding=\"async\" src=\"https:\/\/www.mentiness.com\/images\/2025\/03\/avatar-768x768.png\" skip-lazy=\"true\" \/><\/div>\n         <\/div>\n       <\/div>\n       <!-- \/First slider -->       <!-- First slider -->\n       <div class=\"container\">\n         <div class=\"box\">\n           <div class=\"content\">\n             <div class=\"title\">AI Assistants<\/div>\n             <div class=\"text\">Brinda soporte continuo a los empleados para ayudarles a gestionar el estr\u00e9s, organizar su carga de trabajo y mejorar su bienestar. <\/div>\n           <\/div>\n           <div class=\"image\"><img decoding=\"async\" src=\"https:\/\/www.mentiness.com\/images\/2025\/03\/asistente-1-768x768.png\" skip-lazy=\"true\" \/><\/div>\n         <\/div>\n       <\/div>\n       <!-- \/First slider -->\n      <\/div>\n    <\/div>\n  <\/div>\n\n\n<div class=\"wp-block-columns is-layout-flex wp-container-core-columns-is-layout-9d6595d7 wp-block-columns-is-layout-flex\">\n<div class=\"wp-block-column p-3 p-sm-4 is-layout-flow wp-block-column-is-layout-flow\"><div class=\"mtn-spacer\"><\/div>\n\n<!-- Content image -->\n<div class=\"content-image \">\n  <div class=\"content-container row no-negative-margin p-0 px-xxxl-0 mx-0\">\n    <div class=\"images col-12 col-md-6 mt-4 mt-md-0 order-lg-1 order-md-1 order-sm-2 order-2 px-0 pe-md-3 \">\n      <div class=\"imageBackground d-none d-md-block\" style=\"background-image: url('https:\/\/www.mentiness.com\/images\/2024\/04\/colton-duke-JJFoy0BpqLk-unsplash.jpg');\"><\/div>\n       <img decoding=\"async\" class=\"d-inline d-md-none\" src=\"https:\/\/www.mentiness.com\/images\/2024\/04\/colton-duke-JJFoy0BpqLk-unsplash.jpg\">\n    <\/div>\n    <div class=\"content-text col-12 col-md-6 p-0  order-lg-2 order-md-2 order-sm-1 order-1 \">\n      <div class=\"content-pretitle p-0\">\n        <span class=\"white-label\">CONSULTOR\u00cdA<\/span>\n        <span class=\"white-label\">BENEFICIOS de usar mentiness<\/span>\n      <\/div>\n       \n       \n          <div class=\"content-text-block mt-2 \">\n     \n     <div class=\"title\"><strong><strong><strong><strong>De equipos exhaustos y en fuga \u2192 a estrategias que reducen el desgaste y mejoran la retenci\u00f3n<\/strong><\/strong><\/strong><\/strong><\/div>\n     <div class=\"text\">Antes, el 30-40% de los consultores dejaban su empresa por sobrecarga. Ahora, con nuestro <strong>Dashboard Financiero<\/strong>, puedes prever riesgos de burnout y tomar medidas a tiempo.<\/div>\n <\/div>   <div class=\"content-text-block mt-2 \">\n     \n     <div class=\"title\"><strong><strong><strong><strong>De managers expertos en t\u00e9cnica pero no en personas \u2192 a l\u00edderes que equilibran resultados y bienestar<\/strong><\/strong><\/strong><\/strong><\/div>\n     <div class=\"text\">Antes, el 55% de los managers en consultor\u00eda eran promovidos sin formaci\u00f3n en liderazgo. Ahora, con <strong>LeIA<\/strong>, los l\u00edderes aprenden a gestionar equipos de forma humana y efectiva.<\/div>\n <\/div>   <div class=\"content-text-block mt-2 \">\n     \n     <div class=\"title\"><strong><strong><strong><strong>De empleados sin herramientas para gestionar la presi\u00f3n \u2192 a equipos con soporte real para mejorar su bienestar<\/strong><\/strong><\/strong><\/strong><\/div>\n     <div class=\"text\">Antes, el 68% de los consultores citaban la presi\u00f3n del cliente como su principal fuente de estr\u00e9s. Ahora, con <strong>AI Assistants<\/strong> y <strong>encuestas cient\u00edficas<\/strong>, identificas puntos de sobrecarga y das apoyo en tiempo real.<\/div>\n <\/div>\n    <\/div>\n  <\/div>\n<\/div>\n<!-- \/Content image -->\n\n<div class=\"mtn-spacer\"><\/div><\/div>\n<\/div>\n\n\n<div class=\"cta-middle-block \">\n        <div class=\"img\">\n          <img decoding=\"async\" src=\"https:\/\/www.mentiness.com\/images\/2024\/04\/7ae0fbec11ee657935a453c5a36f2534-300x200.jpg\" \/>\n        <\/div>\n        <div class=\"img\">\n          <img decoding=\"async\" src=\"https:\/\/www.mentiness.com\/images\/2024\/04\/b91b02eeff3cfe7f523638ce6d67d9e3-225x300.jpg\" \/>\n        <\/div>\n        <div class=\"content\">\n          <div class=\"text\">\n            \u00bfEn tu sector ocurren retos similares?\n          <\/div>\n          <div class=\"link\">\n            <a class=\"button\" href=\"\/es\/solicita-demo\/\">Solicita una reuni\u00f3n<\/a>\n          <\/div>\n        <\/div>\n      <\/div>\n\n<div class=\"mtn-spacer\"><\/div>","protected":false},"excerpt":{"rendered":"<p>SECTOR: CONSULTOR\u00cdA Cuando la excelencia se paga con desgaste Proyectos exigentes, clientes demandantes, plazos ajustados. El ritmo en consultor\u00eda y servicios nunca se detiene. Trabajas con equipos altamente cualificados que saben que su talento es valioso y escaso, pero tambi\u00e9n que el desgaste es parte del d\u00eda a d\u00eda. Las jornadas interminables y la presi\u00f3n [&hellip;]<\/p>\n","protected":false},"author":1,"featured_media":0,"parent":0,"menu_order":0,"comment_status":"closed","ping_status":"closed","template":"","meta":{"footnotes":""},"class_list":["post-6054","page","type-page","status-publish","hentry"],"aioseo_notices":[],"_links":{"self":[{"href":"https:\/\/www.mentiness.com\/es\/wp-json\/wp\/v2\/pages\/6054","targetHints":{"allow":["GET"]}}],"collection":[{"href":"https:\/\/www.mentiness.com\/es\/wp-json\/wp\/v2\/pages"}],"about":[{"href":"https:\/\/www.mentiness.com\/es\/wp-json\/wp\/v2\/types\/page"}],"author":[{"embeddable":true,"href":"https:\/\/www.mentiness.com\/es\/wp-json\/wp\/v2\/users\/1"}],"replies":[{"embeddable":true,"href":"https:\/\/www.mentiness.com\/es\/wp-json\/wp\/v2\/comments?post=6054"}],"version-history":[{"count":7,"href":"https:\/\/www.mentiness.com\/es\/wp-json\/wp\/v2\/pages\/6054\/revisions"}],"predecessor-version":[{"id":6184,"href":"https:\/\/www.mentiness.com\/es\/wp-json\/wp\/v2\/pages\/6054\/revisions\/6184"}],"wp:attachment":[{"href":"https:\/\/www.mentiness.com\/es\/wp-json\/wp\/v2\/media?parent=6054"}],"curies":[{"name":"wp","href":"https:\/\/api.w.org\/{rel}","templated":true}]}}