{"id":6470,"date":"2025-10-23T13:29:44","date_gmt":"2025-10-23T11:29:44","guid":{"rendered":"https:\/\/www.mentiness.com\/?page_id=6470"},"modified":"2025-10-23T13:44:12","modified_gmt":"2025-10-23T11:44:12","slug":"home-nueva","status":"publish","type":"page","link":"https:\/\/www.mentiness.com\/es\/","title":{"rendered":"Home nueva"},"content":{"rendered":"<div class=\"container-fluid position-relative p-0 hero-avatar\">\n  <img decoding=\"async\" src=\"https:\/\/www.mentiness.com\/images\/2025\/10\/leia-2-1.png\" alt=\"Hero Image\" class=\"img-fluid w-100\">\n  <div class=\"position-absolute ms-0  ps-0  ms-xl-5 ps-xl-5 top-0 start-0 d-flex align-items-center hero-cta\">\n    <div class=\"container ms-0 ms-sm-3 ms-lg-5 ps-lg-5\">\n      <div class=\"row\">\n        <div class=\"col-12 col-sm-6 col-md-6 col-lg-6\">\n          <h1 class=\"display-4 text-left mb-4 hero-cta-title\" style=\"font-family: 'Gruffy', sans-serif; font-weight: 400; color: white;\">El simulador de conversaciones \u00abinc\u00f3modas\u00bb para managers<\/h1>\n          <div class=\"bg-white bg-opacity-75 p-3 rounded hero-cta-text\">\n            <p class=\"mb-0\" style=\"font-family: 'Gruffy', sans-serif; font-weight: 200;\">Entrena a tus managers en conversaciones clave: feedback, resoluci\u00f3n de conflictos y detecci\u00f3n de se\u00f1ales de alerta, con nuestro avatar de inteligencia artificial.<\/p>\n          <\/div>\n        <\/div>\n      <\/div>\n    <\/div>\n  <\/div>\n<\/div>\n\n\n    <div class=\"customers\">\n      <div class=\"customers-container\">\n        <div class=\"customer-logo\">\n          <img decoding=\"async\" skip-lazy=\"true\" src=\"https:\/\/www.mentiness.com\/wp-content\/themes\/mentiness\/dist\/img\/customers\/logo-warner.png\" alt=\"Warner\" \/>\n        <\/div>\n         <div class=\"customer-logo\">\n          <img decoding=\"async\" skip-lazy=\"true\" src=\"https:\/\/www.mentiness.com\/wp-content\/themes\/mentiness\/dist\/img\/customers\/logo-centum.png\" alt=\"Centum\" \/>\n        <\/div>\n        <div class=\"customer-logo\">\n          <img decoding=\"async\" skip-lazy=\"true\" src=\"https:\/\/www.mentiness.com\/wp-content\/themes\/mentiness\/dist\/img\/customers\/logo-diariomotor.png\" alt=\"Diariomotor\" \/>\n        <\/div>\n        <div class=\"customer-logo\">\n          <img decoding=\"async\" skip-lazy=\"true\" src=\"https:\/\/www.mentiness.com\/wp-content\/themes\/mentiness\/dist\/img\/customers\/logo-soluble.png\" alt=\"Soluble\" \/>\n        <\/div>\n        <div class=\"customer-logo\">\n          <img decoding=\"async\" skip-lazy=\"true\" src=\"https:\/\/www.mentiness.com\/wp-content\/themes\/mentiness\/dist\/img\/customers\/logo-once-new.png\" alt=\"Once\" \/>\n        <\/div>\n        <div class=\"customer-logo\">\n          <img decoding=\"async\" skip-lazy=\"true\" src=\"https:\/\/www.mentiness.com\/wp-content\/themes\/mentiness\/dist\/img\/customers\/logo-teimas.png\" alt=\"Teimas\" \/>\n        <\/div>\n        <div class=\"customer-logo\">\n          <img decoding=\"async\" skip-lazy=\"true\" src=\"https:\/\/www.mentiness.com\/wp-content\/themes\/mentiness\/dist\/img\/customers\/logo-nobu.png\" alt=\"Nobu Hotels\" \/>\n        <\/div>\n      <\/div>\n    <\/div>\n    \n\n<div class=\"simple-box\">\n      <div class=\"box-content\">\n        <h2>Escenarios de role-playing personalizados a los retos de tus managers<\/h2>\n        <p>\n          Nuestros avatares IA entrenar\u00e1n las habilidades de tus managers a trav\u00e9s de escenarios realistas\n        <\/p>\n        <a href=\"\/es\/solicita-dosier\/\" class=\"button\">\n       \n          Quiero saber m\u00e1s\n        <\/a>\n      <\/div>\n    <\/div>\n\n<div class=\"mtn-spacer\"><\/div>\n\n   <div class=\"content-slider p-0 px-xxxl-0\">\n    <div class=\"header px-3 px-sm-4\">\n      <div class=\"title\">\n        Dise\u00f1ada por psic\u00f3logos, pensada para managers, tu aliada en RRHH\n      <\/div>\n      <div class=\"arrows\">\n        <div class=\"arrow-left\"><img decoding=\"async\" src=\"https:\/\/www.mentiness.com\/wp-content\/themes\/mentiness\/dist\/img\/arrow.svg\" \/><\/div>\n        <div class=\"arrow-right\"><img decoding=\"async\" src=\"https:\/\/www.mentiness.com\/wp-content\/themes\/mentiness\/dist\/img\/arrow.svg\" \/><\/div>\n      <\/div>\n    <\/div>\n    <div class=\"slide-width\">\n      <div class=\"slides\">\n               <!-- First slider -->\n       <div class=\"container\">\n         <div class=\"box\">\n           <div class=\"content\">\n             <div class=\"title\">A TU MEDIDA<\/div>\n             <div class=\"text\">Analizamos los retos a los que se enfrentan tus managers y generamos escenarios de pr\u00e1ctica a medida. <br><br>Nuestros avatares se adec\u00faan a la biograf\u00eda de tu empresa y a los retos que tenga tu equipo. <\/div>\n           <\/div>\n           <div class=\"image\"><img decoding=\"async\" src=\"https:\/\/www.mentiness.com\/images\/2025\/10\/a-medida-1.png\" skip-lazy=\"true\" \/><\/div>\n         <\/div>\n       <\/div>\n       <!-- \/First slider -->       <!-- First slider -->\n       <div class=\"container\">\n         <div class=\"box\">\n           <div class=\"content\">\n             <div class=\"title\">AVATARES REALISTAS<\/div>\n             <div class=\"text\">Durante el role-playing, los avatares responden como si fueran un empleado de tu organizaci\u00f3n.<br><br>As\u00ed, exponen a tus managers a pr\u00e1cticas reales para asimilar patrones latentes a ciertas habilidades. <\/div>\n           <\/div>\n           <div class=\"image\"><img decoding=\"async\" src=\"https:\/\/www.mentiness.com\/images\/2025\/03\/avatar-768x768.png\" skip-lazy=\"true\" \/><\/div>\n         <\/div>\n       <\/div>\n       <!-- \/First slider -->       <!-- First slider -->\n       <div class=\"container\">\n         <div class=\"box\">\n           <div class=\"content\">\n             <div class=\"title\">FEEDBACK INSTANT\u00c1NEO<\/div>\n             <div class=\"text\">Tras cada pr\u00e1ctica, el manager recibe feedback instant\u00e1neo.<br><br>Cuantifica las habilidades del manager y da recomendaciones con sus propias frases: qu\u00e9 hiciste bien, c\u00f3mo mejorar y recomendaciones a seguir. <\/div>\n           <\/div>\n           <div class=\"image\"><img decoding=\"async\" src=\"https:\/\/www.mentiness.com\/images\/2025\/10\/feedback-768x772.png\" skip-lazy=\"true\" \/><\/div>\n         <\/div>\n       <\/div>\n       <!-- \/First slider -->       <!-- First slider -->\n       <div class=\"container\">\n         <div class=\"box\">\n           <div class=\"content\">\n             <div class=\"title\">15 MINUTOS, EN SU AGENDA<\/div>\n             <div class=\"text\">Calendariza los entrenamientos como si fueran una videollamada en Google Calendar, o Teams.<br><br>Accede directamente a pr\u00e1cticas de m\u00e1ximo 15 minutos y recibe recordatorios autom\u00e1ticos. <\/div>\n           <\/div>\n           <div class=\"image\"><img decoding=\"async\" src=\"https:\/\/www.mentiness.com\/images\/2025\/10\/calendar-1.png\" skip-lazy=\"true\" \/><\/div>\n         <\/div>\n       <\/div>\n       <!-- \/First slider -->       <!-- First slider -->\n       <div class=\"container\">\n         <div class=\"box\">\n           <div class=\"content\">\n             <div class=\"title\">GAMIFICADO<\/div>\n             <div class=\"text\">Una experiencia inmersiva para tus managers, que convertir\u00e1 liderar en una pr\u00e1ctica constante.<br><br>Pr\u00e1cticas semanales, varios niveles de dificultad e insignias para ser un skill-master.  <\/div>\n           <\/div>\n           <div class=\"image\"><img decoding=\"async\" src=\"https:\/\/www.mentiness.com\/images\/2025\/10\/gamificado-1-768x872.png\" skip-lazy=\"true\" \/><\/div>\n         <\/div>\n       <\/div>\n       <!-- \/First slider -->       <!-- First slider -->\n       <div class=\"container\">\n         <div class=\"box\">\n           <div class=\"content\">\n             <div class=\"title\">ANAL\u00cdTICA PARA RRHH<\/div>\n             <div class=\"text\">Dashboards de anal\u00edtica para RRHH.<br> <br>Uso de la herramienta, puntuaciones medias en distintas habilidades y necesidades formativas de los distintos colectivos de managers.  <\/div>\n           <\/div>\n           <div class=\"image\"><img decoding=\"async\" src=\"https:\/\/www.mentiness.com\/images\/2025\/03\/mockup_plataforma-002b-768x768.png\" skip-lazy=\"true\" \/><\/div>\n         <\/div>\n       <\/div>\n       <!-- \/First slider -->\n      <\/div>\n    <\/div>\n  <\/div>\n\n<div class=\"mtn-spacer\"><\/div>\n\n<div class=\"process-slider p-3 p-sm-4 px-xxxl-0\">\n    <div class=\"container row no-negative-margin\">\n        <div class=\"image col-md-6 px-0\">\n            <div class=\"sticky\">\n                <img decoding=\"async\" src=\"https:\/\/www.mentiness.com\/images\/2025\/10\/pexels-kindelmedia-7688087-768x576.jpg\" \/>\n            <\/div>\n        <\/div>\n        <div class=\"process col-md-6\">\n            \n            <div class=\"pretitle\">Sencillo, \u00e9tico, eficaz.<\/div>\n            <div class=\"description description\">Nuestra IA Humanizada est\u00e1 dise\u00f1ada por psic\u00f3logos y expertos en IA.<\/div>\n            <div class=\"text\">\n                <div class=\"title\">Conocemos<\/div>\n                <div class=\"content\">Analizamos los retos de tus managers para dise\u00f1ar los escenarios. \u00bfTienen problemas para dar feedback? \u00bfSon retos de gesti\u00f3n del cambio? \u00bfEs un tema de detectar se\u00f1ales de alerta en el equipo?<\/div>\n              <\/div><div class=\"text\">\n                <div class=\"title\">Personalizamos<\/div>\n                <div class=\"content\">Dise\u00f1amos from-scratch los escenarios de pr\u00e1ctica. <br><br>Entrenamos a nuestros avatares y personalizamos su biograf\u00eda para que se comporten como un empleado de tu empresa, que necesita algo de su manager.<\/div>\n              <\/div><div class=\"text\">\n                <div class=\"title\">Activamos<\/div>\n                <div class=\"content\">Todo a trav\u00e9s del email. Sencillo, sin integraciones infinitas, sin miles de apps.<br> <br>Activamos un espacio para el manager, donde ver\u00e1 sus propias puntuaciones y har\u00e1 pr\u00e1cticas a medida.<br><br>Desde tu panel ver\u00e1s datos individuales de acceso, insignias y progresos de cada manager. Para proteger su anonimato, ver\u00e1s puntuaciones en distintas habilidades, segmentadas por grupos, no individuales<\/div>\n              <\/div><div class=\"text\">\n                <div class=\"title\">Transformamos<\/div>\n                <div class=\"content\">Con ciencia, tecnolog\u00eda y \u00e9tica generamos cambios en efecto domin\u00f3. <br><br>Managers m\u00e1s capacitados implica empleados m\u00e1s comprometidos, mayor productividad y menor absentismo.<\/div>\n              <\/div>\n            <div class=\"cta\">\n                <a href=\"\/es\/soluciones-lideres\/#leia\">Nuestra soluci\u00f3n<\/a>\n            <\/div>\n        <\/div>\n    <\/div>\n<\/div>\n\n<div class=\"mtn-spacer\"><\/div>\n\n\n<h2 class=\"wp-block-heading process-slider p-3 p-sm-4 px-xxxl-0\">Algunos de nuestros escenarios y casos de uso<\/h2>\n\n\n<div class=\"sticky-slides p-3 p-sm-4 px-xxxl-0\">\n  <!-- First slide -->\n  <div class=\"measure-container\">\n    <div class=\"measure\">\n      <div class=\"sticky-content ms-0 me-0 row\">\n        <div class=\"sticky-image col-md-6 d-flex order-md-2\">\n          <img loading=\"lazy\" decoding=\"async\"\n            src=\"https:\/\/www.mentiness.com\/images\/2025\/05\/16.png\"\n            width=\"776\"\n            height=\"441\"\n          \/>\n        <\/div>\n        <div class=\"ps-4 pt-sm-5 ps-sm-5 sticky-text col-md-6 order-md-1\">\n          <div class=\"sticky-pretitle\"><span>CASOS DE USO<\/span><\/div>\n          <div class=\"sticky-title\">Feedback asertivo<\/div>\n          <div class=\"sticky-description\">\n            <p>Escenarios realistas para aprender a darle feedback asertivo a un empleado.<br><br>Puedes practicar, por ejemplo, como trasladar los resultados tras una performance review. <\/p>\n          <\/div>\n          \n        <\/div>\n      <\/div>\n      <div class=\"sticky-footer\">\n        <span class=\"me-4\">01<\/span><span class=\"ms-3\">Feedback asertivo<\/span>\n      <\/div>\n    <\/div>\n  <\/div>\n  <!-- Second slide -->\n  <div class=\"train-container\">\n    <div class=\"train\">\n      <div class=\"sticky-content ms-0 me-0 row\">\n        <div class=\"sticky-image col-md-6 d-flex order-md-2\">\n          <img loading=\"lazy\" decoding=\"async\"\n            src=\"https:\/\/www.mentiness.com\/images\/2025\/03\/photo-1621293954908-907159247fc8-scaled.avif\"\n            width=\"776\"\n            height=\"441\"\n          \/>\n        <\/div>\n        <div class=\"ps-4 pt-sm-5 ps-sm-5 sticky-text col-md-6 order-md-1\">\n          <div class=\"sticky-pretitle\"><span>CASOS DE USO<\/span><\/div>\n          <div class=\"sticky-title\">Prevenir el absentismo<\/div>\n          <div class=\"sticky-description\">\n            <p>Cuando una persona se est\u00e1 quemando, hay se\u00f1ales. Entrena para detectar las se\u00f1ales de riesgo en tu equipo y antic\u00edpate al absentismo. Practica c\u00f3mo comunicarte con un empleado que acaba de volver de una baja. <\/p>\n          <\/div>\n          \n        <\/div>\n      <\/div>\n      <div class=\"sticky-footer\">\n        <span class=\"me-4\">02<\/span><span class=\"ms-3\">Prevenir el absentismo<\/span>\n      <\/div>\n    <\/div>\n  <\/div>\n\n  <!-- Third slide -->\n  <div class=\"change-container\">\n    <div class=\"change\">\n      <div class=\"sticky-content ms-0 me-0 row\">\n        <div class=\"sticky-image col-md-6 d-flex order-md-2\">\n          <img loading=\"lazy\" decoding=\"async\"\n            src=\"https:\/\/www.mentiness.com\/images\/2025\/03\/brooke-cagle-g1Kr4Ozfoac-unsplash-scaled.jpg\"\n            width=\"776\"\n            height=\"441\"\n          \/>\n        <\/div>\n        <div class=\"ps-4 pt-sm-5 ps-sm-5 sticky-text col-md-6 order-md-1\">\n          <div class=\"sticky-pretitle\"><span>CASOS DE USO<\/span><\/div>\n          <div class=\"sticky-title\">Mediar en conflictos en tu equipo<\/div>\n          <div class=\"sticky-description\">\n            <p>Entrena la mediaci\u00f3n para transformar fricci\u00f3n en acuerdos claros. Reconduce conversaciones dif\u00edciles manteniendo neutralidad y reglas de di\u00e1logo y aprende las claves para mediar entre tus equipos.<br><\/p>\n          <\/div>\n          \n        <\/div>\n      <\/div>\n      <div class=\"sticky-footer\">\n        <span class=\"me-4\">03<\/span><span class=\"ms-3\">Mediar en conflictos en tu equipo<\/span>\n      <\/div>\n    <\/div>\n  <\/div>\n<\/div>\n\n<div class=\"customer-slider \">\n  <div class=\"customer-slider-container\">\n        <div class=\"header\">\n          <div class=\"title\"> Historias de clientes <\/div>\n          <div class=\"arrows\">\n            <div class=\"arrow-left\"><img decoding=\"async\" src=\"https:\/\/www.mentiness.com\/wp-content\/themes\/mentiness\/dist\/img\/arrow.svg\" \/><\/div>\n            <div class=\"arrow-right\"><img decoding=\"async\" src=\"https:\/\/www.mentiness.com\/wp-content\/themes\/mentiness\/dist\/img\/arrow.svg\" \/><\/div>\n          <\/div>\n        <\/div>\n        \n        <div class=\"slider-container\">\n          <div class=\"slides ms-3\">\n                    <div class=\"slide\">\n      <div class=\"content col-12 col-md-7\">\n        <div class=\"customer\">\n          <div class=\"logo\">\n            <img decoding=\"async\" src=\"https:\/\/www.mentiness.com\/images\/2025\/10\/coats-logo.png\" height=\"75\" \/>\n          <\/div>\n          <div class=\"text\">\n            \u201cGracias a la pr\u00e1ctica repetida y el feedback posterior, he aprendido los patrones para trabajar, por ejemplo, la empat\u00eda o la asertividad. As\u00ed, cuando llega esa conversaci\u00f3n de verdad, has interiorizado una serie de cambios que puedes aplicar desde el d\u00eda 1.\u201d<br>\n          <\/div>\n          <div class=\"customer-info\">\n            <div class=\"picture\">\n              <img decoding=\"async\" src=\"https:\/\/www.mentiness.com\/images\/2025\/10\/patricia-camprubi.jpeg\" height=\"48\" \/>\n            <\/div>\n            <div class=\"who\">\n              <div class=\"name\">Patricia Camprubi<\/div>\n              <div class=\"title\">Directora Comercial<\/div>\n            <\/div>\n          <\/div>\n        <\/div>\n        \n      <\/div>\n      <div class=\"data col-12 col-md-5\">\n         <div class=\"bigImagePreview pt-0 pt-sm-4 pt-md-0\">\n    <img decoding=\"async\" src=\"https:\/\/www.mentiness.com\/images\/2025\/10\/coats-best-workplaces-in-asia-2025-home-latest.jpg\" \/>\n  <\/div>\n      <\/div>\n    <\/div>    <div class=\"slide\">\n      <div class=\"content col-12 col-md-7\">\n        <div class=\"customer\">\n          <div class=\"logo\">\n            <img decoding=\"async\" src=\"https:\/\/www.mentiness.com\/images\/2025\/10\/optare-solutions-logo.jpeg\" height=\"75\" \/>\n          <\/div>\n          <div class=\"text\">\n            \u00abLeIA me ha permitido practicar situaciones reales y reflexionar sobre la mejor manera de abordar cada situaci\u00f3n. Los tips de mejora que recibes son \u00abp\u00edldoras de realidad\u00bb muy concisas que te abren a enfoques que jam\u00e1s hubiese considerado. \u00a1Estoy aplic\u00e1ndolo desde el minuto uno y deseando ver el impacto en el equipo!\u00bb\n          <\/div>\n          <div class=\"customer-info\">\n            <div class=\"picture\">\n              <img decoding=\"async\" src=\"https:\/\/www.mentiness.com\/images\/2025\/10\/julio-andon-optare.jpeg\" height=\"48\" \/>\n            <\/div>\n            <div class=\"who\">\n              <div class=\"name\">Julio And\u00f3n<\/div>\n              <div class=\"title\">Delivery Manager<\/div>\n            <\/div>\n          <\/div>\n        <\/div>\n        \n      <\/div>\n      <div class=\"data col-12 col-md-5\">\n         <div class=\"bigImagePreview pt-0 pt-sm-4 pt-md-0\">\n    <img decoding=\"async\" src=\"https:\/\/www.mentiness.com\/images\/2025\/10\/GaleriaCompromiso_04-768x576-1.webp\" \/>\n  <\/div>\n      <\/div>\n    <\/div>    <div class=\"slide\">\n      <div class=\"content col-12 col-md-7\">\n        <div class=\"customer\">\n          <div class=\"logo\">\n            <img decoding=\"async\" src=\"https:\/\/www.mentiness.com\/images\/2025\/10\/eroski-logo.png\" height=\"75\" \/>\n          <\/div>\n          <div class=\"text\">\n            \u201cEn un entorno donde la dispersi\u00f3n geogr\u00e1fica dificulta la comunicaci\u00f3n, LeIA nos est\u00e1 ayudando a entrenar conversaciones clave con nuestros equipos. De forma \u00e1gil y sencilla, fortalece las competencias de nuestros responsables y refuerza su seguridad a la hora de comunicarse.\u201d\n          <\/div>\n          <div class=\"customer-info\">\n            <div class=\"picture\">\n              <img decoding=\"async\" src=\"https:\/\/www.mentiness.com\/images\/2025\/10\/jose-m-cabanillas-eroski.jpeg\" height=\"48\" \/>\n            <\/div>\n            <div class=\"who\">\n              <div class=\"name\">Jos\u00e9 M. Cabanillas<\/div>\n              <div class=\"title\">Director Personas Plataformas Log\u00edsticas<\/div>\n            <\/div>\n          <\/div>\n        <\/div>\n        \n      <\/div>\n      <div class=\"data col-12 col-md-5\">\n         <div class=\"bigImagePreview pt-0 pt-sm-4 pt-md-0\">\n    <img decoding=\"async\" src=\"https:\/\/www.mentiness.com\/images\/2025\/10\/referente_en_igualdad.jpg\" \/>\n  <\/div>\n      <\/div>\n    <\/div>\n             <div class=\"slide-last\"><\/div>\n          <\/div>\n    \n        <\/div>\n  <\/div>   \n<\/div>\n\n<div class=\"cta-block \">\n        <div class=\"img\">\n          <img decoding=\"async\" src=\"https:\/\/www.mentiness.com\/images\/2024\/04\/b91b02eeff3cfe7f523638ce6d67d9e3-225x300.jpg\" \/>\n        <\/div>\n         <div class=\"img\">\n          <img decoding=\"async\" src=\"https:\/\/www.mentiness.com\/images\/2024\/04\/c112ff8ac0c1f8edc54296d733829b90-300x200.jpg\" \/>\n        <\/div>\n         <div class=\"img\">\n          <img decoding=\"async\" src=\"https:\/\/www.mentiness.com\/images\/2024\/04\/7700bcd2bfb64c2a8aec4e2f6e86b4fa-200x300.jpeg\" \/>\n        <\/div>\n        <div class=\"img\">\n          <img decoding=\"async\" src=\"https:\/\/www.mentiness.com\/images\/2024\/04\/288290e0a4ecbd2f62d0fda4b82accc7-200x300.jpg\" \/>\n        <\/div>\n        \n        <div class=\"content\">\n          <div class=\"text\">\n            Donde la teor\u00eda se convierte en pr\u00e1ctica y la pr\u00e1ctica, en acci\u00f3n.\n          <\/div>\n          <div class=\"link\">\n            <a href=\"\/es\/solicita-demo\/\">Solicita una demo<\/a>\n          <\/div>\n        <\/div>\n      <\/div>\n\n<div class=\"mtn-spacer\"><\/div>\n\n\n<p><\/p>\n","protected":false},"excerpt":{"rendered":"<p>Algunos de nuestros escenarios y casos de uso<\/p>\n","protected":false},"author":1,"featured_media":6524,"parent":0,"menu_order":0,"comment_status":"closed","ping_status":"closed","template":"","meta":{"footnotes":""},"class_list":["post-6470","page","type-page","status-publish","has-post-thumbnail","hentry"],"aioseo_notices":[],"_links":{"self":[{"href":"https:\/\/www.mentiness.com\/es\/wp-json\/wp\/v2\/pages\/6470","targetHints":{"allow":["GET"]}}],"collection":[{"href":"https:\/\/www.mentiness.com\/es\/wp-json\/wp\/v2\/pages"}],"about":[{"href":"https:\/\/www.mentiness.com\/es\/wp-json\/wp\/v2\/types\/page"}],"author":[{"embeddable":true,"href":"https:\/\/www.mentiness.com\/es\/wp-json\/wp\/v2\/users\/1"}],"replies":[{"embeddable":true,"href":"https:\/\/www.mentiness.com\/es\/wp-json\/wp\/v2\/comments?post=6470"}],"version-history":[{"count":22,"href":"https:\/\/www.mentiness.com\/es\/wp-json\/wp\/v2\/pages\/6470\/revisions"}],"predecessor-version":[{"id":6549,"href":"https:\/\/www.mentiness.com\/es\/wp-json\/wp\/v2\/pages\/6470\/revisions\/6549"}],"wp:featuredmedia":[{"embeddable":true,"href":"https:\/\/www.mentiness.com\/es\/wp-json\/wp\/v2\/media\/6524"}],"wp:attachment":[{"href":"https:\/\/www.mentiness.com\/es\/wp-json\/wp\/v2\/media?parent=6470"}],"curies":[{"name":"wp","href":"https:\/\/api.w.org\/{rel}","templated":true}]}}