{"id":7053,"date":"2026-04-08T13:45:15","date_gmt":"2026-04-08T11:45:15","guid":{"rendered":"https:\/\/www.mentiness.com\/?page_id=7053"},"modified":"2026-04-14T14:09:18","modified_gmt":"2026-04-14T12:09:18","slug":"caso-de-exito-como-eroski-capacita-1000-managers-con-leia","status":"publish","type":"page","link":"https:\/\/www.mentiness.com\/es\/caso-de-exito-como-eroski-capacita-1000-managers-con-leia\/","title":{"rendered":"Eroski capacita a 1000 managers para reducir el absentismo con LeIA"},"content":{"rendered":"<div class=\"case-study \" style=\"background-image: url(https:\/\/www.mentiness.com\/images\/2025\/10\/referente_en_igualdad.jpg);\">\n    <div class=\"case-study__overlay\" style=\"background: rgba(0, 0, 0, 0.35); backdrop-filter: blur(11px); -webkit-backdrop-filter: blur(11px);\"><\/div>\n    <div class=\"case-study__grid\">\n        <div class=\"case-study__left\">\n            <div class=\"case-study__badge\">CASO DE \u00c9XITO<\/div>\n            <h1 class=\"case-study__title\">C\u00f3mo Eroski capacita a <strong>1000 managers<\/strong> para <strong>reducir el absentismo<\/strong> con LeIA<\/h1>\n            <blockquote class=\"case-study__quote\">En una organizaci\u00f3n como Eroski, con m\u00e1s de mil puntos de venta, garantizar que todos los mandos saben c\u00f3mo gestionar una conversaci\u00f3n dif\u00edcil es un reto enorme. LeIA nos permiti\u00f3 escalar algo que hasta ahora solo pod\u00edamos hacer de forma puntual.<\/blockquote>\n            <div class=\"case-study__person\">\n                <div class=\"case-study__person-photo\">\n                    <img decoding=\"async\" src=\"https:\/\/www.mentiness.com\/images\/2026\/04\/1686308795342-150x150.jpeg\" alt=\"Jos\u00e9 Mar\u00eda Cabanillas\" \/>\n                <\/div>\n                <div class=\"case-study__person-info\">\n                    <span class=\"case-study__person-name\">Jos\u00e9 Mar\u00eda Cabanillas<\/span>\n                    <span class=\"case-study__person-role\">Director de Personas y Plataformas<\/span>\n                <\/div>\n            <\/div>\n        <\/div>\n        <div class=\"case-study__right\">\n            <div class=\"case-study__company-logo\"><img decoding=\"async\" src=\"https:\/\/www.mentiness.com\/images\/2025\/10\/eroski-logo-300x75.png\" alt=\"\" \/><\/div>\n            <div class=\"case-study__form-container\">\n                <h2 class=\"case-study__form-title\">\u00a1Descarga el <strong>contenido completo<\/strong> a continuaci\u00f3n!<\/h2>\n                <div class=\"case-study__form-area\">\n                    <div class=\"case-study__form-wrapper\" data-pdf-url=\"https:\/\/www.mentiness.com\/images\/2026\/04\/Caso-de-exito-Eroski-2.pdf\">\n<div class=\"wpcf7 no-js\" id=\"wpcf7-f7061-o1\" lang=\"es-ES\" dir=\"ltr\" data-wpcf7-id=\"7061\">\n<div class=\"screen-reader-response\"><p role=\"status\" aria-live=\"polite\" aria-atomic=\"true\"><\/p> <ul><\/ul><\/div>\n<form action=\"\/es\/wp-json\/wp\/v2\/pages\/7053#wpcf7-f7061-o1\" method=\"post\" class=\"wpcf7-form init\" aria-label=\"Formulario de contacto\" novalidate=\"novalidate\" data-status=\"init\">\n<fieldset class=\"hidden-fields-container\"><input type=\"hidden\" name=\"_wpcf7\" value=\"7061\" \/><input type=\"hidden\" name=\"_wpcf7_version\" value=\"6.1.5\" \/><input type=\"hidden\" name=\"_wpcf7_locale\" value=\"es_ES\" \/><input type=\"hidden\" name=\"_wpcf7_unit_tag\" value=\"wpcf7-f7061-o1\" \/><input type=\"hidden\" name=\"_wpcf7_container_post\" value=\"0\" \/><input type=\"hidden\" name=\"_wpcf7_posted_data_hash\" value=\"\" \/><input type=\"hidden\" name=\"_wpcf7_recaptcha_response\" value=\"\" \/>\n<\/fieldset>\n<div class=\"form-row\">\n      <label> Nombre\n          <span class=\"wpcf7-form-control-wrap\" data-name=\"nombre\"><input size=\"40\" maxlength=\"400\" class=\"wpcf7-form-control wpcf7-text wpcf7-validates-as-required\" aria-required=\"true\" aria-invalid=\"false\" placeholder=\"Tu nombre\" value=\"\" type=\"text\" name=\"nombre\" \/><\/span>\n      <\/label>\n      <label> Apellidos\n          <span class=\"wpcf7-form-control-wrap\" data-name=\"apellidos\"><input size=\"40\" maxlength=\"400\" class=\"wpcf7-form-control wpcf7-text wpcf7-validates-as-required\" aria-required=\"true\" aria-invalid=\"false\" placeholder=\"Tus apellidos\" value=\"\" type=\"text\" name=\"apellidos\" \/><\/span>\n      <\/label>\n  <\/div>\n\n  <div class=\"form-row\">\n      <label> Email de empresa\n          <span class=\"wpcf7-form-control-wrap\" data-name=\"your-email\"><input size=\"40\" maxlength=\"400\" class=\"wpcf7-form-control wpcf7-email wpcf7-validates-as-required wpcf7-text wpcf7-validates-as-email\" aria-required=\"true\" aria-invalid=\"false\" placeholder=\"nombre@empresa.com\" value=\"\" type=\"email\" name=\"your-email\" \/><\/span>\n      <\/label>\n      <label> Tel\u00e9fono\n          <span class=\"wpcf7-form-control-wrap\" data-name=\"telefono\"><input size=\"40\" maxlength=\"400\" class=\"wpcf7-form-control wpcf7-tel wpcf7-validates-as-required wpcf7-text wpcf7-validates-as-tel\" aria-required=\"true\" aria-invalid=\"false\" placeholder=\"+34 600 000 000\" value=\"\" type=\"tel\" name=\"telefono\" \/><\/span>\n      <\/label>\n  <\/div>\n\n  <div class=\"form-row\">\n      <label> Rol\n          <span class=\"wpcf7-form-control-wrap\" data-name=\"rol\"><select class=\"wpcf7-form-control wpcf7-select wpcf7-validates-as-required\" aria-required=\"true\" aria-invalid=\"false\" name=\"rol\"><option value=\"Selecciona tu rol\">Selecciona tu rol<\/option><option value=\"CEO \/ Director General\">CEO \/ Director General<\/option><option value=\"Director de RRHH\">Director de RRHH<\/option><option value=\"Manager \/ Gerente\">Manager \/ Gerente<\/option><option value=\"Otro\">Otro<\/option><\/select><\/span>\n      <\/label>\n      <label> N\u00famero de empleados\n          <span class=\"wpcf7-form-control-wrap\" data-name=\"empleados\"><select class=\"wpcf7-form-control wpcf7-select wpcf7-validates-as-required\" aria-required=\"true\" aria-invalid=\"false\" name=\"empleados\"><option value=\"Selecciona el tama\u00f1o\">Selecciona el tama\u00f1o<\/option><option value=\"1-10 empleados\">1-10 empleados<\/option><option value=\"11-50 empleados\">11-50 empleados<\/option><option value=\"51-200 empleados\">51-200 empleados<\/option><option value=\"201-500 empleados\">201-500 empleados<\/option><option value=\"M\u00e1s de 500 empleados\">M\u00e1s de 500 empleados<\/option><\/select><\/span>\n      <\/label>\n  <\/div>\n\n  <div class=\"form-group-checkbox\">\n      <span class=\"wpcf7-form-control-wrap\" data-name=\"acepto-condiciones\"><span class=\"wpcf7-form-control wpcf7-acceptance\"><span class=\"wpcf7-list-item\"><input type=\"checkbox\" name=\"acepto-condiciones\" value=\"1\" aria-invalid=\"false\" \/><\/span><\/span><\/span> Acepto las &nbsp; <a href=\"\/condiciones-de-uso\" target=\"_blank\"> condiciones de uso <\/a> &nbsp; y la &nbsp; <a href=\"\/politica-privacidad\"\n  target=\"_blank\"> pol\u00edtica de privacidad <\/a>\n  <\/div>\n\n  <input class=\"wpcf7-form-control wpcf7-submit has-spinner submit-button\" type=\"submit\" value=\"Descargar caso de \u00e9xito\" \/><div class=\"wpcf7-response-output\" aria-hidden=\"true\"><\/div>\n<\/form>\n<\/div>\n<\/div>\n                <\/div>\n                <div class=\"case-study__stats\"><div class=\"case-study__stat\"><span class=\"case-study__stat-number\">1000<\/span> <span class=\"case-study__stat-text\">managers formados para 2026<\/span><\/div><div class=\"case-study__stat\"><span class=\"case-study__stat-number\">228<\/span> <span class=\"case-study__stat-text\">conversaciones evaluadas durante el piloto<\/span><\/div><div class=\"case-study__stat\"><span class=\"case-study__stat-number\">300<\/span> <span class=\"case-study__stat-text\">mandos intermedios formados en el Q1 de 2026<\/span><\/div><div class=\"case-study__stat\"><span class=\"case-study__stat-number\">9<\/span> <span class=\"case-study__stat-text\">escenarios de LeIA personalizados para Eroski<\/span><\/div><\/div>\n            <\/div>\n        <\/div>\n    <\/div>\n<\/div>","protected":false},"excerpt":{"rendered":"","protected":false},"author":4,"featured_media":7071,"parent":0,"menu_order":0,"comment_status":"closed","ping_status":"closed","template":"","meta":{"footnotes":""},"class_list":["post-7053","page","type-page","status-publish","has-post-thumbnail","hentry"],"aioseo_notices":[],"_links":{"self":[{"href":"https:\/\/www.mentiness.com\/es\/wp-json\/wp\/v2\/pages\/7053","targetHints":{"allow":["GET"]}}],"collection":[{"href":"https:\/\/www.mentiness.com\/es\/wp-json\/wp\/v2\/pages"}],"about":[{"href":"https:\/\/www.mentiness.com\/es\/wp-json\/wp\/v2\/types\/page"}],"author":[{"embeddable":true,"href":"https:\/\/www.mentiness.com\/es\/wp-json\/wp\/v2\/users\/4"}],"replies":[{"embeddable":true,"href":"https:\/\/www.mentiness.com\/es\/wp-json\/wp\/v2\/comments?post=7053"}],"version-history":[{"count":10,"href":"https:\/\/www.mentiness.com\/es\/wp-json\/wp\/v2\/pages\/7053\/revisions"}],"predecessor-version":[{"id":7075,"href":"https:\/\/www.mentiness.com\/es\/wp-json\/wp\/v2\/pages\/7053\/revisions\/7075"}],"wp:featuredmedia":[{"embeddable":true,"href":"https:\/\/www.mentiness.com\/es\/wp-json\/wp\/v2\/media\/7071"}],"wp:attachment":[{"href":"https:\/\/www.mentiness.com\/es\/wp-json\/wp\/v2\/media?parent=7053"}],"curies":[{"name":"wp","href":"https:\/\/api.w.org\/{rel}","templated":true}]}}